{"id":2432,"date":"2024-10-07T08:06:47","date_gmt":"2024-10-07T08:06:47","guid":{"rendered":"https:\/\/cyberlanca.com\/?post_type=product&#038;p=2432"},"modified":"2024-10-07T19:13:19","modified_gmt":"2024-10-07T19:13:19","slug":"add-google-reviews","status":"publish","type":"product","link":"https:\/\/cyberlanca.com\/pt\/produit\/adicionar-avaliacoes-do-google\/","title":{"rendered":"Adicionar avalia\u00e7\u00f5es do Google"},"content":{"rendered":"<p>Como parte de nossas intera\u00e7\u00f5es com sua empresa, podemos adicionar avalia\u00e7\u00f5es positivas \u00e0 sua empresa! Google<em> avalia\u00e7\u00f5es<\/em>\u00a0s\u00e3o uma maneira r\u00e1pida de criar confian\u00e7a no seu neg\u00f3cio.<\/p>\n<h3 id=\"heading-getting-positive-response\" class=\"permalink-heading\"><strong>Obtendo resposta positiva<\/strong><\/h3>\n<p>Um bom n\u00famero de<strong> Avalia\u00e7\u00f5es do Google<\/strong> na sua conta far\u00e1 com que seus clientes comecem a considerar seu neg\u00f3cio de forma muito positiva. Eles come\u00e7ar\u00e3o a responder mais a cada postagem sua. Isso ser\u00e1 muito \u00fatil para sua marca ou neg\u00f3cio. Se algum cliente der uma avalia\u00e7\u00e3o ruim, voc\u00ea tem que falar educadamente para que os outros clientes tenham uma no\u00e7\u00e3o positiva do seu comportamento. Use o nome quando responder a qualquer avalia\u00e7\u00e3o do Google. Sempre mencione seu outro produto relacionado e a oferta futura.<\/p>\n<h3 id=\"heading-growing-customers-within-a-small-time\" class=\"permalink-heading\"><strong>Aumentando clientes em pouco tempo<\/strong><\/h3>\n<p>Al\u00e9m disso, ao comprar\u00a0<strong>Avalia\u00e7\u00f5es do Google,<\/strong> voc\u00ea pode impulsionar seus clientes em um curto espa\u00e7o de tempo. Ent\u00e3o, esse procedimento \u00e9 extremamente eficiente. Particularmente, \u00e9 uma b\u00ean\u00e7\u00e3o not\u00e1vel para detentores de neg\u00f3cios de e-mail. \u00c9 uma raz\u00e3o pela qual voc\u00ea compraria avalia\u00e7\u00f5es do Google.<\/p>\n<h3 id=\"heading-the-appearance-of-a-new-community\" class=\"permalink-heading\"><strong>O surgimento de uma nova comunidade<\/strong><\/h3>\n<p>Por causa disso, uma comunidade interessada recente aparecer\u00e1. Eles tamb\u00e9m adicionar\u00e3o ao seu neg\u00f3cio. Portanto, clientes antigos fazem clientes. Em um procedimento semelhante, grandes empresas impulsionam seus clientes. Ent\u00e3o, definitivamente funcionar\u00e1 para sua marca tamb\u00e9m. Um bom n\u00famero de avalia\u00e7\u00f5es positivas do Google contribuir\u00e1 notavelmente para fazer com que seu neg\u00f3cio alcance o dobro<\/p>\n<h3 id=\"heading-quick-development-from-the-primary-stage-of-business\" class=\"permalink-heading\"><strong>Desenvolvimento r\u00e1pido desde o est\u00e1gio prim\u00e1rio do neg\u00f3cio<\/strong><\/h3>\n<p>Se o seu neg\u00f3cio \u00e9 novo e voc\u00ea vai esperar que seus clientes ofere\u00e7am uma avalia\u00e7\u00e3o real da sua conta, ent\u00e3o \u00e9 realmente dif\u00edcil ver seu neg\u00f3cio na fila dos estabelecidos. Porque, no Corporate Globe, tempo \u00e9 dinheiro, ent\u00e3o n\u00e3o \u00e9 um plano inteligente.<\/p>\n<h3 id=\"heading-to-hold-the-competitive-marketplace\" class=\"permalink-heading\"><strong>Para manter o mercado competitivo:<\/strong><\/h3>\n<p>Mais uma vez, o mercado est\u00e1 ficando extremamente competitivo diariamente. Ent\u00e3o voc\u00ea tem que ficar \u00e0 frente de todos os outros concorrentes. As coisas v\u00e3o ser mais dif\u00edceis se voc\u00ea come\u00e7ou agora. Ent\u00e3o, voc\u00ea tem que seguir alguns atalhos para chegar mais perto de seus oponentes que j\u00e1 come\u00e7aram h\u00e1 muito tempo. Para\u00a0<strong>comprar avalia\u00e7\u00f5es do Google<\/strong>\u00a0pode ser um dos melhores atalhos.<\/p>\n<h3 id=\"heading-adopt-the-internet-marketing-strategy\" class=\"permalink-heading\"><strong>Adote a estrat\u00e9gia de marketing na Internet<\/strong><\/h3>\n<p>Do offline, agora as empresas est\u00e3o regularmente entrando no online. Ent\u00e3o, os planos de publicidade tamb\u00e9m est\u00e3o mudando. Um plano que era eficaz h\u00e1 uma d\u00e9cada pode n\u00e3o ser mais eficiente agora. Agora voc\u00ea tem que usar um plano avan\u00e7ado que fique online. Voc\u00ea tem que fazer seus clientes em todas as plataformas poss\u00edveis da internet. Se voc\u00ea \u00e9 um usu\u00e1rio do Google, ent\u00e3o voc\u00ea pode fazer um grande n\u00famero de clientes tamb\u00e9m daqui. Comprando <strong>Avalia\u00e7\u00f5es do Google<\/strong> pode ser um dos melhores planos. \u00c9 uma maneira inteligente de impulsionar seus clientes.<\/p>\n<p>&nbsp;<\/p>","protected":false},"excerpt":{"rendered":"As part of our interations with your company we can add positive reviews to your Company! Google reviews\u00a0are a quick way to build trust in your business. Getting Positive Response A fine number of Google reviews in your account will make your clients start to consider your business very positively. They\u2019ll start to respond more&#8230;","protected":false},"featured_media":2461,"comment_status":"open","ping_status":"closed","template":"","meta":{"_monsterinsights_skip_tracking":false,"_monsterinsights_sitenote_active":false,"_monsterinsights_sitenote_note":"","_monsterinsights_sitenote_category":0,"_FSMCFIC_featured_image_caption":"","_FSMCFIC_featured_image_nocaption":"","_FSMCFIC_featured_image_hide":""},"product_cat":[],"product_tag":[],"class_list":{"0":"post-2432","1":"product","2":"type-product","3":"status-publish","4":"has-post-thumbnail","7":"first","8":"instock","9":"sold-individually","10":"shipping-taxable","11":"purchasable","12":"product-type-variable","13":"has-default-attributes","14":"add-to-wishlist-after_add_to_cart"},"aioseo_notices":[],"jetpack_sharing_enabled":true,"tiered_pricing_type":"fixed","tiered_pricing_fixed_rules":[],"tiered_pricing_product_settings":{"layout":"default","base_unit_name":{"singular":null,"plural":null},"default_variation":null},"tiered_pricing_minimum_quantity":null,"tiered_pricing_roles_data":[],"tiered_pricing_percentage_rules":[],"tiered_pricing_maximum_quantity":null,"tiered_pricing_quantity_step":null,"_links":{"self":[{"href":"https:\/\/cyberlanca.com\/pt\/wp-json\/wp\/v2\/product\/2432","targetHints":{"allow":["GET"]}}],"collection":[{"href":"https:\/\/cyberlanca.com\/pt\/wp-json\/wp\/v2\/product"}],"about":[{"href":"https:\/\/cyberlanca.com\/pt\/wp-json\/wp\/v2\/types\/product"}],"replies":[{"embeddable":true,"href":"https:\/\/cyberlanca.com\/pt\/wp-json\/wp\/v2\/comments?post=2432"}],"wp:featuredmedia":[{"embeddable":true,"href":"https:\/\/cyberlanca.com\/pt\/wp-json\/wp\/v2\/media\/2461"}],"wp:attachment":[{"href":"https:\/\/cyberlanca.com\/pt\/wp-json\/wp\/v2\/media?parent=2432"}],"wp:term":[{"taxonomy":"product_cat","embeddable":true,"href":"https:\/\/cyberlanca.com\/pt\/wp-json\/wp\/v2\/product_cat?post=2432"},{"taxonomy":"product_tag","embeddable":true,"href":"https:\/\/cyberlanca.com\/pt\/wp-json\/wp\/v2\/product_tag?post=2432"}],"curies":[{"name":"wp","href":"https:\/\/api.w.org\/{rel}","templated":true}]}}