{"id":4185,"date":"2025-08-30T21:15:18","date_gmt":"2025-08-30T21:15:18","guid":{"rendered":"https:\/\/cyberlanca.com\/?page_id=4185"},"modified":"2026-01-24T16:48:04","modified_gmt":"2026-01-24T16:48:04","slug":"email-marketing","status":"publish","type":"page","link":"https:\/\/cyberlanca.com\/pt\/marketing-por-e-mail\/","title":{"rendered":"Marketing por e-mail"},"content":{"rendered":"<ul class=\"wp-block-list\"><li><a href=\"https:\/\/cyberlanca.com\/reseaux-sociaux\/\">Publicit\u00e9 sur notre plateforme<\/a><\/li>\n\n<li><a href=\"https:\/\/cyberlanca.com\/reseaux-sociaux\/\">Publicit\u00e9 sur les m\u00e9dias sociaux<\/a><\/li>\n\n<li><a href=\"https:\/\/cyberlanca.com\/devis-quote\/\" title=\"\">Site Web et pages de destination<\/a><\/li>\n\n<li><a href=\"https:\/\/cyberlanca.com\/pricing\">D\u00e9veloppement d&#8217;applications<\/a><\/li>\n\n<li><a href=\"https:\/\/cyberlanca.com\/google-ads-marketing\/\">Marketing publicitaire Google<\/a><\/li>\n\n<li><a href=\"https:\/\/cyberlanca.com\/email-marketing\/\">Marketing par e-mail<\/a><\/li>\n\n<li><a href=\"https:\/\/cyberlanca.com\/redaction-de-textes\/\" title=\"https:\/\/cyberlanca.com\/prospection\/\">Prospec\u00e7\u00e3o<\/a><\/li><\/ul><p>Obtenha lucro com suas listas de clientes ou inscri\u00e7\u00f5es em um boletim informativo<\/p><h5 class=\"wp-block-heading\">Saiba mais&nbsp;<\/h5><h2 class=\"wp-block-heading\">Marketing por e-mail<\/h2><figure class=\"wp-block-image\"><img decoding=\"async\" src=\"https:\/\/www.publimats.be\/wp-content\/uploads\/list.svg\" alt=\"\" class=\"wp-image-35570\"\/><\/figure><p>Rentabilisez vos listes<\/p><figure class=\"wp-block-image\"><img decoding=\"async\" src=\"https:\/\/www.publimats.be\/wp-content\/uploads\/email_design.svg\" alt=\"\" class=\"wp-image-35568\"\/><\/figure><p>Os e-mails com conte\u00fado profissional<\/p><figure class=\"wp-block-image\"><img decoding=\"async\" src=\"https:\/\/www.publimats.be\/wp-content\/uploads\/rate.svg\" alt=\"\" class=\"wp-image-35569\"\/><\/figure><p>Otimiza\u00e7\u00e3o para melhores taxas de abertura<\/p><h4 class=\"wp-block-heading\">L&#039;email n&#039;est pas mort<\/h4><p>Il faut se render \u00e0 l&#039;evidence: le taux d&#039;ouverture des e-mails n\u00e3o \u00e9 mais do que qu&#039;il \u00e9tait \u00e0 leur \u00e2ge d&#039;or.<br>Na verdade, nos anos 90, n\u00e3o foi raro obter a taxa de abertura com o 80%. De hoje em dia, uma taux d&#039;ouverture au-dessus de 20% \u00e9 considerada como muito boa.<\/p><p><strong>Cela ne veut cependant pas dire que o e-mail est\u00e1 morto. Lombo de l\u00e1!<\/strong><br>Este \u00e9 um canal que n\u00e3o \u00e9 negligente, mas \u00e9 apenas um bom mercado para tocar seus potenciais clientes e realizar vendas.<\/p><p>Todos os e-mails n\u00e3o ser\u00e3o v\u00e1lidos. A falha do seu e-mail&nbsp;<strong>t\u00e3o bem concebido e que ser\u00e1 enviado a um p\u00fablico \u00ab opt-in \u00bb<\/strong>, \u00e9 um p\u00fablico que ser\u00e1 inscrito voluntariamente para receber seus e-mails. Esta \u00e9 a \u00fanica maneira de obter bons resultados e ser regido pela lei.<\/p><h4 class=\"wp-block-heading\">Concep\u00e7\u00e3o de e-mails em modo responsivo<\/h4><p>De hoje em dia, muitas pessoas consultam seus e-mails em seus smartphones.<br>Voc\u00ea precisa fazer com que seu e-mail seja feito de maneira a usar um adaptador para toda a tela, que seja um smartphone, um tablet ou um computador.<\/p><p>Todos os e-mails que enviamos foram recebidos no modo responsivo, eles s\u00e3o adaptados automaticamente \u00e0 tela no local em que foram visualizados. Isso permite que voc\u00ea ofere\u00e7a uma melhor experi\u00eancia de uso, o que proporciona melhores taxas de convers\u00e3o.<\/p><h4 class=\"wp-block-heading\">Ce que notre service inclut<\/h4><p>N\u00f3s nos encarregamos de enviar sua p\u00e1gina de e-mail para profissionais e envi\u00e1-lo para sua lista de endere\u00e7os.<br>Usamos aplicativos em nossa pr\u00f3pria estrat\u00e9gia \u00abmaison\u00bb para otimizar a taxa de abertura de seu e-mail.<\/p><p>N\u00e3o \u00e9 raro que n\u00f3s atteignions des taux d&#039;ouverture 50% a 100% superiores para que voc\u00ea possa atend\u00ea-lo por voc\u00ea mesmo!<\/p><p>Podemos tamb\u00e9m carregar a reda\u00e7\u00e3o do seu e-mail (opcional).<\/p><p><a href=\"https:\/\/cyberlanca.com\/devis-quote\" title=\"\">Demander Une Offre Personnalis\u00e9e<\/a><\/p><p><\/p>","protected":false},"excerpt":{"rendered":"Mettez \u00e0 profit vos listes de clients ou d\u2019inscrits \u00e0 une newsletter En savoir plus&nbsp; Email Marketing Rentabilisez vos listes Des emails con\u00e7us de mani\u00e8re professionnelle Optimisation pour de meilleurs taux d\u2019ouverture L\u2019email n\u2019est pas mort Il faut se rendre \u00e0 l\u2019\u00e9vidence: le taux d\u2019ouverture des emails n\u2019est plus ce qu\u2019il \u00e9tait \u00e0 leur \u00e2ge&#8230;","protected":false},"author":1,"featured_media":0,"parent":0,"menu_order":0,"comment_status":"closed","ping_status":"closed","template":"","meta":{"_monsterinsights_skip_tracking":false,"_monsterinsights_sitenote_active":false,"_monsterinsights_sitenote_note":"","_monsterinsights_sitenote_category":0,"_FSMCFIC_featured_image_caption":"","_FSMCFIC_featured_image_nocaption":"","_FSMCFIC_featured_image_hide":"","_bodyClasses":"","_disableContainer":false,"_hidePageHeader":false,"_headerStyle":"","_isCustomHeader":false,"_headerStaticContentID":0,"_isCustomFooter":false,"_footerStaticContentId":0,"footnotes":""},"class_list":["post-4185","page","type-page","status-publish","hentry"],"aioseo_notices":[],"jetpack_sharing_enabled":true,"_links":{"self":[{"href":"https:\/\/cyberlanca.com\/pt\/wp-json\/wp\/v2\/pages\/4185","targetHints":{"allow":["GET"]}}],"collection":[{"href":"https:\/\/cyberlanca.com\/pt\/wp-json\/wp\/v2\/pages"}],"about":[{"href":"https:\/\/cyberlanca.com\/pt\/wp-json\/wp\/v2\/types\/page"}],"author":[{"embeddable":true,"href":"https:\/\/cyberlanca.com\/pt\/wp-json\/wp\/v2\/users\/1"}],"replies":[{"embeddable":true,"href":"https:\/\/cyberlanca.com\/pt\/wp-json\/wp\/v2\/comments?post=4185"}],"version-history":[{"count":4,"href":"https:\/\/cyberlanca.com\/pt\/wp-json\/wp\/v2\/pages\/4185\/revisions"}],"predecessor-version":[{"id":4528,"href":"https:\/\/cyberlanca.com\/pt\/wp-json\/wp\/v2\/pages\/4185\/revisions\/4528"}],"wp:attachment":[{"href":"https:\/\/cyberlanca.com\/pt\/wp-json\/wp\/v2\/media?parent=4185"}],"curies":[{"name":"wp","href":"https:\/\/api.w.org\/{rel}","templated":true}]}}