{"id":4163,"date":"2025-08-29T15:40:55","date_gmt":"2025-08-29T15:40:55","guid":{"rendered":"https:\/\/cyberlanca.com\/?page_id=4163"},"modified":"2025-09-13T20:43:55","modified_gmt":"2025-09-13T20:43:55","slug":"social-direct","status":"publish","type":"page","link":"https:\/\/cyberlanca.com\/pt\/direto-social\/","title":{"rendered":"Direto social"},"content":{"rendered":"<p><strong><span style=\"color: #ffffff; background-color: #8c33da;\" class=\"czgb-highlight\">Vendas e Prospec\u00e7\u00e3o<br>Gere leads qualificados<br>Aumente suas vendas<br>Aproveite melhor seu or\u00e7amento com testes A\/B.<br>Campanhas para resultados imediatos<\/span><\/strong><br>Deseja gerar leads, vendas ou aumentar o tr\u00e1fego do seu site? Nesse caso, considere nossas campanhas de Social Direct.<br><br>\u00c9 a solu\u00e7\u00e3o perfeita para obter os melhores resultados poss\u00edveis dentro de um or\u00e7amento determinado.<br><br>Aten\u00e7\u00e3o: se voc\u00ea prefere conte\u00fado variado para construir uma comunidade em torno da sua marca, ent\u00e3o opte pelas nossas campanhas de Branding Social. As campanhas de Social Direct s\u00e3o realmente focadas em resultados, n\u00e3o em desenvolvimento de marca.<br><br><strong><span style=\"color: #ffffff; background-color: #8c33da;\" class=\"czgb-highlight\">Todo o poder dos testes A\/B ao servi\u00e7o dos seus an\u00fancios.<\/span><\/strong><br>Ningu\u00e9m consegue prever o futuro. Portanto, \u00e9 muito complicado saber de antem\u00e3o se um an\u00fancio ter\u00e1 sucesso nas redes sociais.<br>Para evitar ter que prever o futuro, utilizamos testes A\/B.<br><br>O princ\u00edpio \u00e9 simples: criamos v\u00e1rios an\u00fancios que competem entre si. Ap\u00f3s analisar os resultados, os an\u00fancios &quot;perdedores&quot; s\u00e3o removidos para dar lugar aos an\u00fancios &quot;vencedores&quot;.<br><br>Dessa forma, multiplicamos as chances de obter os melhores resultados poss\u00edveis!<br><br><strong><span style=\"color: #ffffff; background-color: #8c33da;\" class=\"czgb-highlight\">Conte\u00fado personalizado<\/span><\/strong><br>Nossos gestores de comunidade adaptam seu estilo editorial para estar em conson\u00e2ncia com a pol\u00edtica editorial da sua empresa.<br><br>Se voc\u00ea n\u00e3o tem uma diretriz editorial, n\u00e3o se preocupe! N\u00f3s definimos juntos o estilo editorial adequado com base na imagem que voc\u00ea deseja associar \u00e0 sua empresa.<br><br>S\u00e9rio e profissional, profissional, mas descontra\u00eddo, bem-humorado, inspirador\u2026 Voc\u00ea escolhe, n\u00f3s nos adaptamos!<br><br><strong><span style=\"color: #ffffff; background-color: #8c33da;\" class=\"czgb-highlight\">Alvo ultrapreciso<\/span><\/strong><br>No que diz respeito \u00e0s campanhas de Branding, temos a possibilidade de segmentar o seu p\u00fablico-alvo de forma muito precisa:<br><br>Crit\u00e9rios geogr\u00e1ficos<br><br>Crit\u00e9rios demogr\u00e1ficos<br><br>Interesses<br><br>Comportamento dos visitantes no seu site<\/p><p>Perfis semelhantes aos seus clientes atuais<\/p><p>Se voc\u00ea vende online, podemos segmentar pessoas que adicionaram um item ao carrinho, mas n\u00e3o conclu\u00edram a compra. \u00c9 isso que a Amazon, o Booking e outros gigantes das vendas online fazem, por exemplo!<\/p><p>Voc\u00ea prefere atrair mais clientes potenciais? Podemos segmentar perfis semelhantes aos seus clientes atuais!<\/p><p><strong>As possibilidades s\u00e3o infinitas e limitadas apenas pela nossa imagina\u00e7\u00e3o.<\/strong><\/p><p><strong><span style=\"color: #ffffff; background-color: #8c33da;\" class=\"czgb-highlight\">As redes sociais que usamos<\/span><\/strong><br>No que diz respeito \u00e0s campanhas de branding, as estrat\u00e9gias que lhe proporemos depender\u00e3o dos seus objetivos de neg\u00f3cio.<\/p><p>Nossa especializa\u00e7\u00e3o e vasta experi\u00eancia em campanhas no Facebook, Instagram e LinkedIn nos permitem alcan\u00e7ar excelentes resultados, como voc\u00ea pode conferir na se\u00e7\u00e3o &quot;nossos trabalhos&quot; deste site.<\/p><p>Uma coisa \u00e9 certa: trabalho n\u00e3o lhe faltar\u00e1!<\/p><ul class=\"wp-block-list\"><li><span style=\"color: #f34770;\" class=\"czgb-highlight\">Nossa forma de trabalhar<\/span><\/li><\/ul><p><span style=\"color: #ffffff; background-color: #8c33da;\" class=\"czgb-highlight\">Receba um fluxo constante de clientes potenciais qualificados.<br>Uma verdadeira m\u00e1quina de prospec\u00e7\u00e3o<\/span><br>N\u00f3s criamos o seu <strong>Campanhas personalizadas.<\/strong><\/p><p>Isso significa que os clientes potenciais que voc\u00ea recebe s\u00e3o produzidos. <strong>EXCLUSIVAMENTE para a sua empresa<\/strong> e n\u00e3o s\u00e3o revendidas aos seus concorrentes, como pode acontecer em muitas f\u00f3rmulas\u2026<\/p><p>Todo m\u00eas, <strong>Voc\u00ea decide o or\u00e7amento.<\/strong> Voc\u00ea deseja alocar para suas campanhas.<\/p><p>Voc\u00ea quer <strong>aumente sua receita<\/strong> em um determinado m\u00eas?<br>Voc\u00ea precisa de <strong>mais perspectivas<\/strong>?<\/p><p>Sem problema! Basta aumentar o or\u00e7amento destinado \u00e0s campanhas.<\/p><p><strong>Campanhas de marketing personalizadas<br>Leads de produtos exclusivos para sua empresa<br>Gerencie facilmente o or\u00e7amento alocado para gera\u00e7\u00e3o de leads m\u00eas a m\u00eas.<br>GARANTIA DE LEADS 100%.<\/strong><\/p><p><br><span style=\"color: #ffffff; background-color: #8c33da;\" class=\"czgb-highlight\">Estrat\u00e9gia<\/span><br>Determinamos o melhor p\u00fablico-alvo, aconselhamos sobre as ofertas a destacar, definimos as propostas de valor a apoiar, \u2026<\/p><p><span style=\"color: #ffffff; background-color: #8c33da;\" class=\"czgb-highlight\">Gest\u00e3o de campanhas<\/span><br>N\u00f3s cuidamos de tudo: cria\u00e7\u00e3o de campanhas, rastreamento de convers\u00f5es, pagina\u00e7\u00e3o, layout visual e reda\u00e7\u00e3o publicit\u00e1ria. <\/p><p>Basta baixar seus leads.<\/p><p>Receba um or\u00e7amento gratuito deixando seus dados abaixo.<\/p><p>Solicite um or\u00e7amento<\/p><p><span style=\"color: #f34770;\" class=\"czgb-highlight\"><a href=\"https:\/\/cyberlanca.com\/devis-quote\" title=\"\">Solicite uma oferta personalizada<\/a><\/span><\/p>","protected":false},"excerpt":{"rendered":"Sales &amp; ProspectsGenerate qualified prospectsAchieve more salesGet more out of your budget with A\/B testingCampaigns for immediate resultsDo you want to generate leads, sales or get more traffic on your website? Orient yourself in this case to our Social Direct campaigns. It is the perfect solution to obtain the best possible results for a given&#8230;","protected":false},"author":1,"featured_media":0,"parent":0,"menu_order":0,"comment_status":"closed","ping_status":"closed","template":"","meta":{"_monsterinsights_skip_tracking":false,"_monsterinsights_sitenote_active":false,"_monsterinsights_sitenote_note":"","_monsterinsights_sitenote_category":0,"_FSMCFIC_featured_image_caption":"","_FSMCFIC_featured_image_nocaption":"","_FSMCFIC_featured_image_hide":"","_bodyClasses":"","_disableContainer":false,"_hidePageHeader":false,"_headerStyle":"","_isCustomHeader":false,"_headerStaticContentID":0,"_isCustomFooter":false,"_footerStaticContentId":0,"footnotes":""},"class_list":["post-4163","page","type-page","status-publish","hentry"],"aioseo_notices":[],"jetpack_sharing_enabled":true,"_links":{"self":[{"href":"https:\/\/cyberlanca.com\/pt\/wp-json\/wp\/v2\/pages\/4163","targetHints":{"allow":["GET"]}}],"collection":[{"href":"https:\/\/cyberlanca.com\/pt\/wp-json\/wp\/v2\/pages"}],"about":[{"href":"https:\/\/cyberlanca.com\/pt\/wp-json\/wp\/v2\/types\/page"}],"author":[{"embeddable":true,"href":"https:\/\/cyberlanca.com\/pt\/wp-json\/wp\/v2\/users\/1"}],"replies":[{"embeddable":true,"href":"https:\/\/cyberlanca.com\/pt\/wp-json\/wp\/v2\/comments?post=4163"}],"version-history":[{"count":5,"href":"https:\/\/cyberlanca.com\/pt\/wp-json\/wp\/v2\/pages\/4163\/revisions"}],"predecessor-version":[{"id":4242,"href":"https:\/\/cyberlanca.com\/pt\/wp-json\/wp\/v2\/pages\/4163\/revisions\/4242"}],"wp:attachment":[{"href":"https:\/\/cyberlanca.com\/pt\/wp-json\/wp\/v2\/media?parent=4163"}],"curies":[{"name":"wp","href":"https:\/\/api.w.org\/{rel}","templated":true}]}}