{"id":4156,"date":"2025-08-28T06:26:41","date_gmt":"2025-08-28T06:26:41","guid":{"rendered":"https:\/\/cyberlanca.com\/?page_id=4156"},"modified":"2026-01-24T17:28:28","modified_gmt":"2026-01-24T17:28:28","slug":"reseaux-sociaux","status":"publish","type":"page","link":"https:\/\/cyberlanca.com\/pt\/redes-sociais\/","title":{"rendered":"Redes Sociais"},"content":{"rendered":"<ul class=\"wp-block-list\"><li><a href=\"https:\/\/cyberlanca.com\/reseaux-sociaux\/\">Advertising on our platform<\/a><\/li>\n\n<li><a href=\"https:\/\/cyberlanca.com\/reseaux-sociaux\/\">Advertising on Soial media<\/a><\/li>\n\n<li><a href=\"https:\/\/cyberlanca.com\/redaction-de-textes\/\">Redaction de blog, ebooks, mails<\/a><\/li>\n\n<li><a href=\"https:\/\/ai.siteweb.world\/\">Site Web &amp; Landig Pages<\/a><\/li>\n\n<li><a href=\"https:\/\/cyberlanca.com\/pricing\">Development of Application<\/a><\/li>\n\n<li><a href=\"https:\/\/cyberlanca.com\/google-ads-marketing\/\">Marketing de an\u00fancios do Google<\/a><\/li>\n\n<li><a href=\"https:\/\/cyberlanca.com\/email-marketing\/\">Marketing por e-mail<\/a><\/li>\n\n<li><a href=\"https:\/\/cyberlanca.com\/redaction-de-textes\/\">P<\/a><a href=\"https:\/\/cyberlanca.com\/prospection\/\" title=\"\">rospection<\/a><\/li><\/ul><p>As campanhas cibl\u00e9es nas redes sociais<\/p><p>Facebook \u2013 Instagram \u2013 TikTok \u2013 Snapchat \u2013 Linkedin<\/p><p><mark style=\"background-color:rgba(0, 0, 0, 0)\" class=\"has-inline-color has-danger-color\">+ BRANDING &amp; NOTORI\u00c9T\u00c9+ VENTES &amp; PERSPECTIVAS<\/mark><\/p><h5 class=\"wp-block-heading\"><strong>Branding e Notori\u00e9t\u00e9<\/strong><\/h5><h2 class=\"wp-block-heading\"><strong>Marca social<\/strong><\/h2><h4 class=\"wp-block-heading\"><strong>Gagnez en notori\u00e9t\u00e9<\/strong><\/h4><h4 class=\"wp-block-heading\"><strong>Restez no esp\u00edrito do consumidor<\/strong><\/h4><h4 class=\"wp-block-heading\"><strong>Associar sentimentos espec\u00edficos \u00e0 sua marca<\/strong><\/h4><h4 class=\"wp-block-heading\"><strong>Il n&#039;a jamais foi t\u00e3o f\u00e1cil de compartilhar ideias<\/strong><\/h4><p>Em alguns cliques, as pessoas s\u00e3o capazes de compartilhar com todos os seus contatos, as fotos do seu cotidiano, os artigos que encontram interessantes, al\u00e9m do conte\u00fado proveniente de suas marcas preferidas.<\/p><p>Esta representa uma bela oportunidade para as empresas ganharem visibilidade e ativarem aquele \u00abbouche \u00e0 oreille virtual\u00bb que representa as redes sociais. Uma boa gest\u00e3o de redes sociais \u00e9 primordial.<\/p><p>Atrav\u00e9s do micro-conte\u00fado variado e criado especificamente para corresponder ao seu p\u00fablico, ampliamos a notoriedade de sua marca.<\/p><p><strong>Resultado:<\/strong> atrav\u00e9s de uma gest\u00e3o de redes sociais otimizada, al\u00e9m de pessoas que voc\u00ea conhece e pensa que voc\u00ea, quando lesque&#039;ils, doivent passer \u00e0 l&#039;achat!<\/p><h4 class=\"wp-block-heading\"><strong>Descanse no esp\u00edrito de seus clientes potenciais<\/strong><\/h4><p>No ambiente ultraconcorrente atual, voc\u00ea deve lutar para ganhar seu lugar no esp\u00edrito dos consumidores. Ele \u00e9 essencial para produzir um fluxo de conte\u00fado regulamentado, e isso, ao longo do ano.<\/p><p>\u00c9 exatamente isso que \u00e9 nosso servi\u00e7o de Social Branding.<br>N\u00f3s criamos cada semana de conte\u00fado para o difusor em suas redes sociais:<\/p><p>Apresenta\u00e7\u00e3o de seus produtos\/servi\u00e7os<\/p><p>Eventos<\/p><p>Mise en avant des valeurs de l&#039;entreprise<\/p><p>Vantagens concorrentes<\/p><p>Concurso<\/p><h4 class=\"wp-block-heading\"><strong>Uma gest\u00e3o de redes sociais sob medida<\/strong><\/h4><p>Nossos gerentes de comunidade adaptam seu estilo de reda\u00e7\u00e3o para corresponder \u00e0 tabela editorial de sua empresa.<\/p><p>Se voc\u00ea n\u00e3o tiver pas de charte editoriale, pas de p\u00e2nico! N\u00f3s estabelecemos um estilo de edi\u00e7\u00e3o apropriado baseado na imagem que voc\u00ea deseja associar \u00e0 sua empresa e de acordo com as redes sociais escolhidas: uma publicidade no Facebook n\u00e3o deve ser concebida da mesma maneira que uma publicidade no Instagram.<\/p><p>Estilo s\u00e9rieux e profissional, profissional mais d\u00e9tendu, humor\u00edstico, inspirador\u2026 Vous choisissez, nous nous adaptons!<\/p><h4 class=\"wp-block-heading\"><strong>Um or\u00e7amento publicit\u00e1rio ma\u00eetris\u00e9<\/strong><\/h4><p>N\u00f3s tamb\u00e9m compartilhamos o or\u00e7amento publicit\u00e1rio enviado para suas campanhas nas redes sociais.<\/p><p>Para cada publica\u00e7\u00e3o, estabelecemos de maneira precisa o perfil do p\u00fablico ideal para ler as redes sociais. Existem v\u00e1rios crit\u00e9rios de segmenta\u00e7\u00e3o poss\u00edveis:<\/p><p>Ciblage g\u00e9ographique<\/p><p>\u00c2ge et sexe de l&#039;audience<\/p><p>Centros de interesse<\/p><p>Comportamento de visitar seu site<\/p><p>L\u00edngua falada pelo p\u00fablico<\/p><h4 class=\"wp-block-heading\"><strong>As redes sociais que usamos<\/strong><\/h4><p>As estrat\u00e9gias que voc\u00ea prop\u00f5e dependem de seus objetivos de neg\u00f3cios.<br>Em fun\u00e7\u00e3o de ceux-ci, podemos ser favor\u00e1veis a voc\u00ea propor campanhas no Facebook, Instagram, TikTok, Snapchat, Youtube, etc.<\/p><h4 class=\"wp-block-heading\">Nous y diffusons plus de <strong>10.000<\/strong> publica\u00e7\u00f5es chaque ann\u00e9e!<\/h4><p><a href=\"https:\/\/www.cyberlanca.com\/devis\" title=\"\">De<\/a><a href=\"https:\/\/cyberlanca.com\/devis-quote\/\" title=\"\">Mander Une Offre Personnalis\u00e9e<\/a><\/p><p><\/p>","protected":false},"excerpt":{"rendered":"Des campagnes cibl\u00e9es sur les r\u00e9seaux sociaux Facebook \u2013 Instagram \u2013 TikTok \u2013 Snapchat&nbsp;&#8211; Linkedin + BRANDING &amp; NOTORI\u00c9T\u00c9+ VENTES &amp; PROSPECTS Branding &amp; Notori\u00e9t\u00e9 Social Branding Gagnez en notori\u00e9t\u00e9 Restez dans l&#8217;esprit du consommateur Associez des sentiments sp\u00e9cifiques \u00e0 votre marque Il n\u2019a jamais \u00e9t\u00e9 aussi facile de partager des id\u00e9es En quelques clics,&#8230;","protected":false},"author":1,"featured_media":0,"parent":0,"menu_order":0,"comment_status":"closed","ping_status":"closed","template":"","meta":{"_monsterinsights_skip_tracking":false,"_monsterinsights_sitenote_active":false,"_monsterinsights_sitenote_note":"","_monsterinsights_sitenote_category":0,"_FSMCFIC_featured_image_caption":"","_FSMCFIC_featured_image_nocaption":"","_FSMCFIC_featured_image_hide":"","_bodyClasses":"","_disableContainer":false,"_hidePageHeader":false,"_headerStyle":"","_isCustomHeader":false,"_headerStaticContentID":0,"_isCustomFooter":false,"_footerStaticContentId":0,"footnotes":""},"class_list":["post-4156","page","type-page","status-publish","hentry"],"aioseo_notices":[],"jetpack_sharing_enabled":true,"_links":{"self":[{"href":"https:\/\/cyberlanca.com\/pt\/wp-json\/wp\/v2\/pages\/4156","targetHints":{"allow":["GET"]}}],"collection":[{"href":"https:\/\/cyberlanca.com\/pt\/wp-json\/wp\/v2\/pages"}],"about":[{"href":"https:\/\/cyberlanca.com\/pt\/wp-json\/wp\/v2\/types\/page"}],"author":[{"embeddable":true,"href":"https:\/\/cyberlanca.com\/pt\/wp-json\/wp\/v2\/users\/1"}],"replies":[{"embeddable":true,"href":"https:\/\/cyberlanca.com\/pt\/wp-json\/wp\/v2\/comments?post=4156"}],"version-history":[{"count":7,"href":"https:\/\/cyberlanca.com\/pt\/wp-json\/wp\/v2\/pages\/4156\/revisions"}],"predecessor-version":[{"id":4530,"href":"https:\/\/cyberlanca.com\/pt\/wp-json\/wp\/v2\/pages\/4156\/revisions\/4530"}],"wp:attachment":[{"href":"https:\/\/cyberlanca.com\/pt\/wp-json\/wp\/v2\/media?parent=4156"}],"curies":[{"name":"wp","href":"https:\/\/api.w.org\/{rel}","templated":true}]}}