{"id":458,"date":"2020-04-30T20:21:05","date_gmt":"2020-04-30T20:21:05","guid":{"rendered":"https:\/\/cyberlanca.com\/?page_id=458"},"modified":"2025-11-21T04:47:51","modified_gmt":"2025-11-21T04:47:51","slug":"contacts","status":"publish","type":"page","link":"https:\/\/cyberlanca.com\/fr\/contacts\/","title":{"rendered":"Contacts"},"content":{"rendered":"<div data-elementor-type=\"wp-page\" data-elementor-id=\"458\" class=\"elementor elementor-458\" data-elementor-post-type=\"page\">\n\t\t\t\t<div class=\"elementor-element elementor-element-47a0845d e-flex e-con-boxed e-con e-parent\" data-id=\"47a0845d\" data-element_type=\"container\">\n\t\t\t\t\t<div class=\"e-con-inner\">\n\t\t\t\t<div class=\"elementor-element elementor-element-55be7306 elementor-widget elementor-widget-text-editor\" data-id=\"55be7306\" data-element_type=\"widget\" data-widget_type=\"text-editor.default\">\n\t\t\t\t<div class=\"elementor-widget-container\"><p><div \n                class=\"elfsight-widget-slider elfsight-widget\" \n                data-elfsight-slider-options=\"%7B%22slides%22%3A%5B%7B%22media%22%3A%22https%3A%5C%2F%5C%2Fcyberlanca.com%5C%2Fwp-content%5C%2Fuploads%5C%2F2021%5C%2F07%5C%2Ftoronto-real-estate-market-skyline-scaled-1.jpg%22%2C%22imageLink%22%3A%22%22%2C%22contentLayout%22%3A%22center%22%2C%22contentTitleEnabled%22%3Atrue%2C%22contentTitleText%22%3A%22%22%2C%22contentTitleColor%22%3A%22rgb%28255%2C%20255%2C%20255%29%22%2C%22contentTitleFontSize%22%3A63%2C%22contentTitleFontWeight%22%3A%22bold%22%2C%22contentTextEnabled%22%3Atrue%2C%22contentTextText%22%3A%22%22%2C%22contentTextColor%22%3A%22rgb%28255%2C%20255%2C%20255%29%22%2C%22contentTextFontSize%22%3A20%2C%22contentButtonEnabled%22%3Atrue%2C%22contentButtonText%22%3A%22Contact%22%2C%22contentButtonLink%22%3A%22%22%2C%22contentButtonStyle%22%3A%22filled%22%2C%22contentButtonShape%22%3A4%2C%22contentButtonColor%22%3A%22rgb%28255%2C%20255%2C%20255%29%22%2C%22contentButtonFontSize%22%3A18%2C%22contentMediaEnabled%22%3Afalse%2C%22contentMedia%22%3Anull%2C%22contentImageSize%22%3A100%2C%22contentBadgeEnabled%22%3Atrue%2C%22contentBadgeText%22%3A%22%22%2C%22contentBadgeColor%22%3A%22rgb%28255%2C%20255%2C%20255%29%22%2C%22contentBadgeFontSize%22%3A15%2C%22contentBadgeStyle%22%3A%22outline%22%2C%22contentOverlayEnabled%22%3Atrue%2C%22contentOverlayColor%22%3A%22rgba%2834%2C%2034%2C%2034%2C%200.22%29%22%2C%22contentHorizontalPosition%22%3A50%2C%22contentVerticalPosition%22%3A50%2C%22imageEffect%22%3A%22none%22%2C%22undefined%22%3Anull%2C%22contentButtonOpenLinkInNewTab%22%3Atrue%7D%2C%7B%22media%22%3A%22https%3A%5C%2F%5C%2Fcyberlanca.com%5C%2Fwp-content%5C%2Fuploads%5C%2F2021%5C%2F07%5C%2F191216_toronto-nightscape_roberto_nickson_pexels-scaled-1.jpg%22%2C%22imageLink%22%3A%22%22%2C%22contentLayout%22%3A%22center%22%2C%22contentTitleEnabled%22%3Atrue%2C%22contentTitleText%22%3A%22%22%2C%22contentTitleColor%22%3A%22rgb%28255%2C%20255%2C%20255%29%22%2C%22contentTitleFontSize%22%3A63%2C%22contentTitleFontWeight%22%3A%22bold%22%2C%22contentTextEnabled%22%3Atrue%2C%22contentTextText%22%3A%22%22%2C%22contentTextColor%22%3A%22rgb%28255%2C%20255%2C%20255%29%22%2C%22contentTextFontSize%22%3A20%2C%22contentButtonEnabled%22%3Atrue%2C%22contentButtonText%22%3A%22Contact%22%2C%22contentButtonLink%22%3A%22%22%2C%22contentButtonStyle%22%3A%22filled%22%2C%22contentButtonShape%22%3A4%2C%22contentButtonColor%22%3A%22rgb%28255%2C%20255%2C%20255%29%22%2C%22contentButtonFontSize%22%3A18%2C%22contentMediaEnabled%22%3Afalse%2C%22contentMedia%22%3Anull%2C%22contentImageSize%22%3A100%2C%22contentBadgeEnabled%22%3Atrue%2C%22contentBadgeText%22%3A%22%22%2C%22contentBadgeColor%22%3A%22rgb%28255%2C%20255%2C%20255%29%22%2C%22contentBadgeFontSize%22%3A15%2C%22contentBadgeStyle%22%3A%22outline%22%2C%22contentOverlayEnabled%22%3Atrue%2C%22contentOverlayColor%22%3A%22rgba%2834%2C%2034%2C%2034%2C%200.22%29%22%2C%22contentHorizontalPosition%22%3A50%2C%22contentVerticalPosition%22%3A50%2C%22imageEffect%22%3A%22none%22%2C%22undefined%22%3Anull%2C%22contentButtonOpenLinkInNewTab%22%3Atrue%2C%22id%22%3A%224c9aaaad-6c19-4a7a-830a-2ecace811735%22%7D%2C%7B%22media%22%3A%22https%3A%5C%2F%5C%2Fcyberlanca.com%5C%2Fwp-content%5C%2Fuploads%5C%2F2024%5C%2F10%5C%2Fyonge-and-dundas-toronto-city-street.jpg%22%2C%22imageLink%22%3A%22%22%2C%22contentLayout%22%3A%22center%22%2C%22contentTitleEnabled%22%3Atrue%2C%22contentTitleText%22%3A%22%22%2C%22contentTitleColor%22%3A%22rgb%28255%2C%20255%2C%20255%29%22%2C%22contentTitleFontSize%22%3A63%2C%22contentTitleFontWeight%22%3A%22bold%22%2C%22contentTextEnabled%22%3Atrue%2C%22contentTextText%22%3A%22%22%2C%22contentTextColor%22%3A%22rgb%28255%2C%20255%2C%20255%29%22%2C%22contentTextFontSize%22%3A20%2C%22contentButtonEnabled%22%3Atrue%2C%22contentButtonText%22%3A%22Contact%22%2C%22contentButtonLink%22%3A%22%22%2C%22contentButtonStyle%22%3A%22filled%22%2C%22contentButtonShape%22%3A4%2C%22contentButtonColor%22%3A%22rgb%28255%2C%20255%2C%20255%29%22%2C%22contentButtonFontSize%22%3A18%2C%22contentMediaEnabled%22%3Afalse%2C%22contentMedia%22%3Anull%2C%22contentImageSize%22%3A100%2C%22contentBadgeEnabled%22%3Atrue%2C%22contentBadgeText%22%3A%22%22%2C%22contentBadgeColor%22%3A%22rgb%28255%2C%20255%2C%20255%29%22%2C%22contentBadgeFontSize%22%3A15%2C%22contentBadgeStyle%22%3A%22outline%22%2C%22contentOverlayEnabled%22%3Atrue%2C%22contentOverlayColor%22%3A%22rgba%2834%2C%2034%2C%2034%2C%200.22%29%22%2C%22contentHorizontalPosition%22%3A50%2C%22contentVerticalPosition%22%3A50%2C%22imageEffect%22%3A%22none%22%2C%22undefined%22%3Anull%2C%22contentButtonOpenLinkInNewTab%22%3Atrue%2C%22id%22%3A%2206ba751a-1a9e-43f5-b564-57c139152026%22%7D%5D%2C%22width%22%3A%22100%25%22%2C%22height%22%3A700%2C%22paginationEnabled%22%3Atrue%2C%22paginationStyle%22%3A%22bullets%22%2C%22paginationAlign%22%3A%22center%22%2C%22paginationPosition%22%3A%22inside%22%2C%22paginationColor%22%3A%22rgb%28255%2C%20255%2C%20255%29%22%2C%22arrowsEnabled%22%3Atrue%2C%22arrowsPreviewNext%22%3Afalse%2C%22arrowsPosition%22%3A%22inside%22%2C%22arrowsColor%22%3A%22rgb%28255%2C%20255%2C%20255%29%22%2C%22autoSlideEnabled%22%3Afalse%2C%22autoSlideDelay%22%3A5%2C%22autoSlidePauseOnHover%22%3Atrue%2C%22autoSlideProgressbar%22%3Atrue%2C%22transitionEffect%22%3A%22slide%22%2C%22transitionDuration%22%3A0.59999999999999997779553950749686919152736663818359375%2C%22swipeEnabled%22%3Atrue%2C%22mobileSwipeEnabled%22%3Atrue%2C%22infiniteLoop%22%3Atrue%2C%22widgetId%22%3A%222%22%7D\" \n                data-elfsight-slider-version=\"1.1.0\"\n                data-elfsight-widget-id=\"elfsight-slider-2\">\n            <\/div><\/p><div class=\"pt-grid-gutter wp-block-czgb-contact-details czgb-contact-details container-fluid\">\n<div class=\"row\">\n<div class=\"col-sm-1 col-md-6 col-lg-3 mb-grid-gutter\">\n<div class=\"card-body text-center\"><i class=\"czi czi-location h3 mt-2 mb-4 text-primary\"><\/i>\n<h3 class=\"h6 mb-2\">Si\u00e8ge social<\/h3>\n<p class=\"font-size-sm text-muted\">200, rue Wesley, Toronto (Ontario) M4X1G3 <br \/>CANADA<\/p>\n<div class=\"locationlink\"><span class=\"font-size-sm text-primary\">Cliquez pour voir la carte<\/span><i class=\"czi czi-arrow-right align-middle ml-1\"><\/i><\/div>\n<\/div>\n<\/div>\n<div class=\"col-sm-1 col-md-6 col-lg-3 mb-grid-gutter\">\n<div class=\"card\">\n<div class=\"card-body text-center\"><i class=\"czi czi-time h3 mt-2 mb-4 text-primary\"><\/i>\n<h3 class=\"h6 mb-3\">Horaires de travail<\/h3>\n<ul class=\"list-unstyled font-size-sm text-muted mb-0\">\n<li>24\/7<\/li>\n<li class=\"mb-0\">Lun \u2013 Dim<\/li>\n<\/ul>\n<\/div>\n<\/div>\n<\/div>\n<div class=\"col-sm-1 col-md-6 col-lg-3 mb-grid-gutter\">\n<div class=\"card\">\n<div class=\"card-body text-center\"><i class=\"czi czi-phone h3 mt-2 mb-4 text-primary\"><\/i>\n<h3 class=\"h6 mb-3\">Num\u00e9ros de t\u00e9l\u00e9phone<\/h3>\n<ul class=\"list-unstyled font-size-sm mb-0\">\n<li class=\"\"><span class=\"text-muted mr-1\">Pour les clients : <\/span><span class=\"nav-link-style\">+1 (888) 479 3540<\/span><\/li>\n<li class=\"mb-0\"><span class=\"text-muted mr-1\">Technologie Whatsapp : <\/span><span class=\"nav-link-style\">+1 647 647 367 0753<\/span><\/li>\n<\/ul>\n<\/div>\n<\/div>\n<\/div>\n<div class=\"col-sm-1 col-md-6 col-lg-3 mb-grid-gutter\">\n<div class=\"card\">\n<div class=\"card-body text-center\"><i class=\"czi czi-mail h3 mt-2 mb-4 text-primary\"><\/i>\n<h3 class=\"h6 mb-3\">Adresses e-mail<\/h3>\n<ul class=\"list-unstyled font-size-sm mb-0\">\n<li class=\"\"><span class=\"text-muted mr-1\">Pour les clients : <\/span><span class=\"nav-link-style\">contact@cyberlanca.com<\/span><\/li>\n<li class=\"mb-0\"><span class=\"text-muted mr-1\">Clients Tech : <\/span><span class=\"nav-link-style\">support@cyberlanca.com<\/span><\/li>\n<li>N\u00b0 : 300520046<\/li>\n<\/ul>\n<\/div>\n<\/div>\n<\/div>\n<\/div>\n<\/div><div class=\"pt-4 mt-md-4 mb-5 outet-store-block container\">\n<h2 class=\"h3 text-center mb-3\">Partenaire dans le monde entier<\/h2>\n<div class=\"row pt-4\">\n<div class=\"col-sm-6 col-lg-4 mb-grid-gutter\">\n<div class=\"card border-0 box-shadow\">\n<div class=\"czgb-outlet-store_image czgb-image-upload-placeholder czgb-image-upload-has-image\" tabindex=\"0\" role=\"button\" data-is-placeholder-visible=\"false\"><img decoding=\"async\" class=\"card-img-top\" src=\"https:\/\/cyberlanca.com\/wp-content\/uploads\/2024\/12\/paris.jpg\" alt=\"Paris\" \/><\/div>\n<div class=\"card-body\">\n<h6>Paris, Europe<\/h6>\n<ul class=\"list-unstyled mb-0\">\n<li class=\"pb-3 border-bottom media\"><i class=\"czi czi-location font-size-lg mt-2 mb-0 text-primary\"><\/i>\n<div class=\"media-body pl-3\"><span class=\"font-size-ms text-muted\">Trouvez-nous<\/span><span class=\"d-block text-heading font-size-sm\"><span class=\"d-block text-heading font-size-sm\">21 All\u00e9e de Fontainebleau 75019 Pais FRANCE<\/span><\/span><\/div>\n<\/li>\n<li class=\"pb-3 border-bottom media\"><i class=\"czi czi-phone font-size-lg mt-2 mb-0 text-primary\"><\/i>\n<div class=\"media-body pl-3\"><span class=\"font-size-ms text-muted\">Appelez-nous<\/span><span class=\"d-block text-heading font-size-sm\">+(33) 7 53 740340<\/span><\/div>\n<\/li>\n<li class=\"pt-2 media\"><i class=\"czi czi-mail font-size-lg mt-2 mb-0 text-primary\"><\/i>\n<div class=\"media-body pl-3\"><span class=\"font-size-ms text-muted\">\u00c9crivez-nous<\/span><span class=\"d-block text-heading font-size-sm\">eu@cyberlanca.com<\/span><\/div>\n<\/li>\n<li>N\u00b0 Siret ; 51802976400033<\/li>\n<\/ul>\n<\/div>\n<\/div>\n<\/div>\n<div class=\"col-sm-6 col-lg-4 mb-grid-gutter\">\n<div class=\"card border-0 box-shadow\">\n<div class=\"czgb-outlet-storeimage czgb-image-upload-placeholder czgb-image-upload-has-image\" tabindex=\"0\" role=\"button\" data-is-placeholder-visible=\"false\"><img decoding=\"async\" class=\"card-img-top\" src=\"https:\/\/cyberlanca.com\/wp-content\/uploads\/2024\/12\/Abidjan.jpg\" alt=\"Orlando\" \/><\/div>\n<div class=\"card-body\">\n<h6>Abidjan, Afrique<\/h6>\n<ul class=\"list-unstyled mb-0\">\n<li class=\"pb-3 border-bottom media\"><i class=\"czi czi-location font-size-lg mt-2 mb-0 text-primary\"><\/i>\n<div class=\"media-body pl-3\"><span class=\"font-size-ms text-muted\">Trouvez-nous<\/span><span class=\"d-block text-heading font-size-sm\">Av 14,Rue 9 Treichville COTE IVOIRE<\/span><\/div>\n<\/li>\n<li class=\"pt-2 pb-3 border-bottom media\"><i class=\"czi czi-phone font-size-lg mt-2 mb-0 text-primary\"><\/i>\n<div class=\"media-body pl-3\"><span class=\"font-size-ms text-muted\">Appelez-nous<\/span><span class=\"d-block text-heading font-size-sm\">+(225) 07 49 42 37 65<\/span><\/div>\n<\/li>\n<li class=\"pt-2 media\"><i class=\"czi czi-mail font-size-lg mt-2 mb-0 text-primary\"><\/i>\n<div class=\"media-body pl-3\"><span class=\"font-size-ms text-muted\">\u00c9crivez-nous<\/span><span class=\"d-block text-heading font-size-sm\">ci@cyberlanca.com<\/span><\/div>\n<ul class=\"list-unstyled mb-0\">\n<li>\u00a0<\/li>\n<\/ul>\n<\/li>\n<li>N\u00b0 : ci-abj-01-2023-b12-07172<\/li>\n<li>\u00a0<\/li>\n<\/ul>\n<\/div>\n<\/div>\n<\/div>\n<div class=\"col-sm-6 col-lg-4 mb-grid-gutter\">\n<div class=\"card border-0 box-shadow\">\n<div class=\"czgb-outlet-store_image czgb-image-upload-placeholder czgb-image-upload-has-image\" tabindex=\"0\" role=\"button\" data-is-placeholder-visible=\"false\"><img decoding=\"async\" class=\"card-img-top\" src=\"https:\/\/cyberlanca.com\/wp-content\/uploads\/2024\/12\/Senegal.jpg\" alt=\"S\u00c9N\u00c9GAL\" \/><\/div>\n<div class=\"card-body\">\n<h6>S\u00c9N\u00c9GAL<\/h6>\n<ul class=\"list-unstyled mb-0\">\n<li class=\"pb-3 border-bottom media\"><i class=\"czi czi-location font-size-lg mt-2 mb-0 text-primary\"><\/i>\n<div class=\"media-body pl-3\"><span class=\"font-size-ms text-muted\">Trouvez-nous<\/span><span class=\"d-block text-heading font-size-sm\">Tambacunda, S\u00c9N\u00c9GAL<\/span><\/div>\n<\/li>\n<li class=\"pt-2 pb-3 border-bottom media\"><i class=\"czi czi-phone font-size-lg mt-2 mb-0 text-primary\"><\/i>\n<div class=\"media-body pl-3\"><span class=\"font-size-ms text-muted\">Appelez-nous<\/span><span class=\"d-block text-heading font-size-sm\">+(221) 77 560 62 84 <\/span><\/div>\n<\/li>\n<li class=\"pt-2 media\"><i class=\"czi czi-mail font-size-lg mt-2 mb-0 text-primary\"><\/i>\n<div class=\"media-body pl-3\"><span class=\"font-size-ms text-muted\">\u00c9crivez-nous<\/span><span class=\"d-block text-heading font-size-sm\">tambacunda@cyberlanca.com<\/span><\/div>\n<\/li>\n<\/ul>\n<\/div>\n<\/div>\n<\/div>\n<\/div>\n<\/div><div class=\"czgb-columns-block container-fluid px-0\">\n<div class=\"czgb-columns-block__inner row no-gutters\"><div id=\"map\" class=\"column iframe-full-height-wrap czgb-single-column col-sm-12 col-md-12 col-lg-6 order-md-1\"><div class=\"czgb-shortcode czgb-8cd91fa iframe-full-height-wrap\"><iframe src=\"https:\/\/www.google.com\/maps\/embed?pb=!1m18!1m12!1m3!1d65287.72385279102!2d-79.4778315331193!3d43.68275649924173!2m3!1f0!2f0!3f0!3m2!1i1024!2i768!4f13.1!3m3!1m2!1s0x89d4cb90d7c63ba5%3A0x323555502ab4c477!2sToronto%2C%20ON%2C%20Canada!5e0!3m2!1sen!2sci!4v1733239823870!5m2!1sen!2sci\" width=\"600\" height=\"450\" style=\"border:0;\" allowfullscreen=\"\" loading=\"lazy\" referrerpolicy=\"no-referrer-when-downgrade\"><\/iframe><\/div><\/div><div class=\"column px-4 px-xl-5 py-5 border-top czgb-single-column col-sm-12 col-md-12 col-lg-6 order-md-1\"><h2 class=\"wp-block-heading h4 mb-4\">Envoyez-nous un message<\/h2><div class=\"wpforms-container wpforms-container-full contact-form wpforms-render-modern\" id=\"wpforms-456\"><form id=\"wpforms-form-456\" class=\"wpforms-validate wpforms-form\" data-formid=\"456\" method=\"post\" enctype=\"multipart\/form-data\" action=\"\/fr\/wp-json\/wp\/v2\/pages\/458\" data-token=\"173803f4530a7ec4c37088a17fa9ae70\" data-token-time=\"1777199956\" data-trp-original-action=\"\/fr\/wp-json\/wp\/v2\/pages\/458\"><noscript class=\"wpforms-error-noscript\">Veuillez activer JavaScript dans votre navigateur pour remplir ce formulaire.<\/noscript><div class=\"wpforms-hidden\" id=\"wpforms-error-noscript\">Veuillez activer JavaScript dans votre navigateur pour remplir ce formulaire.<\/div><div class=\"wpforms-field-container\"><div id=\"wpforms-456-field_4-container\" class=\"wpforms-field wpforms-field-name col-sm-6\" data-field-id=\"4\"><label class=\"wpforms-field-label\" for=\"wpforms-456-field_4\">Votre nom <span class=\"wpforms-required-label\" aria-hidden=\"true\">*<\/span><\/label><input type=\"text\" id=\"wpforms-456-field_4\" class=\"wpforms-field-large wpforms-field-required\" name=\"wpforms[fields][4]\" placeholder=\"Jean Dupont\" aria-errormessage=\"wpforms-456-field_4-error\" required><\/div><div id=\"wpforms-456-field_1-container\" class=\"wpforms-field wpforms-field-email col-sm-6\" data-field-id=\"1\"><label class=\"wpforms-field-label\" for=\"wpforms-456-field_1\">Adresse email <span class=\"wpforms-required-label\" aria-hidden=\"true\">*<\/span><\/label><input type=\"email\" id=\"wpforms-456-field_1\" class=\"wpforms-field-large wpforms-field-required\" name=\"wpforms[fields][1]\" placeholder=\"johndoe@email.com\" spellcheck=\"false\" aria-errormessage=\"wpforms-456-field_1-error\" required><\/div><div id=\"wpforms-456-field_5-container\" class=\"wpforms-field wpforms-field-number col-sm-6\" data-field-id=\"5\"><label class=\"wpforms-field-label\" for=\"wpforms-456-field_5\">Votre t\u00e9l\u00e9phone <span class=\"wpforms-required-label\" aria-hidden=\"true\">*<\/span><\/label><input type=\"number\" id=\"wpforms-456-field_5\" class=\"wpforms-field-large wpforms-field-required\" name=\"wpforms[fields][5]\" placeholder=\"+1 (212) 00 000 000\" aria-errormessage=\"wpforms-456-field_5-error\" required><\/div><div id=\"wpforms-456-field_7-container\" class=\"wpforms-field wpforms-field-text col-sm-6\" data-field-id=\"7\"><label class=\"wpforms-field-label\" for=\"wpforms-456-field_7\">Sujet<\/label><input type=\"text\" id=\"wpforms-456-field_7\" class=\"wpforms-field-large\" name=\"wpforms[fields][7]\" placeholder=\"Fournissez un titre court de votre demande\" aria-errormessage=\"wpforms-456-field_7-error\" ><\/div><div id=\"wpforms-456-field_2-container\" class=\"wpforms-field wpforms-field-textarea col-12\" data-field-id=\"2\"><label class=\"wpforms-field-label\" for=\"wpforms-456-field_2\">Message <span class=\"wpforms-required-label\" aria-hidden=\"true\">*<\/span><\/label><textarea id=\"wpforms-456-field_2\" class=\"wpforms-field-medium wpforms-field-required\" name=\"wpforms[fields][2]\" placeholder=\"Veuillez d\u00e9crire en d\u00e9tail votre demande\" aria-errormessage=\"wpforms-456-field_2-error\" required><\/textarea><\/div><\/div><!-- .wpforms-field-container --><div class=\"wpforms-field wpforms-field-hp\"><label for=\"wpforms-456-field-hp\" class=\"wpforms-field-label\">Commentaire<\/label><input type=\"text\" name=\"wpforms[hp]\" id=\"wpforms-456-field-hp\" class=\"wpforms-field-medium\"><\/div><div class=\"wpforms-submit-container\" ><input type=\"hidden\" name=\"wpforms[id]\" value=\"456\"><input type=\"hidden\" name=\"page_title\" value=\"\"><input type=\"hidden\" name=\"page_url\" value=\"https:\/\/cyberlanca.com\/fr\/wp-json\/wp\/v2\/pages\/458\"><button type=\"submit\" name=\"wpforms[submit]\" id=\"wpforms-submit-456\" class=\"wpforms-submit btn btn-primary\" data-alt-text=\"Sending...\" data-submit-text=\"Send message\" aria-live=\"assertive\" value=\"wpforms-submit\">Envoyer un message<\/button><\/div><input type=\"hidden\" name=\"trp-form-language\" value=\"fr\"\/><\/form><\/div>  <!-- .wpforms-container --><\/div><\/div>\n<\/div><\/div>\n\t\t\t\t<\/div>\n\t\t\t\t\t<\/div>\n\t\t\t\t<\/div>\t\t<\/div>","protected":false},"excerpt":{"rendered":"Partenaire Dans le Monde Paris, Europe Retrouvez-nous21 All\u00e9e de Fontainebleau 75019 Pais FRANCE Appelez-nous+(33) 7 53 740340 Ecrivez useu@cyberlanca.com N\u00b0 Siret ; 51802976400033 Abidjan, Afrique Retrouvez-nousAv 14,Rue 9 Treichville COTE IVOIRE Appelez-nous+(225) 07 49 42 37 65 Ecrivez-nousci@cyberlanca.com N\u00b0 : ci-abj-01-2023-b12-07172 S\u00c9N\u00c9GAL Retrouvez-nousTambacunda, S\u00c9N\u00c9GAL Appelez-nous nous+(221) 77\u2026","protected":false},"author":1,"featured_media":0,"parent":0,"menu_order":0,"comment_status":"closed","ping_status":"closed","template":"","meta":{"_monsterinsights_skip_tracking":false,"_monsterinsights_sitenote_active":false,"_monsterinsights_sitenote_note":"","_monsterinsights_sitenote_category":0,"_FSMCFIC_featured_image_caption":"","_FSMCFIC_featured_image_nocaption":"","_FSMCFIC_featured_image_hide":"","_bodyClasses":"contact-page","_disableContainer":true,"_hidePageHeader":false,"_headerStyle":"","_isCustomHeader":false,"_headerStaticContentID":0,"_isCustomFooter":false,"_footerStaticContentId":0,"footnotes":""},"class_list":["post-458","page","type-page","status-publish","hentry"],"aioseo_notices":[],"jetpack_sharing_enabled":true,"_links":{"self":[{"href":"https:\/\/cyberlanca.com\/fr\/wp-json\/wp\/v2\/pages\/458","targetHints":{"allow":["GET"]}}],"collection":[{"href":"https:\/\/cyberlanca.com\/fr\/wp-json\/wp\/v2\/pages"}],"about":[{"href":"https:\/\/cyberlanca.com\/fr\/wp-json\/wp\/v2\/types\/page"}],"author":[{"embeddable":true,"href":"https:\/\/cyberlanca.com\/fr\/wp-json\/wp\/v2\/users\/1"}],"replies":[{"embeddable":true,"href":"https:\/\/cyberlanca.com\/fr\/wp-json\/wp\/v2\/comments?post=458"}],"version-history":[{"count":24,"href":"https:\/\/cyberlanca.com\/fr\/wp-json\/wp\/v2\/pages\/458\/revisions"}],"predecessor-version":[{"id":4433,"href":"https:\/\/cyberlanca.com\/fr\/wp-json\/wp\/v2\/pages\/458\/revisions\/4433"}],"wp:attachment":[{"href":"https:\/\/cyberlanca.com\/fr\/wp-json\/wp\/v2\/media?parent=458"}],"curies":[{"name":"wp","href":"https:\/\/api.w.org\/{rel}","templated":true}]}}