{"id":2452,"date":"2024-07-02T15:22:59","date_gmt":"2024-07-02T15:22:59","guid":{"rendered":"https:\/\/cyberlanca.com\/copy-cyberlanca\/?post_type=product&#038;p=1527"},"modified":"2024-10-07T19:04:31","modified_gmt":"2024-10-07T19:04:31","slug":"add-more-pages-2","status":"publish","type":"product","link":"https:\/\/cyberlanca.com\/es\/produit\/anadir-mas-paginas-2\/","title":{"rendered":"Agregar m\u00e1s p\u00e1ginas"},"content":{"rendered":"<p>Agregue m\u00e1s p\u00e1ginas a su sitio web, muestre m\u00e1s productos y servicios a sus clientes, as\u00f3ciese en su sitio web para obtener m\u00e1s mercado y negocios.<\/p>","protected":false},"excerpt":{"rendered":"Agregue m\u00e1s p\u00e1ginas a su sitio web, muestre m\u00e1s productos y servicios a sus clientes, as\u00f3ciese en su sitio web para obtener m\u00e1s mercado y negocios.","protected":false},"featured_media":958,"comment_status":"open","ping_status":"closed","template":"","meta":{"_monsterinsights_skip_tracking":false,"_monsterinsights_sitenote_active":false,"_monsterinsights_sitenote_note":"","_monsterinsights_sitenote_category":0,"_FSMCFIC_featured_image_caption":"","_FSMCFIC_featured_image_nocaption":"","_FSMCFIC_featured_image_hide":""},"product_cat":[],"product_tag":[],"class_list":{"0":"post-2452","1":"product","2":"type-product","3":"status-publish","4":"has-post-thumbnail","7":"first","8":"instock","9":"shipping-taxable","10":"purchasable","11":"product-type-variable","12":"add-to-wishlist-after_add_to_cart"},"aioseo_notices":[],"jetpack_sharing_enabled":true,"tiered_pricing_type":"fixed","tiered_pricing_fixed_rules":[],"tiered_pricing_product_settings":{"layout":"default","base_unit_name":{"singular":null,"plural":null},"default_variation":null},"tiered_pricing_minimum_quantity":null,"tiered_pricing_roles_data":[],"tiered_pricing_percentage_rules":[],"tiered_pricing_maximum_quantity":null,"tiered_pricing_quantity_step":null,"_links":{"self":[{"href":"https:\/\/cyberlanca.com\/es\/wp-json\/wp\/v2\/product\/2452","targetHints":{"allow":["GET"]}}],"collection":[{"href":"https:\/\/cyberlanca.com\/es\/wp-json\/wp\/v2\/product"}],"about":[{"href":"https:\/\/cyberlanca.com\/es\/wp-json\/wp\/v2\/types\/product"}],"replies":[{"embeddable":true,"href":"https:\/\/cyberlanca.com\/es\/wp-json\/wp\/v2\/comments?post=2452"}],"wp:featuredmedia":[{"embeddable":true,"href":"https:\/\/cyberlanca.com\/es\/wp-json\/wp\/v2\/media\/958"}],"wp:attachment":[{"href":"https:\/\/cyberlanca.com\/es\/wp-json\/wp\/v2\/media?parent=2452"}],"wp:term":[{"taxonomy":"product_cat","embeddable":true,"href":"https:\/\/cyberlanca.com\/es\/wp-json\/wp\/v2\/product_cat?post=2452"},{"taxonomy":"product_tag","embeddable":true,"href":"https:\/\/cyberlanca.com\/es\/wp-json\/wp\/v2\/product_tag?post=2452"}],"curies":[{"name":"wp","href":"https:\/\/api.w.org\/{rel}","templated":true}]}}