{"id":2432,"date":"2024-10-07T08:06:47","date_gmt":"2024-10-07T08:06:47","guid":{"rendered":"https:\/\/cyberlanca.com\/?post_type=product&#038;p=2432"},"modified":"2024-10-07T19:13:19","modified_gmt":"2024-10-07T19:13:19","slug":"add-google-reviews","status":"publish","type":"product","link":"https:\/\/cyberlanca.com\/es\/produit\/anadir-resenas-de-google\/","title":{"rendered":"A\u00f1adir rese\u00f1as de Google"},"content":{"rendered":"<p>Como parte de nuestra interacci\u00f3n con su empresa, \u00a1podemos agregar rese\u00f1as positivas! Google<em> rese\u00f1as<\/em>\u00a0Son una forma r\u00e1pida de generar confianza en su negocio.<\/p>\n<h3 id=\"heading-getting-positive-response\" class=\"permalink-heading\"><strong>Obtener una respuesta positiva<\/strong><\/h3>\n<p>Un buen n\u00famero de<strong> Rese\u00f1as de Google<\/strong> En tu cuenta, tus clientes empezar\u00e1n a valorar tu negocio de forma muy positiva. Responder\u00e1n m\u00e1s a tus publicaciones. Esto ser\u00e1 muy beneficioso para tu marca o negocio. Si alg\u00fan cliente deja una mala rese\u00f1a, debes hablar con educaci\u00f3n para que los dem\u00e1s tengan una opini\u00f3n positiva de tu comportamiento. Usa el nombre al responder a las rese\u00f1as de Google. Menciona siempre otros productos relacionados y la pr\u00f3xima oferta.<\/p>\n<h3 id=\"heading-growing-customers-within-a-small-time\" class=\"permalink-heading\"><strong>Aumentar el n\u00famero de clientes en poco tiempo<\/strong><\/h3>\n<p>Adem\u00e1s, al comprar\u00a0<strong>Rese\u00f1as de Google,<\/strong> Puedes aumentar tu clientela en poco tiempo. Este procedimiento es extremadamente eficiente. En particular, es una gran ventaja para los responsables de correo electr\u00f3nico. Es una de las razones por las que comprar rese\u00f1as de Google.<\/p>\n<h3 id=\"heading-the-appearance-of-a-new-community\" class=\"permalink-heading\"><strong>La aparici\u00f3n de una nueva comunidad<\/strong><\/h3>\n<p>Gracias a esto, surgir\u00e1 una comunidad de nuevos interesados. Estos tambi\u00e9n contribuir\u00e1n a tu negocio. Por lo tanto, los clientes antiguos generan nuevos clientes. De forma similar, las grandes empresas aumentan su cartera de clientes. Por lo tanto, esto sin duda tambi\u00e9n beneficiar\u00e1 a tu marca. Un buen n\u00famero de rese\u00f1as positivas en Google contribuir\u00e1 notablemente a duplicar el alcance de tu negocio.<\/p>\n<h3 id=\"heading-quick-development-from-the-primary-stage-of-business\" class=\"permalink-heading\"><strong>Desarrollo r\u00e1pido desde la etapa primaria del negocio<\/strong><\/h3>\n<p>Si su negocio es nuevo y va a esperar a que sus clientes dejen una rese\u00f1a en su cuenta, ser\u00e1 muy dif\u00edcil que su negocio est\u00e9 entre los ya consolidados. Porque, en el mundo corporativo, el tiempo es oro, as\u00ed que no es una estrategia inteligente.<\/p>\n<h3 id=\"heading-to-hold-the-competitive-marketplace\" class=\"permalink-heading\"><strong>Para mantener el mercado competitivo:<\/strong><\/h3>\n<p>Una vez m\u00e1s, el mercado se vuelve extremadamente competitivo a diario. Por lo tanto, debes mantenerte por delante de todos los dem\u00e1s competidores. Las cosas ser\u00e1n m\u00e1s dif\u00edciles si reci\u00e9n empiezas. Por lo tanto, debes seguir algunos atajos para acercarte a tus oponentes que ya empezaron hace mucho tiempo.\u00a0<strong>comprar rese\u00f1as de Google<\/strong>\u00a0Puede ser uno de los mejores atajos.<\/p>\n<h3 id=\"heading-adopt-the-internet-marketing-strategy\" class=\"permalink-heading\"><strong>Adopte la estrategia de marketing en Internet<\/strong><\/h3>\n<p>Desde el mundo offline, ahora las empresas se conectan regularmente al mundo online. Por lo tanto, los planes de publicidad tambi\u00e9n est\u00e1n cambiando. Un plan que era efectivo hace una d\u00e9cada podr\u00eda no serlo ahora. Ahora necesitas usar un plan avanzado que se conecte al mundo online. Debes conectar a tus clientes en todas las plataformas posibles de internet. Si eres usuario de Google, tambi\u00e9n puedes conseguir una gran cantidad de clientes desde aqu\u00ed. Comprar. <strong>Rese\u00f1as de Google<\/strong> Puede ser uno de los mejores planes. Es una forma inteligente de aumentar tus clientes.<\/p>\n<p>&nbsp;<\/p>","protected":false},"excerpt":{"rendered":"As part of our interations with your company we can add positive reviews to your Company! Google reviews\u00a0are a quick way to build trust in your business. Getting Positive Response A fine number of Google reviews in your account will make your clients start to consider your business very positively. They\u2019ll start to respond more&#8230;","protected":false},"featured_media":2461,"comment_status":"open","ping_status":"closed","template":"","meta":{"_monsterinsights_skip_tracking":false,"_monsterinsights_sitenote_active":false,"_monsterinsights_sitenote_note":"","_monsterinsights_sitenote_category":0,"_FSMCFIC_featured_image_caption":"","_FSMCFIC_featured_image_nocaption":"","_FSMCFIC_featured_image_hide":""},"product_cat":[],"product_tag":[],"class_list":{"0":"post-2432","1":"product","2":"type-product","3":"status-publish","4":"has-post-thumbnail","7":"first","8":"instock","9":"sold-individually","10":"shipping-taxable","11":"purchasable","12":"product-type-variable","13":"has-default-attributes","14":"add-to-wishlist-after_add_to_cart"},"aioseo_notices":[],"jetpack_sharing_enabled":true,"tiered_pricing_type":"fixed","tiered_pricing_fixed_rules":[],"tiered_pricing_product_settings":{"layout":"default","base_unit_name":{"singular":null,"plural":null},"default_variation":null},"tiered_pricing_minimum_quantity":null,"tiered_pricing_roles_data":[],"tiered_pricing_percentage_rules":[],"tiered_pricing_maximum_quantity":null,"tiered_pricing_quantity_step":null,"_links":{"self":[{"href":"https:\/\/cyberlanca.com\/es\/wp-json\/wp\/v2\/product\/2432","targetHints":{"allow":["GET"]}}],"collection":[{"href":"https:\/\/cyberlanca.com\/es\/wp-json\/wp\/v2\/product"}],"about":[{"href":"https:\/\/cyberlanca.com\/es\/wp-json\/wp\/v2\/types\/product"}],"replies":[{"embeddable":true,"href":"https:\/\/cyberlanca.com\/es\/wp-json\/wp\/v2\/comments?post=2432"}],"wp:featuredmedia":[{"embeddable":true,"href":"https:\/\/cyberlanca.com\/es\/wp-json\/wp\/v2\/media\/2461"}],"wp:attachment":[{"href":"https:\/\/cyberlanca.com\/es\/wp-json\/wp\/v2\/media?parent=2432"}],"wp:term":[{"taxonomy":"product_cat","embeddable":true,"href":"https:\/\/cyberlanca.com\/es\/wp-json\/wp\/v2\/product_cat?post=2432"},{"taxonomy":"product_tag","embeddable":true,"href":"https:\/\/cyberlanca.com\/es\/wp-json\/wp\/v2\/product_tag?post=2432"}],"curies":[{"name":"wp","href":"https:\/\/api.w.org\/{rel}","templated":true}]}}