{"id":2377,"date":"2024-10-07T02:45:19","date_gmt":"2024-10-07T02:45:19","guid":{"rendered":"https:\/\/cyberlanca.com\/?post_type=product&#038;p=2377"},"modified":"2024-10-07T19:02:30","modified_gmt":"2024-10-07T19:02:30","slug":"marketing-campaign","status":"publish","type":"product","link":"https:\/\/cyberlanca.com\/es\/produit\/campana-de-marketing\/","title":{"rendered":"Campa\u00f1a de marketing"},"content":{"rendered":"<p>Campa\u00f1a de marketing, SEO premium, art\u00edculos y blogs\u2026<\/p>","protected":false},"excerpt":{"rendered":"Campa\u00f1a de marketing, SEO premium, art\u00edculos y blogs\u2026","protected":false},"featured_media":1635,"comment_status":"open","ping_status":"closed","template":"","meta":{"_monsterinsights_skip_tracking":false,"_monsterinsights_sitenote_active":false,"_monsterinsights_sitenote_note":"","_monsterinsights_sitenote_category":0,"_FSMCFIC_featured_image_caption":"","_FSMCFIC_featured_image_nocaption":"","_FSMCFIC_featured_image_hide":""},"product_cat":[],"product_tag":[],"class_list":{"0":"post-2377","1":"product","2":"type-product","3":"status-publish","4":"has-post-thumbnail","7":"first","8":"instock","9":"shipping-taxable","10":"purchasable","11":"product-type-variable","12":"add-to-wishlist-after_add_to_cart"},"aioseo_notices":[],"jetpack_sharing_enabled":true,"tiered_pricing_type":"fixed","tiered_pricing_fixed_rules":[],"tiered_pricing_product_settings":{"layout":"default","base_unit_name":{"singular":null,"plural":null},"default_variation":null},"tiered_pricing_minimum_quantity":null,"tiered_pricing_roles_data":[],"tiered_pricing_percentage_rules":[],"tiered_pricing_maximum_quantity":null,"tiered_pricing_quantity_step":null,"_links":{"self":[{"href":"https:\/\/cyberlanca.com\/es\/wp-json\/wp\/v2\/product\/2377","targetHints":{"allow":["GET"]}}],"collection":[{"href":"https:\/\/cyberlanca.com\/es\/wp-json\/wp\/v2\/product"}],"about":[{"href":"https:\/\/cyberlanca.com\/es\/wp-json\/wp\/v2\/types\/product"}],"replies":[{"embeddable":true,"href":"https:\/\/cyberlanca.com\/es\/wp-json\/wp\/v2\/comments?post=2377"}],"wp:featuredmedia":[{"embeddable":true,"href":"https:\/\/cyberlanca.com\/es\/wp-json\/wp\/v2\/media\/1635"}],"wp:attachment":[{"href":"https:\/\/cyberlanca.com\/es\/wp-json\/wp\/v2\/media?parent=2377"}],"wp:term":[{"taxonomy":"product_cat","embeddable":true,"href":"https:\/\/cyberlanca.com\/es\/wp-json\/wp\/v2\/product_cat?post=2377"},{"taxonomy":"product_tag","embeddable":true,"href":"https:\/\/cyberlanca.com\/es\/wp-json\/wp\/v2\/product_tag?post=2377"}],"curies":[{"name":"wp","href":"https:\/\/api.w.org\/{rel}","templated":true}]}}