{"id":1527,"date":"2024-07-02T15:22:59","date_gmt":"2024-07-02T15:22:59","guid":{"rendered":"https:\/\/cyberlanca.com\/copy-cyberlanca\/?post_type=product&#038;p=1527"},"modified":"2024-10-07T19:03:56","modified_gmt":"2024-10-07T19:03:56","slug":"create-your-social-media","status":"publish","type":"product","link":"https:\/\/cyberlanca.com\/es\/produit\/crea-tus-redes-sociales\/","title":{"rendered":"Crea tus Redes Sociales"},"content":{"rendered":"","protected":false},"excerpt":{"rendered":"Creaci\u00f3n de tu Redes Sociales Creaci\u00f3n de una p\u00e1gina profesional y atractiva en la red social de tu elecci\u00f3n, configuraci\u00f3n y dise\u00f1o.","protected":false},"featured_media":1716,"comment_status":"open","ping_status":"closed","template":"","meta":{"_monsterinsights_skip_tracking":false,"_monsterinsights_sitenote_active":false,"_monsterinsights_sitenote_note":"","_monsterinsights_sitenote_category":0,"_FSMCFIC_featured_image_caption":"","_FSMCFIC_featured_image_nocaption":"","_FSMCFIC_featured_image_hide":""},"product_cat":[],"product_tag":[],"class_list":{"0":"post-1527","1":"product","2":"type-product","3":"status-publish","4":"has-post-thumbnail","7":"first","8":"instock","9":"sale","10":"shipping-taxable","11":"purchasable","12":"product-type-variable","13":"has-default-attributes","14":"add-to-wishlist-after_add_to_cart"},"aioseo_notices":[],"jetpack_sharing_enabled":true,"tiered_pricing_type":"fixed","tiered_pricing_fixed_rules":[],"tiered_pricing_product_settings":{"layout":"default","base_unit_name":{"singular":null,"plural":null},"default_variation":null},"tiered_pricing_minimum_quantity":null,"tiered_pricing_roles_data":[],"tiered_pricing_percentage_rules":[],"tiered_pricing_maximum_quantity":null,"tiered_pricing_quantity_step":null,"_links":{"self":[{"href":"https:\/\/cyberlanca.com\/es\/wp-json\/wp\/v2\/product\/1527","targetHints":{"allow":["GET"]}}],"collection":[{"href":"https:\/\/cyberlanca.com\/es\/wp-json\/wp\/v2\/product"}],"about":[{"href":"https:\/\/cyberlanca.com\/es\/wp-json\/wp\/v2\/types\/product"}],"replies":[{"embeddable":true,"href":"https:\/\/cyberlanca.com\/es\/wp-json\/wp\/v2\/comments?post=1527"}],"wp:featuredmedia":[{"embeddable":true,"href":"https:\/\/cyberlanca.com\/es\/wp-json\/wp\/v2\/media\/1716"}],"wp:attachment":[{"href":"https:\/\/cyberlanca.com\/es\/wp-json\/wp\/v2\/media?parent=1527"}],"wp:term":[{"taxonomy":"product_cat","embeddable":true,"href":"https:\/\/cyberlanca.com\/es\/wp-json\/wp\/v2\/product_cat?post=1527"},{"taxonomy":"product_tag","embeddable":true,"href":"https:\/\/cyberlanca.com\/es\/wp-json\/wp\/v2\/product_tag?post=1527"}],"curies":[{"name":"wp","href":"https:\/\/api.w.org\/{rel}","templated":true}]}}