{"id":4394,"date":"2025-10-28T23:24:20","date_gmt":"2025-10-28T23:24:20","guid":{"rendered":"https:\/\/cyberlanca.com\/?page_id=4394"},"modified":"2025-11-01T04:20:05","modified_gmt":"2025-11-01T04:20:05","slug":"how-do-i-deploy-ai-in-my-business","status":"publish","type":"page","link":"https:\/\/cyberlanca.com\/es\/como-puedo-implementar-la-ia-en-mi-negocio\/","title":{"rendered":"\u00bfC\u00f3mo puedo implementar la IA en mi negocio?"},"content":{"rendered":"<figure class=\"wp-block-image size-full\"><img fetchpriority=\"high\" decoding=\"async\" width=\"272\" height=\"294\" src=\"https:\/\/cyberlanca.com\/wp-content\/uploads\/2025\/10\/ia1-1.png\" alt=\"\" class=\"wp-image-4382\" srcset=\"https:\/\/cyberlanca.com\/wp-content\/uploads\/2025\/10\/ia1-1.png 272w, https:\/\/cyberlanca.com\/wp-content\/uploads\/2025\/10\/ia1-1-11x12.png 11w\" sizes=\"(max-width: 272px) 100vw, 272px\" \/><\/figure><p>La inteligencia artificial (IA) est\u00e1 transformando profundamente el mundo empresarial.<mark style=\"background-color:rgba(0, 0, 0, 0)\" class=\"has-inline-color has-danger-color\">Ya sea usted gerente, CIO o CISO, la integraci\u00f3n de la IA en sus procesos puede mejorar significativamente su productividad, perfeccionar sus estrategias comerciales y fortalecer su ventaja competitiva.<\/mark><\/p><p>Pero, \u00bfc\u00f3mo se puede implementar eficazmente la IA en una PYME? \u00bfCu\u00e1les son las soluciones adecuadas? \u00bfC\u00f3mo se puede utilizar para optimizar la gesti\u00f3n, el servicio al cliente o incluso el an\u00e1lisis de datos?<\/p><h2 class=\"wp-block-heading\">Cyberlanca te apoya en la integraci\u00f3n de la IA donde crea valor.<br><\/h2><h3 class=\"wp-block-heading\"><strong>\u00bfPor qu\u00e9 adoptar la IA en su organizaci\u00f3n?<\/strong>&nbsp;<\/h3><p>La IA para empresas no se limita a las grandes organizaciones. Hoy en d\u00eda, muchas soluciones de IA est\u00e1n dise\u00f1adas para pymes y ayudan a acelerar su transformaci\u00f3n digital.<\/p><h3 class=\"wp-block-heading\"><strong>Beneficios clave de la IA en los negocios<\/strong>&nbsp;<\/h3><p>La inteligencia artificial (IA) est\u00e1 revolucionando la forma en que operan las empresas, permiti\u00e9ndoles optimizar sus operaciones y mejorar su competitividad. Su creciente adopci\u00f3n se debe a beneficios tangibles que afectan a todo, desde la productividad hasta las relaciones con los clientes y la toma de decisiones.&nbsp;<\/p><p><a href=\"https:\/\/cyberlanca.com\/devis-quote\/\" title=\"\">Inteligencia artificial y automatizaci\u00f3n\u00a0<\/a><\/p><figure class=\"wp-block-image size-full\"><img decoding=\"async\" width=\"266\" height=\"322\" src=\"https:\/\/cyberlanca.com\/wp-content\/uploads\/2025\/10\/ia2.png\" alt=\"\" class=\"wp-image-4383\" srcset=\"https:\/\/cyberlanca.com\/wp-content\/uploads\/2025\/10\/ia2.png 266w, https:\/\/cyberlanca.com\/wp-content\/uploads\/2025\/10\/ia2-248x300.png 248w, https:\/\/cyberlanca.com\/wp-content\/uploads\/2025\/10\/ia2-10x12.png 10w\" sizes=\"(max-width: 266px) 100vw, 266px\" \/><\/figure><p><a href=\"https:\/\/cyberlanca.com\/devis-quote\/\" title=\"\">Demander un devis <\/a><\/p><h4 class=\"wp-block-heading\">Automatizaci\u00f3n de procesos: ahorro de tiempo y reducci\u00f3n de tareas repetitivas<\/h4><p>Una de las principales ventajas de la IA es la automatizaci\u00f3n de tareas repetitivas, lo que reduce la carga de trabajo de los empleados y minimiza el error humano. Soluciones como los chatbots, los sistemas de gesti\u00f3n documental y el software de procesamiento automatizado de facturas permiten a las empresas dedicar m\u00e1s tiempo a tareas de mayor valor.<\/p><h4 class=\"wp-block-heading\">Mayor productividad: flujos de trabajo optimizados y toma de decisiones m\u00e1s r\u00e1pida<\/h4><p>La IA optimiza los procesos internos, mejorando significativamente la eficiencia del equipo. Los algoritmos de aprendizaje autom\u00e1tico pueden analizar datos en tiempo real para proporcionar informaci\u00f3n pr\u00e1ctica, acelerando la toma de decisiones y garantizando una mejor respuesta a los cambios del mercado.&nbsp;<\/p><h4 class=\"wp-block-heading\">Personalizaci\u00f3n para el cliente: recomendaciones y experiencias de usuario a medida.&nbsp;<\/h4><p>La IA permite a los clientes ofrecer una experiencia personalizada mediante el an\u00e1lisis de su comportamiento y la oferta de recomendaciones a medida. En el comercio electr\u00f3nico, por ejemplo, los algoritmos de IA analizan las preferencias de los consumidores para sugerir productos relevantes, lo que aumenta la satisfacci\u00f3n y la fidelizaci\u00f3n.<\/p><h4 class=\"wp-block-heading\">An\u00e1lisis predictivo: anticipando tendencias y mejorando la estrategia empresarial<\/h4><p>La IA destaca en el an\u00e1lisis de grandes vol\u00famenes de datos, lo que permite a las empresas anticiparse a las tendencias del mercado. Gracias al an\u00e1lisis predictivo, las empresas pueden ajustar su oferta, anticipar las fluctuaciones de la demanda y optimizar su estrategia empresarial para maximizar sus resultados.<\/p><h4 class=\"wp-block-heading\">Optimizaci\u00f3n de la gesti\u00f3n de recursos: asignaci\u00f3n inteligente de recursos humanos y financieros<\/h4><p>Por \u00faltimo, la IA contribuye a una mejor gesti\u00f3n de los recursos al automatizar la asignaci\u00f3n de tareas y ajustar los presupuestos en funci\u00f3n de las necesidades reales. Esto permite un uso m\u00e1s eficiente de los recursos humanos y materiales, reduciendo as\u00ed los costes y mejorando la rentabilidad.<\/p><p>Al integrar la IA en su estrategia, las empresas pueden ganar eficiencia, ofrecer una mejor experiencia al cliente y tomar decisiones m\u00e1s informadas, asegurando as\u00ed su crecimiento y competitividad a largo plazo.&nbsp;<\/p><h2 class=\"wp-block-heading\"><strong>Casos de uso de IA para PYMES<\/strong>&nbsp;<\/h2><figure class=\"wp-block-image size-full\"><img decoding=\"async\" width=\"255\" height=\"277\" src=\"https:\/\/cyberlanca.com\/wp-content\/uploads\/2025\/10\/ia3.png\" alt=\"\" class=\"wp-image-4384\" srcset=\"https:\/\/cyberlanca.com\/wp-content\/uploads\/2025\/10\/ia3.png 255w, https:\/\/cyberlanca.com\/wp-content\/uploads\/2025\/10\/ia3-11x12.png 11w\" sizes=\"(max-width: 255px) 100vw, 255px\" \/><\/figure><p><a href=\"https:\/\/cyberlanca.com\/devis-quote\/\" title=\"\">Demander un devis <\/a><\/p><p>La inteligencia artificial (IA) est\u00e1 revolucionando la forma en que operan las empresas, y las pymes no son una excepci\u00f3n. Al integrar soluciones basadas en IA, estas organizaciones pueden optimizar sus procesos, automatizar tareas repetitivas y mejorar su toma de decisiones.&nbsp;&nbsp;<\/p><h3 class=\"wp-block-heading\"><strong>Inteligencia artificial para la gesti\u00f3n empresarial&nbsp;<\/strong><\/h3><p>La IA est\u00e1 transformando la gesti\u00f3n empresarial mediante herramientas inteligentes que facilitan la organizaci\u00f3n y gesti\u00f3n de los flujos de trabajo.<\/p><ul class=\"wp-block-list\"><li><strong><mark style=\"background-color:rgba(0, 0, 0, 0)\" class=\"has-inline-color has-default-gray-color\">ERP y CRM inteligentes <\/mark><\/strong>Plataformas como <mark style=\"background-color:rgba(0, 0, 0, 0)\" class=\"has-inline-color has-danger-color\">Salesforce o HubSpot integran IA para<\/mark> Automatizan la gesti\u00f3n de clientes y proyectos. Analizan las interacciones, predicen las necesidades de los clientes y recomiendan acciones para mejorar la interacci\u00f3n.<\/li>\n\n<li><strong>herramientas de an\u00e1lisis de datos<\/strong>&nbsp;La IA permite a las pymes realizar un seguimiento de su rendimiento en tiempo real utilizando soluciones como <mark style=\"background-color:rgba(0, 0, 0, 0)\" class=\"has-inline-color has-danger-color\">Microsoft Power BI o Google Looker Studio<\/mark>Estas herramientas identifican tendencias y ayudan a los l\u00edderes a ajustar su estrategia.<\/li><\/ul><h3 class=\"wp-block-heading\"><strong>Inteligencia artificial para el marketing digital&nbsp;<\/strong><\/h3><p>El marketing es una de las \u00e1reas donde la IA aporta ganancias de productividad inmediatas:<\/p><ul class=\"wp-block-list\"><li><strong>chatbots y asistentes virtuales<\/strong>&nbsp;Soluciones como<mark style=\"background-color:rgba(0, 0, 0, 0)\" class=\"has-inline-color has-danger-color\">ChatGPT o DriftThey<\/mark> Automatice el servicio al cliente, responda preguntas frecuentes y capture clientes potenciales las 24 horas del d\u00eda, los 7 d\u00edas de la semana.&nbsp;<\/li>\n\n<li><strong>Optimizaci\u00f3n de campa\u00f1as publicitarias<\/strong>&nbsp;: <mark style=\"background-color:rgba(0, 0, 0, 0)\" class=\"has-inline-color has-danger-color\">Google Ads y Meta Ads utilizan algoritmos de IA para<\/mark>Analizar el comportamiento del usuario y ajustar las pujas en tiempo real para maximizar el retorno de la inversi\u00f3n.<\/li><\/ul><h3 class=\"wp-block-heading\"><strong>IA para la estrategia empresarial&nbsp;<\/strong><\/h3><p>Las PYMES pueden mejorar su estrategia de prospecci\u00f3n y ventas gracias a la IA:&nbsp;<\/p><ul class=\"wp-block-list\"><li><strong>Sistemas de puntuaci\u00f3n de clientes potenciales<\/strong>La IA clasifica los clientes potenciales seg\u00fan su potencial utilizando soluciones como<mark style=\"background-color:rgba(0, 0, 0, 0)\" class=\"has-inline-color has-danger-color\"> Zoho CRM o Puntuaci\u00f3n Predictiva de Clientes Potenciales.&nbsp;<\/mark><\/li>\n\n<li><strong>Inteligencia competitiva y an\u00e1lisis de mercado<\/strong>&nbsp;Herramientas como Crayon o SimilarWeb aprovechan la IA para rastrear las tendencias del mercado y las acciones de la competencia.<\/li><\/ul><h3 class=\"wp-block-heading\"><strong>Inteligencia artificial para la toma de decisiones y la innovaci\u00f3n&nbsp;<\/strong><\/h3><p>La IA permite a las PYMES anticiparse a los cambios en su mercado e innovar m\u00e1s r\u00e1pidamente:<\/p><ul class=\"wp-block-list\"><li><strong>Modelos predictivos<\/strong>&nbsp;La IA analiza enormes vol\u00famenes de datos para predecir tendencias, como la demanda de los consumidores o las fluctuaciones econ\u00f3micas.<\/li>\n\n<li><strong>IA generativa para la creaci\u00f3n de contenidos: herramientas como <mark style=\"background-color:rgba(0, 0, 0, 0)\" class=\"has-inline-color has-danger-color\">ChatGPT, Jasper o Runway ML<\/mark><\/strong> Ayudamos a las empresas a generar contenido de marketing, guiones de v\u00eddeo o incluso ideas de productos.&nbsp;<\/li><\/ul><p>Al integrar estas tecnolog\u00edas, las PYMES pueden mejorar su eficiencia operativa y<mark style=\"background-color:rgba(0, 0, 0, 0)\" class=\"has-inline-color has-danger-color\"> seguir siendo competitivos<\/mark> con grandes empresas.<\/p><h3 class=\"wp-block-heading\"><strong>Inteligencia artificial para optimizar el trabajo diario y la organizaci\u00f3n&nbsp;<\/strong><\/h3><p>La IA desempe\u00f1a un papel clave en la mejora de la productividad y la organizaci\u00f3n de las PYME mediante la automatizaci\u00f3n de tareas que consumen mucho tiempo:&nbsp;<\/p><ul class=\"wp-block-list\"><li><strong>Inteligencia artificial generativa para la creaci\u00f3n de contenido<\/strong>&nbsp;Herramientas como<mark style=\"background-color:rgba(0, 0, 0, 0)\" class=\"has-inline-color has-danger-color\">Otter.ai o Microsoft Copilot<\/mark>Transcribir y resumir las reuniones, permitiendo un seguimiento eficaz.&nbsp;<\/li>\n\n<li><strong>Investigaci\u00f3n y an\u00e1lisis documental<\/strong>&nbsp;:<mark style=\"background-color:rgba(0, 0, 0, 0)\" class=\"has-inline-color has-danger-color\">IA, mediante ChatGPT o Perplexity,<\/mark> te permite consultar documentos complejos y sintetizar informaci\u00f3n clave.&nbsp;<\/li>\n\n<li><strong>Creaci\u00f3n y verificaci\u00f3n de contenido<\/strong>&nbsp;: <mark style=\"background-color:rgba(0, 0, 0, 0)\" class=\"has-inline-color has-danger-color\">Grammarly y DeepL<\/mark> ayudar a mejorar la redacci\u00f3n y la traducci\u00f3n.&nbsp;<\/li>\n\n<li><strong>Generaci\u00f3n de ideas<\/strong>&nbsp;La IA estimula la creatividad al sugerir conceptos innovadores para marketing, productos o comunicaciones internas.<\/li><\/ul><h2 class=\"wp-block-heading\"><strong>\u00bfC\u00f3mo implementar la IA en tu negocio en 5 pasos?&nbsp;<\/strong><\/h2><p>Integrar la IA en una PYME no es solo para expertos en tecnolog\u00eda. Aqu\u00ed tienes un proceso estructurado que te guiar\u00e1 a trav\u00e9s de esta ambiciosa pero fruct\u00edfera iniciativa:<\/p><h3 class=\"wp-block-heading\">1. Identificar necesidades y objetivos<strong>&nbsp;<\/strong><\/h3><p>Comience por definir claramente los problemas que desea resolver con IA. \u00bfDesea automatizar tareas repetitivas, analizar grandes vol\u00famenes de datos, mejorar la atenci\u00f3n al cliente u optimizar sus procesos internos? Un buen conocimiento de sus necesidades espec\u00edficas es fundamental para seleccionar las tecnolog\u00edas adecuadas.<\/p><h3 class=\"wp-block-heading\">2. Elige las herramientas de IA adecuadas<\/h3><p>Seleccione las soluciones que mejor se adapten a su organizaci\u00f3n y presupuesto. Existen numerosas plataformas y herramientas de IA en el mercado, desde software de procesamiento del lenguaje natural como ChatGPT o Copilot hasta automatizaci\u00f3n rob\u00f3tica de procesos.<mark style=\"background-color:rgba(0, 0, 0, 0)\" class=\"has-inline-color has-danger-color\"> (RPA)<\/mark> Tambi\u00e9n considere las plataformas en la nube que ofrecen IA accesible sin desarrollo complejo y permiten una escalabilidad flexible seg\u00fan sus necesidades.<\/p><h3 class=\"wp-block-heading\">3. Prueba en un proyecto piloto<\/h3><p>Antes de implementar una soluci\u00f3n de IA a gran escala, comience con un proyecto piloto. Elija un caso de uso limitado que le permita evaluar la eficacia y los beneficios de la soluci\u00f3n. Por ejemplo, podr\u00eda automatizar la gesti\u00f3n del correo electr\u00f3nico entrante o usar un chatbot para la atenci\u00f3n al cliente. El proyecto piloto le ayudar\u00e1 a identificar posibles desaf\u00edos y a perfeccionar la soluci\u00f3n antes de su implementaci\u00f3n a gran escala.&nbsp;<\/p><h3 class=\"wp-block-heading\">4. Capacita a tus empleados<\/h3><p>La adopci\u00f3n de nuevas tecnolog\u00edas puede generar resistencia. Es fundamental capacitar a los equipos para que comprendan la herramienta, sus funciones y los beneficios que aporta. Organice sesiones de capacitaci\u00f3n y talleres pr\u00e1cticos para que los empleados se familiaricen con el uso de la IA. El compromiso de los empleados es un factor clave para el \u00e9xito de la integraci\u00f3n de la IA.<\/p><h3 class=\"wp-block-heading\">5. Medir y optimizar<strong>&nbsp;<\/strong><\/h3><p>Una vez implementada la soluci\u00f3n, es fundamental medir los resultados. Utilice indicadores clave de rendimiento (KPI).<mark style=\"background-color:rgba(0, 0, 0, 0)\" class=\"has-inline-color has-danger-color\"> (KPI)<\/mark> Para evaluar el impacto de la IA en sus procesos y objetivos de negocio, analice los datos recopilados, ajuste la configuraci\u00f3n de sus herramientas y realice mejoras continuas. Este ciclo de medici\u00f3n y optimizaci\u00f3n garantiza que la IA se mantenga alineada con los objetivos estrat\u00e9gicos de su empresa y siga generando beneficios tangibles.<\/p><p><a href=\"https:\/\/cyberlanca.com\/devis-quote\/\" title=\"\">Demander un devis <\/a><\/p>","protected":false},"excerpt":{"rendered":"Artificial intelligence (AI) is profoundly transforming the business world.Whether you are a manager, CIO or CISO, integrating AI into your processes can significantly improve your productivity, refine your business strategies and strengthen your competitive advantage. But how can AI be effectively deployed in an SME? What are the appropriate solutions? How can it be used&#8230;","protected":false},"author":1,"featured_media":0,"parent":0,"menu_order":0,"comment_status":"closed","ping_status":"closed","template":"","meta":{"_monsterinsights_skip_tracking":false,"_monsterinsights_sitenote_active":false,"_monsterinsights_sitenote_note":"","_monsterinsights_sitenote_category":0,"_FSMCFIC_featured_image_caption":"","_FSMCFIC_featured_image_nocaption":"","_FSMCFIC_featured_image_hide":"","_bodyClasses":"","_disableContainer":false,"_hidePageHeader":false,"_headerStyle":"","_isCustomHeader":false,"_headerStaticContentID":0,"_isCustomFooter":false,"_footerStaticContentId":0,"footnotes":""},"class_list":["post-4394","page","type-page","status-publish","hentry"],"aioseo_notices":[],"jetpack_sharing_enabled":true,"_links":{"self":[{"href":"https:\/\/cyberlanca.com\/es\/wp-json\/wp\/v2\/pages\/4394","targetHints":{"allow":["GET"]}}],"collection":[{"href":"https:\/\/cyberlanca.com\/es\/wp-json\/wp\/v2\/pages"}],"about":[{"href":"https:\/\/cyberlanca.com\/es\/wp-json\/wp\/v2\/types\/page"}],"author":[{"embeddable":true,"href":"https:\/\/cyberlanca.com\/es\/wp-json\/wp\/v2\/users\/1"}],"replies":[{"embeddable":true,"href":"https:\/\/cyberlanca.com\/es\/wp-json\/wp\/v2\/comments?post=4394"}],"version-history":[{"count":5,"href":"https:\/\/cyberlanca.com\/es\/wp-json\/wp\/v2\/pages\/4394\/revisions"}],"predecessor-version":[{"id":4413,"href":"https:\/\/cyberlanca.com\/es\/wp-json\/wp\/v2\/pages\/4394\/revisions\/4413"}],"wp:attachment":[{"href":"https:\/\/cyberlanca.com\/es\/wp-json\/wp\/v2\/media?parent=4394"}],"curies":[{"name":"wp","href":"https:\/\/api.w.org\/{rel}","templated":true}]}}