{"id":4185,"date":"2025-08-30T21:15:18","date_gmt":"2025-08-30T21:15:18","guid":{"rendered":"https:\/\/cyberlanca.com\/?page_id=4185"},"modified":"2026-01-24T16:48:04","modified_gmt":"2026-01-24T16:48:04","slug":"email-marketing","status":"publish","type":"page","link":"https:\/\/cyberlanca.com\/es\/marketing-por-correo-electronico\/","title":{"rendered":"Marketing por correo electr\u00f3nico"},"content":{"rendered":"<ul class=\"wp-block-list\"><li><a href=\"https:\/\/cyberlanca.com\/reseaux-sociaux\/\">Publicit\u00e9 sur notre plateforme<\/a><\/li>\n\n<li><a href=\"https:\/\/cyberlanca.com\/reseaux-sociaux\/\">Publicit\u00e9 sur les m\u00e9dias sociaux<\/a><\/li>\n\n<li><a href=\"https:\/\/cyberlanca.com\/devis-quote\/\" title=\"\">Site Web et pages de destination<\/a><\/li>\n\n<li><a href=\"https:\/\/cyberlanca.com\/pricing\">D\u00e9veloppement d&#8217;applications<\/a><\/li>\n\n<li><a href=\"https:\/\/cyberlanca.com\/google-ads-marketing\/\">Marketing publicitaire Google<\/a><\/li>\n\n<li><a href=\"https:\/\/cyberlanca.com\/email-marketing\/\">Marketing par e-mail<\/a><\/li>\n\n<li><a href=\"https:\/\/cyberlanca.com\/redaction-de-textes\/\" title=\"https:\/\/cyberlanca.com\/prospection\/\">Prospecci\u00f3n<\/a><\/li><\/ul><p>Agregue ganancias a sus listas de clientes o inscr\u00edbalas en un bolet\u00edn informativo<\/p><h5 class=\"wp-block-heading\">En savoir plus&nbsp;<\/h5><h2 class=\"wp-block-heading\">Marketing por correo electr\u00f3nico<\/h2><figure class=\"wp-block-image\"><img decoding=\"async\" src=\"https:\/\/www.publimats.be\/wp-content\/uploads\/list.svg\" alt=\"\" class=\"wp-image-35570\"\/><\/figure><p>Rentabilisez vos listes<\/p><figure class=\"wp-block-image\"><img decoding=\"async\" src=\"https:\/\/www.publimats.be\/wp-content\/uploads\/email_design.svg\" alt=\"\" class=\"wp-image-35568\"\/><\/figure><p>Des email con\u00e7us de mani\u00e8re professionalnelle<\/p><figure class=\"wp-block-image\"><img decoding=\"async\" src=\"https:\/\/www.publimats.be\/wp-content\/uploads\/rate.svg\" alt=\"\" class=\"wp-image-35569\"\/><\/figure><p>Optimizaci\u00f3n para mejores tareas de apertura<\/p><h4 class=\"wp-block-heading\">L&#039;email n&#039;est pas mort<\/h4><p>Il faut se rinde \u00e0 l&#039;evidence: le taux d&#039;ouverture des emails n&#039;est plus ce qu&#039;il \u00e9tait \u00e0 leur \u00e2ge d&#039;or.<br>En efecto, en los a\u00f1os 90, no es raro obtener taux d&#039;ouverture antes del 80%. De estos d\u00edas, un taux d&#039;ouverture au-dessus de 20% est\u00e1 considerado como tr\u00e8s bon.<\/p><p><strong>Cela ne veut cependant pas dire que l&#039;email est mort. \u00a1Lomo de l\u00e0!<\/strong><br>C&#039;est un canal \u00e0 ne pas n\u00e9gliger car il reste un moyen bon march\u00e9 de toucher vos client potentiels et de r\u00e9aliser des ventes.<\/p><p>Todos los correos electr\u00f3nicos no se valen cependant pas. Il faudra que tu correo electr\u00f3nico&nbsp;<strong>soit bien con\u00e7u et qu&#039;il soit enviado a una audiencia \u00ab opt-in \u00bb<\/strong>, es una audiencia directa que se inscribir\u00e1 voluntariamente para recibir sus correos electr\u00f3nicos. C&#039;est la seule mani\u00e8re d&#039;obtenir de bons r\u00e9sultats et d&#039;\u00eatre en r\u00e8gle au respect de la loi.<\/p><h4 class=\"wp-block-heading\">Concepci\u00f3n de correos electr\u00f3nicos en modo responsivo<\/h4><p>De nuestros d\u00edas, de muchas personas consultan sus correos electr\u00f3nicos en su tel\u00e9fono inteligente.<br>Es posible que su correo electr\u00f3nico est\u00e9 dise\u00f1ado como un adaptador en toda la pantalla de la pantalla, ya que es un tel\u00e9fono inteligente, una tableta o un ordenador.<\/p><p>Todos los correos electr\u00f3nicos que enviamos est\u00e1n dise\u00f1ados en modo responsivo, es decir que se adaptan autom\u00e1ticamente a la pantalla del mensaje que son visualizados. Esto le permite ofrecer una mejor experiencia al usuario, lo que conduce a mejores tareas de conversi\u00f3n.<\/p><h4 class=\"wp-block-heading\">Ce que notre service inclut<\/h4><p>Nos encargamos de ingresar la p\u00e1gina de correo electr\u00f3nico de una persona profesional y del enviador a su lista de direcciones.<br>Nuestras aplicaciones incluyen nuestra estrategia &quot;casa&quot; para optimizar el proceso de apertura de su correo electr\u00f3nico.<\/p><p>\u00a1N&#039;est pas raro que nos ateignions des taux d&#039;ouverture 50% \u00e0 100% superiores \u00e0 ce que vous pourriez atteindre par vous-m\u00eame!<\/p><p>Tambi\u00e9n podemos cargar la redacci\u00f3n de su correo electr\u00f3nico (opci\u00f3n).<\/p><p><a href=\"https:\/\/cyberlanca.com\/devis-quote\" title=\"\">Demander Une Offre Personnalis\u00e9e<\/a><\/p><p><\/p>","protected":false},"excerpt":{"rendered":"Mettez \u00e0 profit vos listes de clients ou d\u2019inscrits \u00e0 une newsletter En savoir plus&nbsp; Email Marketing Rentabilisez vos listes Des emails con\u00e7us de mani\u00e8re professionnelle Optimisation pour de meilleurs taux d\u2019ouverture L\u2019email n\u2019est pas mort Il faut se rendre \u00e0 l\u2019\u00e9vidence: le taux d\u2019ouverture des emails n\u2019est plus ce qu\u2019il \u00e9tait \u00e0 leur \u00e2ge&#8230;","protected":false},"author":1,"featured_media":0,"parent":0,"menu_order":0,"comment_status":"closed","ping_status":"closed","template":"","meta":{"_monsterinsights_skip_tracking":false,"_monsterinsights_sitenote_active":false,"_monsterinsights_sitenote_note":"","_monsterinsights_sitenote_category":0,"_FSMCFIC_featured_image_caption":"","_FSMCFIC_featured_image_nocaption":"","_FSMCFIC_featured_image_hide":"","_bodyClasses":"","_disableContainer":false,"_hidePageHeader":false,"_headerStyle":"","_isCustomHeader":false,"_headerStaticContentID":0,"_isCustomFooter":false,"_footerStaticContentId":0,"footnotes":""},"class_list":["post-4185","page","type-page","status-publish","hentry"],"aioseo_notices":[],"jetpack_sharing_enabled":true,"_links":{"self":[{"href":"https:\/\/cyberlanca.com\/es\/wp-json\/wp\/v2\/pages\/4185","targetHints":{"allow":["GET"]}}],"collection":[{"href":"https:\/\/cyberlanca.com\/es\/wp-json\/wp\/v2\/pages"}],"about":[{"href":"https:\/\/cyberlanca.com\/es\/wp-json\/wp\/v2\/types\/page"}],"author":[{"embeddable":true,"href":"https:\/\/cyberlanca.com\/es\/wp-json\/wp\/v2\/users\/1"}],"replies":[{"embeddable":true,"href":"https:\/\/cyberlanca.com\/es\/wp-json\/wp\/v2\/comments?post=4185"}],"version-history":[{"count":4,"href":"https:\/\/cyberlanca.com\/es\/wp-json\/wp\/v2\/pages\/4185\/revisions"}],"predecessor-version":[{"id":4528,"href":"https:\/\/cyberlanca.com\/es\/wp-json\/wp\/v2\/pages\/4185\/revisions\/4528"}],"wp:attachment":[{"href":"https:\/\/cyberlanca.com\/es\/wp-json\/wp\/v2\/media?parent=4185"}],"curies":[{"name":"wp","href":"https:\/\/api.w.org\/{rel}","templated":true}]}}