{"id":4156,"date":"2025-08-28T06:26:41","date_gmt":"2025-08-28T06:26:41","guid":{"rendered":"https:\/\/cyberlanca.com\/?page_id=4156"},"modified":"2026-01-24T17:28:28","modified_gmt":"2026-01-24T17:28:28","slug":"reseaux-sociaux","status":"publish","type":"page","link":"https:\/\/cyberlanca.com\/es\/redes-sociales\/","title":{"rendered":"Redes sociales"},"content":{"rendered":"<ul class=\"wp-block-list\"><li><a href=\"https:\/\/cyberlanca.com\/reseaux-sociaux\/\">Advertising on our platform<\/a><\/li>\n\n<li><a href=\"https:\/\/cyberlanca.com\/reseaux-sociaux\/\">Advertising on Soial media<\/a><\/li>\n\n<li><a href=\"https:\/\/cyberlanca.com\/redaction-de-textes\/\">Redaction de blog, ebooks, mails<\/a><\/li>\n\n<li><a href=\"https:\/\/ai.siteweb.world\/\">Site Web &amp; Landig Pages<\/a><\/li>\n\n<li><a href=\"https:\/\/cyberlanca.com\/pricing\">Development of Application<\/a><\/li>\n\n<li><a href=\"https:\/\/cyberlanca.com\/google-ads-marketing\/\">Marketing de Google Ads<\/a><\/li>\n\n<li><a href=\"https:\/\/cyberlanca.com\/email-marketing\/\">Marketing por correo electr\u00f3nico<\/a><\/li>\n\n<li><a href=\"https:\/\/cyberlanca.com\/redaction-de-textes\/\">P<\/a><a href=\"https:\/\/cyberlanca.com\/prospection\/\" title=\"\">rospection<\/a><\/li><\/ul><p>Des campagnes cibl\u00e9es sur les r\u00e9seaux sociaux<\/p><p>Facebook \u2013 Instagram \u2013 TikTok \u2013 Snapchat \u2013 Linkedin<\/p><p><mark style=\"background-color:rgba(0, 0, 0, 0)\" class=\"has-inline-color has-danger-color\">+ MARCA &amp; NOTORI\u00c9T\u00c9+ VENTES &amp; PROSPECTOS<\/mark><\/p><h5 class=\"wp-block-heading\"><strong>Marca y notoriedad<\/strong><\/h5><h2 class=\"wp-block-heading\"><strong>Marca en redes sociales<\/strong><\/h2><h4 class=\"wp-block-heading\"><strong>Gagnez en notori\u00e9t\u00e9<\/strong><\/h4><h4 class=\"wp-block-heading\"><strong>Restez dans l&#039;esprit du consommateur<\/strong><\/h4><h4 class=\"wp-block-heading\"><strong>Asociaci\u00f3n de sentimientos espec\u00edficos de su marca<\/strong><\/h4><h4 class=\"wp-block-heading\"><strong>Il n&#039;a jamais \u00e9t\u00e9 aussi facile de compartir ideas<\/strong><\/h4><p>En algunos clics, las personas son capaces de compartir con todos sus contactos, las fotos de su vida cotidiana, los art\u00edculos que encuentran inter\u00e9s, pero tambi\u00e9n el contenido procedente de sus marcas preferidas.<\/p><p>Esto representa una bella oportunidad para las empresas de Gagner en visibilidad y activa esta \u00abbouche \u00e0 oreille virtual\u00bb que representa las redes sociales. Una buena gesti\u00f3n de redes sociales es donc primordiale.<\/p><p>A trav\u00e9s del microcontenido variado y creado espec\u00edficamente para corresponder a su audiencia, ampliamos la notoriedad de su marca.<\/p><p><strong>Resultado:<\/strong> A trav\u00e9s de una gesti\u00f3n \u00f3ptima de redes sociales, adem\u00e1s de personas que lo conocen y piensan que lo har\u00e1n cuando pasen al achat.<\/p><h4 class=\"wp-block-heading\"><strong>Restez dans l&#039;esprit de vos client potentiels<\/strong><\/h4><p>Dans l&#039;environnement ultra concurrentiel actual, vous vous vous battre pour gagner votre place dans l&#039;esprit des consommateurs. Il est donc esencial de producir un flujo de contenido r\u00e9gulier, et ce, tout au long de l&#039;ann\u00e9e.<\/p><p>Esto es exacto para que sea nuestro servicio de Social Branding.<br>Creamos cada semana de contenido para difundir en sus redes sociales:<\/p><p>Presentaci\u00f3n de sus productos\/servicios.<\/p><p>Eventos<\/p><p>Mise en avant des valeurs de l&#039;entreprise<\/p><p>Ventajas concurrentes<\/p><p>Concurso<\/p><h4 class=\"wp-block-heading\"><strong>Una gesti\u00f3n de redes sociales a medida.<\/strong><\/h4><p>Nuestros community managers adaptan su estilo de redacci\u00f3n para que corresponda a la carta editorial de su empresa.<\/p><p>\u00a1Si no tienes la carta editorial, no te preocupes! Hemos establecido un conjunto de estilos de redacci\u00f3n apropiados sobre la base de la imagen que desea asociar con su empresa y seg\u00fan sus redes sociales elegidas: una publicidad en Facebook no debe tener en cuenta la misma manera que una publicidad en Instagram.<\/p><p>Style s\u00e9rieux et professionnel, professionnel mais d\u00e9tendu, humoristique, inspirant\u2026 \u00a1Vous choisissez, nous nous adaptons!<\/p><h4 class=\"wp-block-heading\"><strong>Un publicista ma\u00eetris\u00e9 de presupuesto<\/strong><\/h4><p>Tambi\u00e9n contamos con publicidad presupuestaria en las redes sociales de nuestras campa\u00f1as.<\/p><p>Para cada publicaci\u00f3n, establecemos formas precisas del perfil de la audiencia ideal seg\u00fan el cibler de las redes sociales. Hay muchos criterios de segmentaci\u00f3n posibles:<\/p><p>Ciblage g\u00e9ographique<\/p><p>\u00c2ge et sexe de l&#039;audience<\/p><p>Centros de inter\u00e9s<\/p><p>Comportamiento de visita en tu sitio web<\/p><p>Langue parl\u00e9e par l&#039;audience<\/p><h4 class=\"wp-block-heading\"><strong>Les r\u00e9seaux sociaux que nous utilisons<\/strong><\/h4><p>Las estrategias que nos proponemos dependen de nuestros objetivos de negocio.<br>En funci\u00f3n de esto, podemos tener la posibilidad de proponer campa\u00f1as en Facebook, Instagram, TikTok, Snapchat, Youtube, etc.<\/p><h4 class=\"wp-block-heading\">Nous y diffusons plus de <strong>10.000<\/strong> publicaciones cada a\u00f1o !<\/h4><p><a href=\"https:\/\/www.cyberlanca.com\/devis\" title=\"\">Delaware<\/a><a href=\"https:\/\/cyberlanca.com\/devis-quote\/\" title=\"\">mander Une Offre Personnalis\u00e9e<\/a><\/p><p><\/p>","protected":false},"excerpt":{"rendered":"Des campagnes cibl\u00e9es sur les r\u00e9seaux sociaux Facebook \u2013 Instagram \u2013 TikTok \u2013 Snapchat&nbsp;&#8211; Linkedin + BRANDING &amp; NOTORI\u00c9T\u00c9+ VENTES &amp; PROSPECTS Branding &amp; Notori\u00e9t\u00e9 Social Branding Gagnez en notori\u00e9t\u00e9 Restez dans l&#8217;esprit du consommateur Associez des sentiments sp\u00e9cifiques \u00e0 votre marque Il n\u2019a jamais \u00e9t\u00e9 aussi facile de partager des id\u00e9es En quelques clics,&#8230;","protected":false},"author":1,"featured_media":0,"parent":0,"menu_order":0,"comment_status":"closed","ping_status":"closed","template":"","meta":{"_monsterinsights_skip_tracking":false,"_monsterinsights_sitenote_active":false,"_monsterinsights_sitenote_note":"","_monsterinsights_sitenote_category":0,"_FSMCFIC_featured_image_caption":"","_FSMCFIC_featured_image_nocaption":"","_FSMCFIC_featured_image_hide":"","_bodyClasses":"","_disableContainer":false,"_hidePageHeader":false,"_headerStyle":"","_isCustomHeader":false,"_headerStaticContentID":0,"_isCustomFooter":false,"_footerStaticContentId":0,"footnotes":""},"class_list":["post-4156","page","type-page","status-publish","hentry"],"aioseo_notices":[],"jetpack_sharing_enabled":true,"_links":{"self":[{"href":"https:\/\/cyberlanca.com\/es\/wp-json\/wp\/v2\/pages\/4156","targetHints":{"allow":["GET"]}}],"collection":[{"href":"https:\/\/cyberlanca.com\/es\/wp-json\/wp\/v2\/pages"}],"about":[{"href":"https:\/\/cyberlanca.com\/es\/wp-json\/wp\/v2\/types\/page"}],"author":[{"embeddable":true,"href":"https:\/\/cyberlanca.com\/es\/wp-json\/wp\/v2\/users\/1"}],"replies":[{"embeddable":true,"href":"https:\/\/cyberlanca.com\/es\/wp-json\/wp\/v2\/comments?post=4156"}],"version-history":[{"count":7,"href":"https:\/\/cyberlanca.com\/es\/wp-json\/wp\/v2\/pages\/4156\/revisions"}],"predecessor-version":[{"id":4530,"href":"https:\/\/cyberlanca.com\/es\/wp-json\/wp\/v2\/pages\/4156\/revisions\/4530"}],"wp:attachment":[{"href":"https:\/\/cyberlanca.com\/es\/wp-json\/wp\/v2\/media?parent=4156"}],"curies":[{"name":"wp","href":"https:\/\/api.w.org\/{rel}","templated":true}]}}