{"id":4189,"date":"2025-08-30T23:53:46","date_gmt":"2025-08-30T23:53:46","guid":{"rendered":"https:\/\/cyberlanca.com\/?page_id=4189"},"modified":"2026-01-25T09:05:07","modified_gmt":"2026-01-25T09:05:07","slug":"prospection","status":"publish","type":"page","link":"https:\/\/cyberlanca.com\/de\/prospektion\/","title":{"rendered":"Prospektion"},"content":{"rendered":"<ul class=\"wp-block-list\"><li><a href=\"https:\/\/cyberlanca.com\/reseaux-sociaux\/\">Advertising on our platform<\/a><\/li>\n\n<li><a href=\"https:\/\/cyberlanca.com\/reseaux-sociaux\/\">Advertising on Soial media<\/a><\/li>\n\n<li><a href=\"https:\/\/cyberlanca.com\/redaction-de-textes\/\">Redaction de blog, ebooks, mails<\/a><\/li>\n\n<li><a href=\"https:\/\/ai.siteweb.world\/\">Site Web &amp; Landig Pages<\/a><\/li>\n\n<li><a href=\"https:\/\/cyberlanca.com\/pricing\">Development of Application<\/a><\/li>\n\n<li><a href=\"https:\/\/cyberlanca.com\/google-ads-marketing\/\">Google Ads Marketing<\/a><\/li>\n\n<li><a href=\"https:\/\/cyberlanca.com\/email-marketing\/\">E-Mail-Marketing<\/a><\/li>\n\n<li><a href=\"https:\/\/cyberlanca.com\/redaction-de-textes\/\">P<\/a><a href=\"https:\/\/cyberlanca.com\/prospection\/\">rospection<\/a><\/li><\/ul><h1 class=\"wp-block-heading\">Verdoppeln Sie Ihr kommerzielles Rendezvous mit unserer telefonischen Kundenanfrage<\/h1><p>D\u00e9j\u00e0 +500 Unternehmen haben ihren Chiffre d&#039;Affaires mit unserem Service erweitert. Holen Sie sich das Rendezvous ohne Anstrengung.<\/p><figure class=\"wp-block-image size-full\"><img fetchpriority=\"high\" decoding=\"async\" width=\"512\" height=\"512\" src=\"https:\/\/cyberlanca.com\/wp-content\/uploads\/2025\/08\/Agent1.png\" alt=\"\" class=\"wp-image-4193\" srcset=\"https:\/\/cyberlanca.com\/wp-content\/uploads\/2025\/08\/Agent1.png 512w, https:\/\/cyberlanca.com\/wp-content\/uploads\/2025\/08\/Agent1-300x300.png 300w, https:\/\/cyberlanca.com\/wp-content\/uploads\/2025\/08\/Agent1-150x150.png 150w, https:\/\/cyberlanca.com\/wp-content\/uploads\/2025\/08\/Agent1-12x12.png 12w, https:\/\/cyberlanca.com\/wp-content\/uploads\/2025\/08\/Agent1-60x60.png 60w, https:\/\/cyberlanca.com\/wp-content\/uploads\/2025\/08\/Agent1-100x100.png 100w\" sizes=\"(max-width: 512px) 100vw, 512px\" \/><\/figure><h2 class=\"wp-block-heading\">Pourquoi choisir Cyberlanca ?<\/h2><figure class=\"wp-block-image size-full\"><img decoding=\"async\" width=\"500\" height=\"500\" src=\"https:\/\/cyberlanca.com\/wp-content\/uploads\/2025\/08\/Agent-commercial1.png\" alt=\"\" class=\"wp-image-4194\" srcset=\"https:\/\/cyberlanca.com\/wp-content\/uploads\/2025\/08\/Agent-commercial1.png 500w, https:\/\/cyberlanca.com\/wp-content\/uploads\/2025\/08\/Agent-commercial1-300x300.png 300w, https:\/\/cyberlanca.com\/wp-content\/uploads\/2025\/08\/Agent-commercial1-150x150.png 150w, https:\/\/cyberlanca.com\/wp-content\/uploads\/2025\/08\/Agent-commercial1-12x12.png 12w, https:\/\/cyberlanca.com\/wp-content\/uploads\/2025\/08\/Agent-commercial1-60x60.png 60w, https:\/\/cyberlanca.com\/wp-content\/uploads\/2025\/08\/Agent-commercial1-100x100.png 100w\" sizes=\"(max-width: 500px) 100vw, 500px\" \/><\/figure><h3 class=\"wp-block-heading\">\u2705 Effektive Strategie<\/h3><p>Unsere Experten im Bereich Teleprospection kontaktieren Ihre Interessenten und planen Ihr Rendezvous.<\/p><figure class=\"wp-block-image size-full is-resized\"><img decoding=\"async\" width=\"1120\" height=\"570\" src=\"https:\/\/cyberlanca.com\/wp-content\/uploads\/2026\/01\/Appel-RDv.webp\" alt=\"\" class=\"wp-image-4522\" style=\"width:871px;height:auto\" srcset=\"https:\/\/cyberlanca.com\/wp-content\/uploads\/2026\/01\/Appel-RDv.webp 1120w, https:\/\/cyberlanca.com\/wp-content\/uploads\/2026\/01\/Appel-RDv-300x153.webp 300w, https:\/\/cyberlanca.com\/wp-content\/uploads\/2026\/01\/Appel-RDv-1024x521.webp 1024w, https:\/\/cyberlanca.com\/wp-content\/uploads\/2026\/01\/Appel-RDv-768x391.webp 768w, https:\/\/cyberlanca.com\/wp-content\/uploads\/2026\/01\/Appel-RDv-18x9.webp 18w, https:\/\/cyberlanca.com\/wp-content\/uploads\/2026\/01\/Appel-RDv-600x305.webp 600w\" sizes=\"(max-width: 1120px) 100vw, 1120px\" \/><\/figure><h3 class=\"wp-block-heading\">\u2705 Zeitgewinn<\/h3><p>Konzentrieren Sie sich auf den Markt, wir besch\u00e4ftigen uns mit der Prospektion.<\/p><figure class=\"wp-block-image size-full\"><img loading=\"lazy\" decoding=\"async\" width=\"881\" height=\"558\" src=\"https:\/\/cyberlanca.com\/wp-content\/uploads\/2025\/08\/1vente.png\" alt=\"\" class=\"wp-image-4196\" srcset=\"https:\/\/cyberlanca.com\/wp-content\/uploads\/2025\/08\/1vente.png 881w, https:\/\/cyberlanca.com\/wp-content\/uploads\/2025\/08\/1vente-300x190.png 300w, https:\/\/cyberlanca.com\/wp-content\/uploads\/2025\/08\/1vente-768x486.png 768w, https:\/\/cyberlanca.com\/wp-content\/uploads\/2025\/08\/1vente-18x12.png 18w, https:\/\/cyberlanca.com\/wp-content\/uploads\/2025\/08\/1vente-600x380.png 600w\" sizes=\"(max-width: 881px) 100vw, 881px\" \/><\/figure><h3 class=\"wp-block-heading\">\u2705 Messbare Ergebnisse<\/h3><p>Zuletzt spielte er zeitweise Auftritte und generierte Leads auf der Linie.<\/p><h2 class=\"wp-block-heading\">Beispiele f\u00fcr RDV-Qualifikationspreise<\/h2><p>Entdecken Sie die Qualit\u00e4t unserer \u00c4pfel, wenn Sie diese Audio-Extras durchqueren.<\/p><p>Bonjour <strong>Madame \/ Monsieur<\/strong>,<\/p><p>Je suis <strong>S<\/strong>onia, de <strong>Cyberlanca \u2013 compagnie de  Marketing Digital et Intelligence Artificielle<\/strong>.<\/p><p>Je me permets de vous appeler suite \u00e0 l\u2019analyse de la pr\u00e9sence en ligne de votre entreprise.<\/p><p>Nous accompagnons les professionnels pour am\u00e9liorer leur visibilit\u00e9, attirer plus de clients et optimiser leur communication gr\u00e2ce au digital et \u00e0 l\u2019IA.<\/p><p>Afin de vous pr\u00e9senter cela de mani\u00e8re concr\u00e8te, je vous propose un <strong>rendez-vous physique<\/strong>, gratuit et sans engagement.<\/p><p>\ud83d\udcc5 Quand \u00eates vous disponible?<\/p><p> <strong>le mardi 27 janvier 2026<\/strong> dans l&#8221; apr\u00e8s midi!<\/p><p>C&#8217; est parfait notre comercial vous contactera 1 jour avant la date du rendez vous,<\/p><p>La rencontre nous permettra d\u2019\u00e9changer sur vos besoins et de vous proposer des solutions adapt\u00e9es \u00e0 votre activit\u00e9.<\/p><p>Je vous remercie pour votre disponibilit\u00e9 et reste \u00e0 votre disposition d\u2019ici l\u00e0.<\/p><p>Excellente journ\u00e9e et \u00e0 tr\u00e8s bient\u00f4t.<\/p><div class=\"wp-block-image\"><figure class=\"alignleft size-full is-resized\"><img loading=\"lazy\" decoding=\"async\" width=\"199\" height=\"204\" src=\"https:\/\/cyberlanca.com\/wp-content\/uploads\/2025\/08\/1Agent-srvc-client-F.jpg\" alt=\"\" class=\"wp-image-4200\" style=\"width:82px;height:auto\" srcset=\"https:\/\/cyberlanca.com\/wp-content\/uploads\/2025\/08\/1Agent-srvc-client-F.jpg 199w, https:\/\/cyberlanca.com\/wp-content\/uploads\/2025\/08\/1Agent-srvc-client-F-12x12.jpg 12w\" sizes=\"(max-width: 199px) 100vw, 199px\" \/><\/figure><\/div><figure class=\"wp-block-audio\"><audio controls src=\"https:\/\/cyberlanca.com\/wp-content\/uploads\/2025\/08\/WhatsApp-Audio-2025-08-31-at-13.55.38.mp4\"><\/audio><\/figure><p><strong><a href=\"https:\/\/forms.gle\/MY3iWqwxKwbuYRGN9\" title=\"\">Fordern Sie ein pers\u00f6nliches Angebot an<\/a><\/strong><\/p><p><\/p>","protected":false},"excerpt":{"rendered":"Doublez vos rendez-vous commerciaux gr\u00e2ce \u00e0 notre prospection t\u00e9l\u00e9phonique sur mesure D\u00e9j\u00e0 +500 entreprises ont augment\u00e9 leur chiffre d&#8217;affaires avec notre service. Obtenez des rendez-vous qualifi\u00e9s sans effort. Pourquoi choisir Cyberlanca ? \u2705 Strat\u00e9gie Efficace Nos experts en t\u00e9l\u00e9prospection contactent vos prospects et planifient vos rendez-vous. \u2705 Gain de Temps Concentrez-vous sur la vente, nous&#8230;","protected":false},"author":1,"featured_media":0,"parent":0,"menu_order":0,"comment_status":"closed","ping_status":"closed","template":"","meta":{"_monsterinsights_skip_tracking":false,"_monsterinsights_sitenote_active":false,"_monsterinsights_sitenote_note":"","_monsterinsights_sitenote_category":0,"_FSMCFIC_featured_image_caption":"","_FSMCFIC_featured_image_nocaption":"","_FSMCFIC_featured_image_hide":"","_bodyClasses":"","_disableContainer":false,"_hidePageHeader":false,"_headerStyle":"","_isCustomHeader":false,"_headerStaticContentID":0,"_isCustomFooter":false,"_footerStaticContentId":0,"footnotes":""},"class_list":["post-4189","page","type-page","status-publish","hentry"],"aioseo_notices":[],"jetpack_sharing_enabled":true,"_links":{"self":[{"href":"https:\/\/cyberlanca.com\/de\/wp-json\/wp\/v2\/pages\/4189","targetHints":{"allow":["GET"]}}],"collection":[{"href":"https:\/\/cyberlanca.com\/de\/wp-json\/wp\/v2\/pages"}],"about":[{"href":"https:\/\/cyberlanca.com\/de\/wp-json\/wp\/v2\/types\/page"}],"author":[{"embeddable":true,"href":"https:\/\/cyberlanca.com\/de\/wp-json\/wp\/v2\/users\/1"}],"replies":[{"embeddable":true,"href":"https:\/\/cyberlanca.com\/de\/wp-json\/wp\/v2\/comments?post=4189"}],"version-history":[{"count":6,"href":"https:\/\/cyberlanca.com\/de\/wp-json\/wp\/v2\/pages\/4189\/revisions"}],"predecessor-version":[{"id":4548,"href":"https:\/\/cyberlanca.com\/de\/wp-json\/wp\/v2\/pages\/4189\/revisions\/4548"}],"wp:attachment":[{"href":"https:\/\/cyberlanca.com\/de\/wp-json\/wp\/v2\/media?parent=4189"}],"curies":[{"name":"wp","href":"https:\/\/api.w.org\/{rel}","templated":true}]}}