{"id":4185,"date":"2025-08-30T21:15:18","date_gmt":"2025-08-30T21:15:18","guid":{"rendered":"https:\/\/cyberlanca.com\/?page_id=4185"},"modified":"2026-01-24T16:48:04","modified_gmt":"2026-01-24T16:48:04","slug":"email-marketing","status":"publish","type":"page","link":"https:\/\/cyberlanca.com\/de\/e-mail-marketing\/","title":{"rendered":"E-Mail-Marketing"},"content":{"rendered":"<ul class=\"wp-block-list\"><li><a href=\"https:\/\/cyberlanca.com\/reseaux-sociaux\/\">Publicit\u00e9 sur notre plateforme<\/a><\/li>\n\n<li><a href=\"https:\/\/cyberlanca.com\/reseaux-sociaux\/\">Publicit\u00e9 sur les m\u00e9dias sociaux<\/a><\/li>\n\n<li><a href=\"https:\/\/cyberlanca.com\/devis-quote\/\" title=\"\">Site Web et pages de destination<\/a><\/li>\n\n<li><a href=\"https:\/\/cyberlanca.com\/pricing\">D\u00e9veloppement d&#8217;applications<\/a><\/li>\n\n<li><a href=\"https:\/\/cyberlanca.com\/google-ads-marketing\/\">Marketing publicitaire Google<\/a><\/li>\n\n<li><a href=\"https:\/\/cyberlanca.com\/email-marketing\/\">Marketing par e-mail<\/a><\/li>\n\n<li><a href=\"https:\/\/cyberlanca.com\/redaction-de-textes\/\" title=\"https:\/\/cyberlanca.com\/prospection\/\">Prospektion<\/a><\/li><\/ul><p>Profitieren Sie von Ihren Kundenlisten oder Beitr\u00e4gen in einem Newsletter<\/p><h5 class=\"wp-block-heading\">Mehr erfahren&nbsp;<\/h5><h2 class=\"wp-block-heading\">E-Mail-Marketing<\/h2><figure class=\"wp-block-image\"><img decoding=\"async\" src=\"https:\/\/www.publimats.be\/wp-content\/uploads\/list.svg\" alt=\"\" class=\"wp-image-35570\"\/><\/figure><p>Rentabilesez vos listes<\/p><figure class=\"wp-block-image\"><img decoding=\"async\" src=\"https:\/\/www.publimats.be\/wp-content\/uploads\/email_design.svg\" alt=\"\" class=\"wp-image-35568\"\/><\/figure><p>E-Mails mit Berufserfahrung<\/p><figure class=\"wp-block-image\"><img decoding=\"async\" src=\"https:\/\/www.publimats.be\/wp-content\/uploads\/rate.svg\" alt=\"\" class=\"wp-image-35569\"\/><\/figure><p>Optimierung f\u00fcr die beste Qualit\u00e4t<\/p><h4 class=\"wp-block-heading\">L&#039;email n&#039;est pas mort<\/h4><p>Es muss unbedingt nachgewiesen werden, dass die E-Mail-Zustellung nur dann m\u00f6glich ist, wenn sie ihr Mindestalter erreicht hat.<br>Im Laufe der Jahre 90 war es nicht mehr m\u00f6glich, mit dem 80% viel Geld zu verdienen. In unseren Tagen wurde ein neues Projekt im Anschluss an 20% als sehr gut angesehen.<\/p><p><strong>Ich glaube nicht, dass die E-Mail t\u00f6dlich ist. Loin de l\u00e0!<\/strong><br>Dies ist ein Kanal, der nicht vernachl\u00e4ssigt werden kann, da er nur noch ein wenig Zeit braucht, um die M\u00f6glichkeiten seiner Kunden zu ber\u00fchren und ihre Gesch\u00e4fte zu realisieren.<\/p><p>Alle E-Mails werden nicht akzeptiert. Ich glaube, Sie haben eine E-Mail&nbsp;<strong>Dies ist eine gute Idee und ich muss mich an ein Publikum wenden, das sich mit \u201eOpt-in\u201c einverstanden erkl\u00e4rt hat.<\/strong>, das ist ein Publikum, das sich freiwillig f\u00fcr den Empfang Ihrer E-Mails einschreibt. Dies ist die einzige M\u00f6glichkeit, gute Ergebnisse zu erzielen und sich an die Loi zu halten.<\/p><h4 class=\"wp-block-heading\">Konzeption von E-Mails im Responsive-Modus<\/h4><p>In unseren Tagen befragen unz\u00e4hlige Personen ihre E-Mails auf ihrem Smartphone.<br>Ich glaube nicht, dass Ihre E-Mail auf den Adapter f\u00fcr den gesamten Bildschirm zugreifen muss, der sich auf einem Smartphone, einem Tablet oder einem Ger\u00e4t befindet.<\/p><p>Alle E-Mails, die unsere Gesandten im Responsive-Modus erhalten haben, m\u00fcssen automatisch an den Bildschirm angepasst werden, an dem sie sich befinden. Dies erm\u00f6glicht dem Benutzer ein optimales Erlebnis, da er zu den besten Konvertierungsmethoden f\u00fchrt.<\/p><h4 class=\"wp-block-heading\">Ce que notre service inclut<\/h4><p>Wir laden Sie ein, Ihre berufliche E-Mail-Seite zu bearbeiten und den Absender an Ihre Adressenliste zu schicken.<br>Wir nutzen unsere eigene \u201eHaus\u201c-Strategie, um die Vorteile Ihres E-Mail-Versands zu optimieren.<\/p><p>Es ist nicht selten, dass wir von den Meistern 50% und 100% mehr erfahren als das, was Sie f\u00fcr mich tun konnten!<\/p><p>Wir k\u00f6nnen Ihnen auch die M\u00f6glichkeit geben, Ihre E-Mail zu revidieren.<\/p><p><a href=\"https:\/\/cyberlanca.com\/devis-quote\" title=\"\">Fordern Sie ein pers\u00f6nliches Angebot an<\/a><\/p><p><\/p>","protected":false},"excerpt":{"rendered":"Mettez \u00e0 profit vos listes de clients ou d\u2019inscrits \u00e0 une newsletter En savoir plus&nbsp; Email Marketing Rentabilisez vos listes Des emails con\u00e7us de mani\u00e8re professionnelle Optimisation pour de meilleurs taux d\u2019ouverture L\u2019email n\u2019est pas mort Il faut se rendre \u00e0 l\u2019\u00e9vidence: le taux d\u2019ouverture des emails n\u2019est plus ce qu\u2019il \u00e9tait \u00e0 leur \u00e2ge&#8230;","protected":false},"author":1,"featured_media":0,"parent":0,"menu_order":0,"comment_status":"closed","ping_status":"closed","template":"","meta":{"_monsterinsights_skip_tracking":false,"_monsterinsights_sitenote_active":false,"_monsterinsights_sitenote_note":"","_monsterinsights_sitenote_category":0,"_FSMCFIC_featured_image_caption":"","_FSMCFIC_featured_image_nocaption":"","_FSMCFIC_featured_image_hide":"","_bodyClasses":"","_disableContainer":false,"_hidePageHeader":false,"_headerStyle":"","_isCustomHeader":false,"_headerStaticContentID":0,"_isCustomFooter":false,"_footerStaticContentId":0,"footnotes":""},"class_list":["post-4185","page","type-page","status-publish","hentry"],"aioseo_notices":[],"jetpack_sharing_enabled":true,"_links":{"self":[{"href":"https:\/\/cyberlanca.com\/de\/wp-json\/wp\/v2\/pages\/4185","targetHints":{"allow":["GET"]}}],"collection":[{"href":"https:\/\/cyberlanca.com\/de\/wp-json\/wp\/v2\/pages"}],"about":[{"href":"https:\/\/cyberlanca.com\/de\/wp-json\/wp\/v2\/types\/page"}],"author":[{"embeddable":true,"href":"https:\/\/cyberlanca.com\/de\/wp-json\/wp\/v2\/users\/1"}],"replies":[{"embeddable":true,"href":"https:\/\/cyberlanca.com\/de\/wp-json\/wp\/v2\/comments?post=4185"}],"version-history":[{"count":4,"href":"https:\/\/cyberlanca.com\/de\/wp-json\/wp\/v2\/pages\/4185\/revisions"}],"predecessor-version":[{"id":4528,"href":"https:\/\/cyberlanca.com\/de\/wp-json\/wp\/v2\/pages\/4185\/revisions\/4528"}],"wp:attachment":[{"href":"https:\/\/cyberlanca.com\/de\/wp-json\/wp\/v2\/media?parent=4185"}],"curies":[{"name":"wp","href":"https:\/\/api.w.org\/{rel}","templated":true}]}}