{"id":4166,"date":"2025-08-29T15:49:13","date_gmt":"2025-08-29T15:49:13","guid":{"rendered":"https:\/\/cyberlanca.com\/?page_id=4166"},"modified":"2026-01-24T16:45:50","modified_gmt":"2026-01-24T16:45:50","slug":"google-ads-marketing","status":"publish","type":"page","link":"https:\/\/cyberlanca.com\/de\/google-ads-marketing\/","title":{"rendered":"Google Ads Marketing"},"content":{"rendered":"<ul class=\"wp-block-list\"><li><a href=\"https:\/\/cyberlanca.com\/reseaux-sociaux\/\">Advertising on our platform<\/a><\/li>\n\n<li><a href=\"https:\/\/cyberlanca.com\/reseaux-sociaux\/\">Advertising on Soial media<\/a><\/li>\n\n<li><a href=\"https:\/\/cyberlanca.com\/redaction-de-textes\/\">Redaction de blog, ebooks, mails<\/a><\/li>\n\n<li><a href=\"https:\/\/ai.siteweb.world\/\">Site Web &amp; Landig Pages<\/a><\/li>\n\n<li><a href=\"https:\/\/cyberlanca.com\/pricing\">Development of Application<\/a><\/li>\n\n<li><a href=\"https:\/\/cyberlanca.com\/google-ads-marketing\/\">Google Ads Marketing<\/a><\/li>\n\n<li><a href=\"https:\/\/cyberlanca.com\/email-marketing\/\">E-Mail-Marketing<\/a><\/li>\n\n<li><a href=\"https:\/\/cyberlanca.com\/redaction-de-textes\/\">P<\/a><a href=\"https:\/\/cyberlanca.com\/prospection\/\" title=\"\">rospection<\/a><\/li><\/ul><p>Profitieren Sie von der gesamten Leistung von Google<\/p><p>Suchmaschinen- und Displaymarketing<\/p><p><mark style=\"background-color:rgba(0, 0, 0, 0)\" class=\"has-inline-color has-danger-color\">+ Kampagnensuche+ Kampagnenanzeige<\/mark><\/p><h5 class=\"wp-block-heading\"><strong>&nbsp;Kampagnensuche<\/strong><\/h5><h2 class=\"wp-block-heading\"><strong>Google Ads-Suche<\/strong><\/h2><p>Tippen Sie auf \u201eLes genes quist \u00e0 la recherche de produits or services\u201c (\u201eLes Gens\u201c), die Sie bei der Suche nach Produkten oder Dienstleistungen unterst\u00fctzen m\u00f6chten<\/p><p>Die Qualit\u00e4t der Konvertierung ist f\u00fcr das Publikum sehr hoch<\/p><p>Sie m\u00fcssen nicht darauf achten, dass alle anderen auf Ihrer Ank\u00fcndigung klicken<\/p><h4 class=\"wp-block-heading\"><strong>Eine Zielgruppe f\u00fcr die Bekehrung<\/strong><\/h4><p>Das Suchmaschinenmarketing auf Google, <strong>anciennement appel\u00e9 Adwords<\/strong> (Suchnetzwerk), Sie k\u00f6nnen Ihre Werbung platzieren <strong>Lesen Sie die Ergebnisse auf Google und Youtube<\/strong>.<\/p><p>Das Prinzip ist ganz einfach: F\u00fchren Sie die Werbung f\u00fcr Ihre Produkte und Dienstleistungen durch <strong>Es gibt Personen, die bei der Suche nach Ceux-Ci wirksam sind<\/strong>.<\/p><p>Die Idee hinter dieser Strategie besteht darin, dass die Personen, die von der Google Ads-Suche gesehen werden, in einem sind <strong>d\u00e9marche active<\/strong> de recherche, et sont donc <strong>proches de l&#039;acte d&#039;achat<\/strong>.<\/p><p>Es handelt sich hierbei nicht um relative Aussichten <strong>faciles \u00e0 convertir<\/strong>.<\/p><h4 class=\"wp-block-heading\"><strong>Un petit exemple<\/strong><\/h4><p>Stellen Sie sich vor, Sie w\u00fcrden die Macarons verkaufen. Mit Google Ads (Adwords) ist es m\u00f6glich, Google zu bezahlen, um Ihre Werbung zu machen <strong>in den Rechercheergebnissen<\/strong> Beispielsweise suchen die Internetnutzer nach \u201eMacarons holen\u201c oder \u201ebesten Macarons\u201c.<\/p><p><strong>Ergebnis:<\/strong> Die meisten Kunden kommen zu Ihrer Werbung und gelangen auf Ihre Website <strong>d\u00e9couvrent votre produit<\/strong>.<br>Es ist nicht mehr n\u00f6tig, dass Sie es in der Boutique kaufen oder mit einem Klick Ihre Macarons online kaufen!<\/p><h4 class=\"wp-block-heading\"><strong>Nous nous occupons de tout<\/strong><\/h4><p>Sobald Sie sich entschieden haben, welche Produkte Sie ben\u00f6tigen, um ein Maximum an Ihre Gesch\u00e4ftsziele zu bringen, treffen wir uns an Ort und Stelle Ihrer Kampagnen und verfolgen weiterhin die Optimierungsstrategien, damit Sie in Ihrem Budget die besten Ergebnisse erzielen k\u00f6nnen.<\/p><p>Recherche der wichtigsten Schl\u00fcssel<\/p><p>R\u00e9daction des annonces<\/p><p>Mise en place des campagnes<\/p><p>Optimierung der Kampagnen wird fortgesetzt<\/p><p><a href=\"https:\/\/cyberlanca.com\/devis-quote\" title=\"\">Fordern Sie ein pers\u00f6nliches Angebot an<\/a><\/p><h5 class=\"wp-block-heading\"><strong>Kampagnenanzeige<\/strong><\/h5><h2 class=\"wp-block-heading\"><strong>Google Anzeigenanzeige<\/strong><\/h2><p>Anzeigen Ihrer Werbung auf mehr als 2 Millionen Websites im Internet, nicht auf YouTube und Google Mail<\/p><p>Remarketing-F\u00e4higkeiten, um neue Personen zu ber\u00fchren, die Ihre Website besucht haben<\/p><p>W\u00e4hlen Sie die Websites im Internet auf den von Ihnen angezeigten Inhalten aus<\/p><h4 class=\"wp-block-heading\"><strong>Ein beeindruckendes Site-Reseau<\/strong><\/h4><p>Die Google-Werbung ist nicht die einzige Website von Google. Im Laufe der Jahre hat Google ein riesiges Verzeichnis von Partner-Websites erstellt, auf denen Sie Ihre Werbung verbreiten k\u00f6nnen. Auf Compte-Maintenant <strong>Mehr als 2 Millionen Websites im Google-Netzwerk<\/strong>.<\/p><h4 class=\"wp-block-heading\"><strong>F\u00fcgen Sie Ihre Ver\u00f6ffentlichungen auf YouTube und Gmail hinzu<\/strong><\/h4><p>Mit Google Ads k\u00f6nnen Sie Ihre Werbung ver\u00f6ffentlichen <strong>auf YouTube und Gmail<\/strong>, Zwei Websites und mehr Beratung auf der ganzen Welt!<\/p><p>Stellen Sie sich dieses kleine Szenario einer Fahrradboutique vor. Es ist speziell auf die Schuhe spezialisiert<br>Ich kontaktiere Cyberlanca, um den Bekanntheitsgrad der Marke vor Schuhfans zu erfahren, die YouTube und Gmail nutzen.<br>Wir trafen uns an einem Ort in einer Kampagne <strong>Hier sind die YouTube-Chains, die Schuhvideos verbreiten <\/strong>. Parallel dazu haben wir eine Gmail-Kampagne f\u00fcr diese Personen durchgef\u00fchrt <strong>Ich interessiere mich f\u00fcr Schuhe<\/strong> (\u00fcber Ihr Online-Konto) erhielt eine Werbung f\u00fcr die Boutique von Franck, <strong>Richten Sie sich per E-Mail an Ihr Baby<\/strong>.<\/p><p><strong>Ergebnis: Franck ber\u00fchrte zahlreiche Schuhfans, die nicht anf\u00e4llig daf\u00fcr waren, sie in einer Boutique zu verkaufen.<\/strong><\/p><h4 class=\"wp-block-heading\"><strong>Gardez le contr\u00f4le<\/strong><\/h4><p>Wir ver\u00f6ffentlichen keine Werbung auf unserer Website.<br>Wir bitten Sie, Ihre Werbung zu ver\u00f6ffentlichen <strong>Auf den Pl\u00e4tzen respektieren Sie den Geist Ihrer Marke<\/strong>. Au\u00dferdem werden Ihre Ver\u00f6ffentlichungen nicht auf Websites mit Inhalten f\u00fcr Erwachsene oder Personen ver\u00f6ffentlicht, die \u00fcber kontroverse Inhalte verf\u00fcgen.<\/p><p>Wir k\u00f6nnen Ihnen noch mehr hinzuf\u00fcgen, ohne Ihre Werbung auf diesen Websites zu ver\u00f6ffentlichen <strong>Der Inhalt h\u00e4ngt nicht von Ihrer Aktivit\u00e4t ab<\/strong>. Die M\u00f6glichkeiten sind riesig!<\/p><h4 class=\"wp-block-heading\"><strong>Tippen Sie auf \u201eBesucher Ihrer Website\u201c im Internet<\/strong><\/h4><p>Dank Remarketing k\u00f6nnen Sie Ihre Werbung ver\u00f6ffentlichen <strong>Weitere Personen, die gerade Ihre Website besucht haben<\/strong>, ich geh\u00f6re auch zu einem Surfer-Training auf anderen Websites.<\/p><p>Stellen Sie sich vor, eine Person w\u00fcrde ein spezielles Schuhmodell auf der Website von Franck besuchen.<\/p><p>Wir haben Ihnen eine Werbung mit dem Schuh in Frage gestellt, weil Sie die Google-Partnerseite besucht haben!<\/p><p>Cette technique est utilis\u00e9e <strong>von allen gro\u00dfen Namen, die auf der Linie unterwegs sind<\/strong> und eine Tendenz, die Taux de Conversion substantielle zu vergr\u00f6\u00dfern.<\/p><p><a href=\"https:\/\/cyberlanca.com\/devis-quote\" title=\"\">Fordern Sie ein pers\u00f6nliches Angebot an<\/a><\/p>","protected":false},"excerpt":{"rendered":"Profitez de toute la puissance de Google Search &amp; Display marketing + Campagnes search+ Campagnes display &nbsp;Campagnes Search Google Ads Search Touchez les gens qui sont \u00e0 la recherche de produits ou services tels que les v\u00f4tres Des taux de conversion tr\u00e8s \u00e9lev\u00e9s du fait de la qualit\u00e9 de l\u2019audience Ne payez que quand les&#8230;","protected":false},"author":1,"featured_media":0,"parent":0,"menu_order":0,"comment_status":"closed","ping_status":"closed","template":"","meta":{"_monsterinsights_skip_tracking":false,"_monsterinsights_sitenote_active":false,"_monsterinsights_sitenote_note":"","_monsterinsights_sitenote_category":0,"_FSMCFIC_featured_image_caption":"","_FSMCFIC_featured_image_nocaption":"","_FSMCFIC_featured_image_hide":"","_bodyClasses":"","_disableContainer":false,"_hidePageHeader":false,"_headerStyle":"","_isCustomHeader":false,"_headerStaticContentID":0,"_isCustomFooter":false,"_footerStaticContentId":0,"footnotes":""},"class_list":["post-4166","page","type-page","status-publish","hentry"],"aioseo_notices":[],"jetpack_sharing_enabled":true,"_links":{"self":[{"href":"https:\/\/cyberlanca.com\/de\/wp-json\/wp\/v2\/pages\/4166","targetHints":{"allow":["GET"]}}],"collection":[{"href":"https:\/\/cyberlanca.com\/de\/wp-json\/wp\/v2\/pages"}],"about":[{"href":"https:\/\/cyberlanca.com\/de\/wp-json\/wp\/v2\/types\/page"}],"author":[{"embeddable":true,"href":"https:\/\/cyberlanca.com\/de\/wp-json\/wp\/v2\/users\/1"}],"replies":[{"embeddable":true,"href":"https:\/\/cyberlanca.com\/de\/wp-json\/wp\/v2\/comments?post=4166"}],"version-history":[{"count":8,"href":"https:\/\/cyberlanca.com\/de\/wp-json\/wp\/v2\/pages\/4166\/revisions"}],"predecessor-version":[{"id":4526,"href":"https:\/\/cyberlanca.com\/de\/wp-json\/wp\/v2\/pages\/4166\/revisions\/4526"}],"wp:attachment":[{"href":"https:\/\/cyberlanca.com\/de\/wp-json\/wp\/v2\/media?parent=4166"}],"curies":[{"name":"wp","href":"https:\/\/api.w.org\/{rel}","templated":true}]}}