{"id":4156,"date":"2025-08-28T06:26:41","date_gmt":"2025-08-28T06:26:41","guid":{"rendered":"https:\/\/cyberlanca.com\/?page_id=4156"},"modified":"2026-01-24T17:28:28","modified_gmt":"2026-01-24T17:28:28","slug":"reseaux-sociaux","status":"publish","type":"page","link":"https:\/\/cyberlanca.com\/de\/soziale-netzwerke\/","title":{"rendered":"Soziale Netzwerke"},"content":{"rendered":"<ul class=\"wp-block-list\"><li><a href=\"https:\/\/cyberlanca.com\/reseaux-sociaux\/\">Advertising on our platform<\/a><\/li>\n\n<li><a href=\"https:\/\/cyberlanca.com\/reseaux-sociaux\/\">Advertising on Soial media<\/a><\/li>\n\n<li><a href=\"https:\/\/cyberlanca.com\/redaction-de-textes\/\">Redaction de blog, ebooks, mails<\/a><\/li>\n\n<li><a href=\"https:\/\/ai.siteweb.world\/\">Site Web &amp; Landig Pages<\/a><\/li>\n\n<li><a href=\"https:\/\/cyberlanca.com\/pricing\">Development of Application<\/a><\/li>\n\n<li><a href=\"https:\/\/cyberlanca.com\/google-ads-marketing\/\">Google Ads Marketing<\/a><\/li>\n\n<li><a href=\"https:\/\/cyberlanca.com\/email-marketing\/\">E-Mail-Marketing<\/a><\/li>\n\n<li><a href=\"https:\/\/cyberlanca.com\/redaction-de-textes\/\">P<\/a><a href=\"https:\/\/cyberlanca.com\/prospection\/\" title=\"\">rospection<\/a><\/li><\/ul><p>Ver\u00f6ffentlichte Kampagnen in sozialen Netzwerken<\/p><p>Facebook \u2013 Instagram \u2013 TikTok \u2013 Snapchat \u2013 Linkedin<\/p><p><mark style=\"background-color:rgba(0, 0, 0, 0)\" class=\"has-inline-color has-danger-color\">+ BRANDING &amp; NOTORI\u00c9T\u00c9+ VENTES &amp; PERSPEKTIVEN<\/mark><\/p><h5 class=\"wp-block-heading\"><strong>Branding &amp; Bekanntheit<\/strong><\/h5><h2 class=\"wp-block-heading\"><strong>Social Branding<\/strong><\/h2><h4 class=\"wp-block-heading\"><strong>Gagnez en notori\u00e9t\u00e9<\/strong><\/h4><h4 class=\"wp-block-heading\"><strong>Restez dans l&#039;esprit du consommateur<\/strong><\/h4><h4 class=\"wp-block-heading\"><strong>Assoziieren Sie spezifische Gef\u00fchle zu Ihrer Marke<\/strong><\/h4><h4 class=\"wp-block-heading\"><strong>Es ist nicht einfach, Ideen umzusetzen<\/strong><\/h4><p>Bei jedem Klick k\u00f6nnen sich die Menschen mit all unseren Kontakten, ihren Alltagsfotos, den Artikeln, die sie interessieren, zusammenschlie\u00dfen, aber auch der Inhalt stammt von ihren bevorzugten Marken.<\/p><p>Dies stellt eine sch\u00f6ne Gelegenheit f\u00fcr die Unternehmen dar, sichtbar zu sein und \u201evirtuell in die Luft\u201c zu gehen, das die sozialen Netzwerke repr\u00e4sentiert. Eine gute soziale Ressourcenverwaltung ist von Anfang an.<\/p><p>Beim Durchqueren der Mikroinhalte, die vielf\u00e4ltig und speziell f\u00fcr die Korrespondenz mit Ihrem Publikum erstellt wurden, haben wir den Ruf Ihrer Marke erweitert.<\/p><p><strong>Ergebnis:<\/strong> Um eine optimale soziale Ressourcennutzung zu erreichen, und die Personen, die Sie kennengelernt und geglaubt haben, werden Sie aufsuchen, bevor Sie an das Ziel gelangen!<\/p><h4 class=\"wp-block-heading\"><strong>Bleiben Sie im Geiste Ihrer potenziellen Kunden<\/strong><\/h4><p>In einer \u00e4u\u00dferst gleichzeitigen Umgebung m\u00fcssen Sie sich darum bem\u00fchen, Ihren Geist im Geiste Ihrer Konsumenten zu st\u00e4rken. Es ist nicht unbedingt erforderlich, einen regelm\u00e4\u00dfigen Fluss von Inhalten usw. zu produzieren, und zwar das ganze Jahr \u00fcber.<\/p><p>Das ist unser Anspruch an Social Branding.<br>Wir erstellen jede Woche Inhalte f\u00fcr den Diffusor auf Ihren Social-Ressourcen:<\/p><p>Pr\u00e4sentation Ihrer Produkte\/Dienstleistungen<\/p><p>Veranstaltungen<\/p><p>Mise en avant des valeurs de l&#039;entreprise<\/p><p>Vorteile gleichzeitig<\/p><p>Concours<\/p><h4 class=\"wp-block-heading\"><strong>Eine \u00dcberwachung sozialer Ressourcen auf Ma\u00df<\/strong><\/h4><p>Unsere Community-Manager haben ihren Redaktionsstil angepasst, damit sie der Redaktionscharta Ihres Unternehmens entsprechen.<\/p><p>Wenn Sie keine redaktionelle Charta haben, geraten Sie nicht in Panik! Wir haben eine Reihe von Stilen erstellt, die auf der Grundlage des Bildes, das Sie mit Ihrem Unternehmen verbinden m\u00f6chten, abgestimmt sind, und haben die ausgew\u00e4hlten sozialen Netzwerke ausgew\u00e4hlt: Eine Facebook-Werbung geht nicht auf die gleiche Art und Weise zur\u00fcck, wie eine Instagram-Werbung erfolgt.<\/p><p>Seri\u00f6ser und professioneller Stil, professioneller, aber entspannter, humorvoller, inspirierender Stil ... Sie haben die Wahl, wir haben uns angepasst!<\/p><h4 class=\"wp-block-heading\"><strong>Ein ma\u00eetrisierter Budget-Publizist<\/strong><\/h4><p>Wir haben auch die Budget-Werbung f\u00fcr Ihre Social-Media-Kampagnen genutzt.<\/p><p>F\u00fcr jede Ver\u00f6ffentlichung haben wir festgelegt, wie wir das Profil des idealen Publikums pr\u00e4zisieren k\u00f6nnen, um den Zugriff auf soziale Netzwerke zu erm\u00f6glichen. Die Anzahl der Segmentierungskriterien ist m\u00f6glich:<\/p><p>Ciblage g\u00e9ographique<\/p><p>Alter und Geschlecht des Publikums<\/p><p>Centres d&#039;int\u00e9r\u00eat<\/p><p>Besuchsverhalten auf Ihrer Website<\/p><p>Langue parl\u00e9e par l&#039;audience<\/p><h4 class=\"wp-block-heading\"><strong>Die von uns genutzten Ressourcen<\/strong><\/h4><p>Die Strategien, die wir vorschlagen, h\u00e4ngen von Ihren Gesch\u00e4ftszielen ab.<br>Aus diesem Grund k\u00f6nnen wir Ihnen gerne Kampagnen auf Facebook, Instagram, TikTok, Snapchat, Youtube usw. vorschlagen.<\/p><h4 class=\"wp-block-heading\">Nous y diffusons plus de <strong>10.000<\/strong> Publikationen jedes Jahr!<\/h4><p><a href=\"https:\/\/www.cyberlanca.com\/devis\" title=\"\">De<\/a><a href=\"https:\/\/cyberlanca.com\/devis-quote\/\" title=\"\">Mander Une Offre Personnalis\u00e9e<\/a><\/p><p><\/p>","protected":false},"excerpt":{"rendered":"Des campagnes cibl\u00e9es sur les r\u00e9seaux sociaux Facebook \u2013 Instagram \u2013 TikTok \u2013 Snapchat&nbsp;&#8211; Linkedin + BRANDING &amp; NOTORI\u00c9T\u00c9+ VENTES &amp; PROSPECTS Branding &amp; Notori\u00e9t\u00e9 Social Branding Gagnez en notori\u00e9t\u00e9 Restez dans l&#8217;esprit du consommateur Associez des sentiments sp\u00e9cifiques \u00e0 votre marque Il n\u2019a jamais \u00e9t\u00e9 aussi facile de partager des id\u00e9es En quelques clics,&#8230;","protected":false},"author":1,"featured_media":0,"parent":0,"menu_order":0,"comment_status":"closed","ping_status":"closed","template":"","meta":{"_monsterinsights_skip_tracking":false,"_monsterinsights_sitenote_active":false,"_monsterinsights_sitenote_note":"","_monsterinsights_sitenote_category":0,"_FSMCFIC_featured_image_caption":"","_FSMCFIC_featured_image_nocaption":"","_FSMCFIC_featured_image_hide":"","_bodyClasses":"","_disableContainer":false,"_hidePageHeader":false,"_headerStyle":"","_isCustomHeader":false,"_headerStaticContentID":0,"_isCustomFooter":false,"_footerStaticContentId":0,"footnotes":""},"class_list":["post-4156","page","type-page","status-publish","hentry"],"aioseo_notices":[],"jetpack_sharing_enabled":true,"_links":{"self":[{"href":"https:\/\/cyberlanca.com\/de\/wp-json\/wp\/v2\/pages\/4156","targetHints":{"allow":["GET"]}}],"collection":[{"href":"https:\/\/cyberlanca.com\/de\/wp-json\/wp\/v2\/pages"}],"about":[{"href":"https:\/\/cyberlanca.com\/de\/wp-json\/wp\/v2\/types\/page"}],"author":[{"embeddable":true,"href":"https:\/\/cyberlanca.com\/de\/wp-json\/wp\/v2\/users\/1"}],"replies":[{"embeddable":true,"href":"https:\/\/cyberlanca.com\/de\/wp-json\/wp\/v2\/comments?post=4156"}],"version-history":[{"count":7,"href":"https:\/\/cyberlanca.com\/de\/wp-json\/wp\/v2\/pages\/4156\/revisions"}],"predecessor-version":[{"id":4530,"href":"https:\/\/cyberlanca.com\/de\/wp-json\/wp\/v2\/pages\/4156\/revisions\/4530"}],"wp:attachment":[{"href":"https:\/\/cyberlanca.com\/de\/wp-json\/wp\/v2\/media?parent=4156"}],"curies":[{"name":"wp","href":"https:\/\/api.w.org\/{rel}","templated":true}]}}