{"id":3,"date":"2024-06-30T10:18:12","date_gmt":"2024-06-30T10:18:12","guid":{"rendered":"https:\/\/cyberlanca.com\/?page_id=3"},"modified":"2025-12-11T01:12:48","modified_gmt":"2025-12-11T01:12:48","slug":"privacy-policy","status":"publish","type":"page","link":"https:\/\/cyberlanca.com\/de\/datenschutzrichtlinie\/","title":{"rendered":"Datenschutzrichtlinie"},"content":{"rendered":"<h2 class=\"wp-block-heading\">Wer wir sind<\/h2><p>Unsere Website-Adresse lautet: https:\/\/cyberlanca.com.<\/p><h2 class=\"wp-block-heading\">Kommentare<\/h2><p>When visitors leave comments on the site we collect the data shown in the comments form, and also the visitor\u2019s IP address and browser user agent string to help spam detection.<\/p><p>Aus Ihrer E-Mail-Adresse kann eine anonymisierte Zeichenfolge erstellt (auch Hash genannt) und dem Gravatar-Dienst zur Verf\u00fcgung gestellt werden, um zu pr\u00fcfen, ob Sie diesen verwenden. Die Datenschutzrichtlinie des Gravatar-Dienstes finden Sie hier: https:\/\/automattic.com\/privacy\/. Nachdem Ihr Kommentar freigegeben wurde, ist Ihr Profilbild im Kontext Ihres Kommentars \u00f6ffentlich sichtbar.<\/p><h2 class=\"wp-block-heading\">Medien<\/h2><p>Wenn Sie Bilder auf die Website hochladen, sollten Sie das Hochladen von Bildern mit eingebetteten Standortdaten (EXIF GPS) vermeiden. Besucher der Website k\u00f6nnten Standortdaten aus Bildern, die auf der Website gespeichert sind, herunterladen und extrahieren.<\/p><h2 class=\"wp-block-heading\">Dieses Portal verwendet Cookies zur Optimierung der Browserfunktion. Informieren Sie sich, wie wir Cookies verwenden und wie Sie Ihre Einstellungen \u00e4ndern k\u00f6nnen.<\/h2><p>Wenn Sie auf unserer Website einen Kommentar hinterlassen, kann das eine Einwilligung zur Speicherung Ihres Namens, Ihrer E-Mail-Adresse und Ihrer Website in Cookies sein. Dies dient Ihrer Bequemlichkeit, damit Sie diese Daten nicht erneut eingeben m\u00fcssen, wenn Sie einen weiteren Kommentar hinterlassen. Diese Cookies werden ein Jahr lang gespeichert.<\/p><p>Wenn Sie ein Konto haben und sich auf dieser Website anmelden, werden wir ein tempor\u00e4res Cookie setzen, um festzustellen, ob Ihr Browser Cookies akzeptiert. Dieses Cookie enth\u00e4lt keine personenbezogenen Daten und wird verworfen, wenn Sie Ihren Browser schlie\u00dfen.<\/p><p>When you log in, we will also set up several cookies to save your login information and your screen display choices. Login cookies last for two days, and screen options cookies last for a year. If you select &#8220;Remember Me&#8221;, your login will persist for two weeks. If you log out of your account, the login cookies will be removed.<\/p><p>Wenn Sie einen Artikel bearbeiten oder ver\u00f6ffentlichen, wird ein zus\u00e4tzlicher Cookie in Ihrem Browser gespeichert. Dieser Cookie enth\u00e4lt keine personenbezogenen Daten und gibt lediglich die Beitrags-ID des Artikels an, den Sie gerade bearbeitet haben. Er verf\u00e4llt nach einem Tag.<\/p><h2 class=\"wp-block-heading\">Eingebettete Inhalte von anderen Websites<\/h2><p>Beitr\u00e4ge auf dieser Website k\u00f6nnen eingebettete Inhalte beinhalten (z. B. Videos, Bilder, Beitr\u00e4ge etc.). Eingebettete Inhalte von anderen Websites verhalten sich exakt so, als ob der Besucher die andere Website besucht h\u00e4tte.<\/p><p>Diese Websites k\u00f6nnen Daten \u00fcber Sie sammeln, Cookies benutzen, zus\u00e4tzliche Tracking-Dienste von Dritten einbetten und Ihre Interaktion mit diesem eingebetteten Inhalt aufzeichnen, inklusive Ihrer Interaktion mit dem eingebetteten Inhalt, falls Sie ein Konto haben und auf dieser Website angemeldet sind.<\/p><h2 class=\"wp-block-heading\">Mit wem wir Ihre Daten teilen<\/h2><p>Wenn Sie eine Zur\u00fccksetzung des Passworts anfordern, wird Ihre IP-Adresse in der E-Mail zur Zur\u00fccksetzung enthalten sein.<\/p><h2 class=\"wp-block-heading\">Wie lange wir Ihre Daten speichern<\/h2><p>Wenn Sie einen Kommentar hinterlassen, werden dieser und seine Metadaten zeitlich unbegrenzt gespeichert. Auf diese Weise k\u00f6nnen wir Folgekommentare automatisch erkennen und freigeben, anstatt sie in einer Moderationswarteschlange festzuhalten.<\/p><p>F\u00fcr Benutzer, die sich auf unserer Website registrieren (falls vorhanden), speichern wir zus\u00e4tzlich die pers\u00f6nlichen Informationen, die sie in ihren Benutzerprofilen angeben. Alle Benutzer k\u00f6nnen ihre pers\u00f6nlichen Informationen jederzeit einsehen, bearbeiten oder l\u00f6schen (der Benutzername kann nicht ge\u00e4ndert werden). Website-Administratoren k\u00f6nnen diese Informationen ebenfalls einsehen und bearbeiten.<\/p><h2 class=\"wp-block-heading\">Welche Rechte du an deinen Daten hast<\/h2><p>Wenn Sie ein Konto auf dieser Site besitzen oder Kommentare geschrieben haben, k\u00f6nnen Sie einen Export Ihrer bei uns gespeicherten personenbezogenen Daten anfordern, inklusive aller Daten, die Sie uns mitgeteilt haben. Dar\u00fcber hinaus k\u00f6nnen Sie die L\u00f6schung aller von Ihnen gespeicherten personenbezogenen Daten anfordern. Dies umfasst nicht die Daten, die wir aufgrund administrativer, rechtlicher oder sicherheitsrelevanter Notwendigkeiten aufbewahren m\u00fcssen.<\/p><h2 class=\"wp-block-heading\">Wohin Ihre Daten gesendet werden<\/h2><p>Your data is sent to the differents services for the treatment of your order and going to be deleted on your request.<\/p>","protected":false},"excerpt":{"rendered":"Who we are Our website address is: https:\/\/cyberlanca.com. Comments When visitors leave comments on the site we collect the data shown in the comments form, and also the visitor\u2019s IP address and browser user agent string to help spam detection. An anonymized string created from your email address (also called a hash) may be provided&#8230;","protected":false},"author":1,"featured_media":0,"parent":0,"menu_order":0,"comment_status":"closed","ping_status":"closed","template":"","meta":{"_monsterinsights_skip_tracking":false,"_monsterinsights_sitenote_active":false,"_monsterinsights_sitenote_note":"","_monsterinsights_sitenote_category":0,"_FSMCFIC_featured_image_caption":"","_FSMCFIC_featured_image_nocaption":"","_FSMCFIC_featured_image_hide":"","_bodyClasses":"","_disableContainer":false,"_hidePageHeader":false,"_headerStyle":"","_isCustomHeader":false,"_headerStaticContentID":0,"_isCustomFooter":false,"_footerStaticContentId":0,"footnotes":""},"class_list":["post-3","page","type-page","status-publish","hentry"],"aioseo_notices":[],"jetpack_sharing_enabled":true,"_links":{"self":[{"href":"https:\/\/cyberlanca.com\/de\/wp-json\/wp\/v2\/pages\/3","targetHints":{"allow":["GET"]}}],"collection":[{"href":"https:\/\/cyberlanca.com\/de\/wp-json\/wp\/v2\/pages"}],"about":[{"href":"https:\/\/cyberlanca.com\/de\/wp-json\/wp\/v2\/types\/page"}],"author":[{"embeddable":true,"href":"https:\/\/cyberlanca.com\/de\/wp-json\/wp\/v2\/users\/1"}],"replies":[{"embeddable":true,"href":"https:\/\/cyberlanca.com\/de\/wp-json\/wp\/v2\/comments?post=3"}],"version-history":[{"count":2,"href":"https:\/\/cyberlanca.com\/de\/wp-json\/wp\/v2\/pages\/3\/revisions"}],"predecessor-version":[{"id":4454,"href":"https:\/\/cyberlanca.com\/de\/wp-json\/wp\/v2\/pages\/3\/revisions\/4454"}],"wp:attachment":[{"href":"https:\/\/cyberlanca.com\/de\/wp-json\/wp\/v2\/media?parent=3"}],"curies":[{"name":"wp","href":"https:\/\/api.w.org\/{rel}","templated":true}]}}