{"id":4188,"date":"2025-08-31T21:01:48","date_gmt":"2025-08-31T21:01:48","guid":{"rendered":"https:\/\/cyberlanca.com\/?page_id=4188"},"modified":"2026-01-24T16:43:54","modified_gmt":"2026-01-24T16:43:54","slug":"redaction-de-textes","status":"publish","type":"page","link":"https:\/\/cyberlanca.com\/ar\/\u062a\u062d\u0631\u064a\u0631-\u0627\u0644\u0646\u0635\u0648\u0635\/","title":{"rendered":"R\u00e9daction De Textes"},"content":{"rendered":"<ul class=\"wp-block-list\"><li><a href=\"https:\/\/cyberlanca.com\/reseaux-sociaux\/\">Advertising on our platform<\/a><\/li>\n\n<li><a href=\"https:\/\/cyberlanca.com\/reseaux-sociaux\/\">Advertising on Soial media<\/a><\/li>\n\n<li><a href=\"https:\/\/cyberlanca.com\/redaction-de-textes\/\">Redaction de blog, ebooks, mails<\/a><\/li>\n\n<li><a href=\"https:\/\/cyberlanca.com\/devis-quote\/\" title=\"\">Site Web &amp; Landig Pages<\/a><\/li>\n\n<li><a href=\"https:\/\/cyberlanca.com\/pricing\">Dev<\/a><a href=\"https:\/\/cyberlanca.com\/devis-quote\/\" rel=\"nofollow\" title=\"\">elopment of Application<\/a><\/li>\n\n<li><a href=\"https:\/\/cyberlanca.com\/google-ads-marketing\/\">\u062a\u0633\u0648\u064a\u0642 \u0625\u0639\u0644\u0627\u0646\u0627\u062a \u062c\u0648\u062c\u0644<\/a><\/li>\n\n<li><a href=\"https:\/\/cyberlanca.com\/email-marketing\/\">\u0627\u0644\u062a\u0633\u0648\u064a\u0642 \u0639\u0628\u0631 \u0627\u0644\u0628\u0631\u064a\u062f \u0627\u0644\u0625\u0644\u0643\u062a\u0631\u0648\u0646\u064a<\/a><\/li>\n\n<li><a href=\"https:\/\/cyberlanca.com\/redaction-de-textes\/\">P<\/a><a href=\"https:\/\/cyberlanca.com\/prospection\/\/\" title=\"\">rospection<\/a><\/li><\/ul><p>\u0645\u0642\u0627\u0644\u0627\u062a \u0645\u062f\u0648\u0646\u0629\u060c \u0643\u062a\u0628 \u0625\u0644\u0643\u062a\u0631\u0648\u0646\u064a\u0629\u060c \u0645\u062d\u062a\u0648\u0649 \u0645\u0648\u0642\u0639 \u0648\u064a\u0628\u060c ...<\/p><h5 class=\"wp-block-heading\">En savoir plus&nbsp;<\/h5><h2 class=\"wp-block-heading\">\u0643\u062a\u0627\u0628\u0629 \u0627\u0644\u0625\u0639\u0644\u0627\u0646\u0627\u062a<\/h2><figure class=\"wp-block-image\"><img decoding=\"async\" src=\"https:\/\/www.publimats.be\/wp-content\/uploads\/content.svg\" alt=\"\" class=\"wp-image-35582\"\/><\/figure><p>\u062a\u0648\u0641\u064a\u0631 \u0627\u0644\u0645\u062d\u062a\u0648\u0649 \u0627\u0644\u0645\u0646\u0627\u0633\u0628 \u0644\u0645\u062d\u0627\u0636\u0631\u064a\u0643<\/p><figure class=\"wp-block-image\"><img decoding=\"async\" src=\"https:\/\/www.publimats.be\/wp-content\/uploads\/seo.svg\" alt=\"\" class=\"wp-image-35581\"\/><\/figure><p>\u062a\u062d\u0633\u064a\u0646 \u0645\u062d\u0631\u0643\u0627\u062a \u0627\u0644\u0628\u062d\u062b<\/p><figure class=\"wp-block-image\"><img decoding=\"async\" src=\"https:\/\/www.publimats.be\/wp-content\/uploads\/time_save.svg\" alt=\"\" class=\"wp-image-35583\"\/><\/figure><p>\u0645\u0643\u0633\u0628 \u0644\u0644\u0648\u0642\u062a \u0647\u0627\u0626\u0644 \u0628\u0627\u0644\u0646\u0633\u0628\u0629 \u0644\u0643<\/p><h4 class=\"wp-block-heading\"><strong>\u0642\u0645 \u0628\u062a\u0632\u0648\u064a\u062f \u0627\u0644\u0639\u0645\u0644\u0627\u0621 \u0628\u0645\u062d\u062a\u0648\u0649 \u0639\u0627\u0644\u064a \u0627\u0644\u062c\u0648\u062f\u0629<\/strong><\/h4><p>\u0625\u0646 \u0627\u0644\u0645\u0648\u0627\u0641\u0642\u0629 \u0639\u0644\u0649 \u062c\u0644\u0628 \u0627\u0644\u0639\u0645\u0644\u0627\u0621 \u0627\u0644\u0645\u062d\u062a\u0645\u0644\u064a\u0646 \u0625\u0644\u0649 \u0645\u0648\u0642\u0639 \u0627\u0644\u0648\u064a\u0628 \u0627\u0644\u062e\u0627\u0635 \u0628\u0643 \u0623\u0645\u0631 \u063a\u064a\u0631 \u0644\u0627\u0626\u0642. \u0639\u0644\u0627\u0648\u0629 \u0639\u0644\u0649 \u0630\u0644\u0643\u060c \u0644\u0627 \u062a\u0639\u0637\u064a \u062e\u0648\u0627\u0631\u0632\u0645\u064a\u0627\u062a Google \u0627\u0644\u0623\u0648\u0644\u0648\u064a\u0629 \u0644\u0644\u0645\u062d\u062a\u0648\u0649 \u0627\u0644\u0630\u064a \u062a\u0631\u064a\u062f\u0647&nbsp;<strong>\u0623\u0643\u062b\u0631 \u0635\u0644\u0629 \u0628\u0627\u0644\u0645\u0648\u0636\u0648\u0639<\/strong>.<\/p><p>Avoir des&nbsp;<strong>articles de blog de qualit\u00e9<\/strong>&nbsp;\u0648\u0622\u062e\u0631\u0648\u0646&nbsp;<strong>site web bien r\u00e9dig\u00e9<\/strong>\u060c \u0645\u0645\u0627 \u064a\u062f\u0644 \u0639\u0644\u0649 \u0642\u064a\u0645\u0629 \u062d\u0642\u064a\u0642\u064a\u0629 \u062a\u0645\u062a \u0625\u0636\u0627\u0641\u062a\u0647\u0627 \u0625\u0644\u0649 \u0627\u0644\u0625\u0646\u062a\u0631\u0646\u062a\u060c \u0645\u0645\u0627 \u064a\u0645\u0646\u062d \u0645\u064a\u0632\u0629 \u0645\u062a\u0632\u0627\u0645\u0646\u0629 \u0644\u0627 \u064a\u0645\u0643\u0646 \u0625\u0647\u0645\u0627\u0644\u0647\u0627.<\/p><h4 class=\"wp-block-heading\"><strong>\u0645\u0648\u0642\u0639 \u0623\u0641\u0636\u0644 \u0639\u0644\u0649 \u062c\u0648\u062c\u0644<\/strong><\/h4><p>\u0627\u0644\u0645\u0642\u0627\u0644\u0627\u062a \u0627\u0644\u062a\u064a \u0646\u0646\u0634\u0631\u0647\u0627 \u0647\u064a \u0643\u0630\u0644\u0643&nbsp;<strong>\u062a\u062d\u0633\u064a\u0646 \u0645\u062d\u0631\u0643\u0627\u062a \u0627\u0644\u0628\u062d\u062b<\/strong>. \u0647\u0630\u0627 \u064a\u0639\u0646\u064a \u0623\u0646\u0646\u0627 \u0646\u062a\u0635\u0648\u0631 \u0646\u0635\u0648\u0635\u0646\u0627 \u0648\u0646\u0639\u0631\u0636\u0647\u0627 \u0648\u0646\u062d\u0633\u0628\u0647\u0627&nbsp;<strong>les mots cl\u00e9s sur lesquels vous souhaitez vous locationner<\/strong>.<\/p><p>\u0627\u0644\u0645\u064a\u0632\u0629 \u0645\u0632\u062f\u0648\u062c\u0629: \u0628\u0627\u0644\u0625\u0636\u0627\u0641\u0629 \u0625\u0644\u0649 \u0625\u0638\u0647\u0627\u0631 \u062e\u0628\u0631\u062a\u0643 \u0645\u0646 \u062e\u0644\u0627\u0644 \u0627\u0644\u0645\u0642\u0627\u0644\u0627\u062a \u0627\u0644\u0645\u062a\u062e\u0635\u0635\u0629 \u0645\u0646 \u0642\u0628\u0644 \u0627\u0644\u0645\u062d\u062a\u0631\u0641\u064a\u0646\u060c \u0633\u064a\u0635\u0628\u062d \u0645\u0648\u0642\u0639 \u0627\u0644\u0648\u064a\u0628 \u0627\u0644\u062e\u0627\u0635 \u0628\u0643&nbsp;<strong>\u0645\u0648\u0642\u0639 \u0623\u0641\u0636\u0644 \u0641\u064a \u0646\u062a\u0627\u0626\u062c \u0627\u0644\u0628\u062d\u062b<\/strong>.<\/p><p><strong>\u0627\u0644\u0646\u062a\u064a\u062c\u0629: \u062d\u0631\u0643\u0629 \u0645\u0631\u0648\u0631 \u0625\u0636\u0627\u0641\u064a\u0629 \u0639\u0644\u0649 \u0645\u0648\u0642\u0639 \u0627\u0644\u0648\u064a\u0628 \u0627\u0644\u062e\u0627\u0635 \u0628\u0643\u060c \u0628\u0627\u0644\u0625\u0636\u0627\u0641\u0629 \u0625\u0644\u0649 \u0627\u062d\u062a\u0645\u0627\u0644\u064a\u0629 \u0648\u0646\u0647\u0627\u0626\u064a\u0629 \u0628\u0627\u0644\u0625\u0636\u0627\u0641\u0629 \u0625\u0644\u0649 \u0627\u0644\u062a\u062d\u0648\u064a\u0644\u0627\u062a.<\/strong><\/p><p><a href=\"https:\/\/cyberlanca.com\/devis-quote\" title=\"\">\u0627\u0637\u0644\u0628 Une Offre Personalis\u00e9e<\/a><\/p><h5 class=\"wp-block-heading\">\u062e\u062f\u0645\u0629<\/h5><h2 class=\"wp-block-heading\">Ce que notre service inclut<\/h2><figure class=\"wp-block-image\"><img decoding=\"async\" src=\"https:\/\/www.publimats.be\/wp-content\/uploads\/search_.svg\" alt=\"\" class=\"wp-image-35586\"\/><\/figure><h4 class=\"wp-block-heading\">Recherches sur le sujet de l&#039;article<\/h4><figure class=\"wp-block-image\"><img decoding=\"async\" src=\"https:\/\/www.publimats.be\/wp-content\/uploads\/copywriter.svg\" alt=\"\" class=\"wp-image-35588\"\/><\/figure><h4 class=\"wp-block-heading\">R\u00e9daction professionnelle<\/h4><figure class=\"wp-block-image\"><img decoding=\"async\" src=\"https:\/\/www.publimats.be\/wp-content\/uploads\/keywording.svg\" alt=\"\" class=\"wp-image-35587\"\/><\/figure><h4 class=\"wp-block-heading\">\u062a\u062d\u0633\u064a\u0646 \u0645\u062d\u0631\u0643\u0627\u062a \u0627\u0644\u0628\u062d\u062b (SEO) \u0639\u0628\u0631 \u0625\u0636\u0627\u0641\u0629 \u0627\u0644\u0643\u0644\u0645\u0627\u062a \u0627\u0644\u0645\u0641\u062a\u0627\u062d\u064a\u0629<\/h4><p><a href=\"https:\/\/cyberlanca.com\/devis-quote\" title=\"\">\u0627\u0637\u0644\u0628 Une Offre Personalis\u00e9e<\/a><\/p><p><\/p>","protected":false},"excerpt":{"rendered":"Articles de blog, ebooks, contenu de site web, \u2026 En savoir plus&nbsp; Copywriting Offrez du contenu pertinent \u00e0 vos lecteurs Optimisation SEO Un gain de temps \u00e9norme pour vous Attirez des clients gr\u00e2ce \u00e0 du contenu de qualit\u00e9 La concurrence pour attirer des prospects sur votre site web est rude. De plus en plus, les&#8230;","protected":false},"author":1,"featured_media":0,"parent":0,"menu_order":0,"comment_status":"closed","ping_status":"closed","template":"","meta":{"_monsterinsights_skip_tracking":false,"_monsterinsights_sitenote_active":false,"_monsterinsights_sitenote_note":"","_monsterinsights_sitenote_category":0,"_FSMCFIC_featured_image_caption":"","_FSMCFIC_featured_image_nocaption":"","_FSMCFIC_featured_image_hide":"","_bodyClasses":"","_disableContainer":false,"_hidePageHeader":false,"_headerStyle":"","_isCustomHeader":false,"_headerStaticContentID":0,"_isCustomFooter":false,"_footerStaticContentId":0,"footnotes":""},"class_list":["post-4188","page","type-page","status-publish","hentry"],"aioseo_notices":[],"jetpack_sharing_enabled":true,"_links":{"self":[{"href":"https:\/\/cyberlanca.com\/ar\/wp-json\/wp\/v2\/pages\/4188","targetHints":{"allow":["GET"]}}],"collection":[{"href":"https:\/\/cyberlanca.com\/ar\/wp-json\/wp\/v2\/pages"}],"about":[{"href":"https:\/\/cyberlanca.com\/ar\/wp-json\/wp\/v2\/types\/page"}],"author":[{"embeddable":true,"href":"https:\/\/cyberlanca.com\/ar\/wp-json\/wp\/v2\/users\/1"}],"replies":[{"embeddable":true,"href":"https:\/\/cyberlanca.com\/ar\/wp-json\/wp\/v2\/comments?post=4188"}],"version-history":[{"count":5,"href":"https:\/\/cyberlanca.com\/ar\/wp-json\/wp\/v2\/pages\/4188\/revisions"}],"predecessor-version":[{"id":4525,"href":"https:\/\/cyberlanca.com\/ar\/wp-json\/wp\/v2\/pages\/4188\/revisions\/4525"}],"wp:attachment":[{"href":"https:\/\/cyberlanca.com\/ar\/wp-json\/wp\/v2\/media?parent=4188"}],"curies":[{"name":"wp","href":"https:\/\/api.w.org\/{rel}","templated":true}]}}