{"id":4185,"date":"2025-08-30T21:15:18","date_gmt":"2025-08-30T21:15:18","guid":{"rendered":"https:\/\/cyberlanca.com\/?page_id=4185"},"modified":"2026-01-24T16:48:04","modified_gmt":"2026-01-24T16:48:04","slug":"email-marketing","status":"publish","type":"page","link":"https:\/\/cyberlanca.com\/ar\/\u0627\u0644\u062a\u0633\u0648\u064a\u0642-\u0639\u0628\u0631-\u0627\u0644\u0628\u0631\u064a\u062f-\u0627\u0644\u0625\u0644\u0643\u062a\u0631\u0648\u0646\u064a\/","title":{"rendered":"\u0627\u0644\u062a\u0633\u0648\u064a\u0642 \u0639\u0628\u0631 \u0627\u0644\u0628\u0631\u064a\u062f \u0627\u0644\u0625\u0644\u0643\u062a\u0631\u0648\u0646\u064a"},"content":{"rendered":"<ul class=\"wp-block-list\"><li><a href=\"https:\/\/cyberlanca.com\/reseaux-sociaux\/\">Publicit\u00e9 sur notre plateforme<\/a><\/li>\n\n<li><a href=\"https:\/\/cyberlanca.com\/reseaux-sociaux\/\">Publicit\u00e9 sur les m\u00e9dias sociaux<\/a><\/li>\n\n<li><a href=\"https:\/\/cyberlanca.com\/devis-quote\/\" title=\"\">Site Web et pages de destination<\/a><\/li>\n\n<li><a href=\"https:\/\/cyberlanca.com\/pricing\">D\u00e9veloppement d&#8217;applications<\/a><\/li>\n\n<li><a href=\"https:\/\/cyberlanca.com\/google-ads-marketing\/\">Marketing publicitaire Google<\/a><\/li>\n\n<li><a href=\"https:\/\/cyberlanca.com\/email-marketing\/\">Marketing par e-mail<\/a><\/li>\n\n<li><a href=\"https:\/\/cyberlanca.com\/redaction-de-textes\/\" title=\"https:\/\/cyberlanca.com\/prospection\/\">\u0627\u0644\u062a\u0646\u0642\u064a\u0628<\/a><\/li><\/ul><p>\u0627\u0631\u0628\u062d \u0642\u0648\u0627\u0626\u0645 \u0627\u0644\u0639\u0645\u0644\u0627\u0621 \u0623\u0648 \u0642\u0645 \u0628\u0627\u0644\u062a\u0633\u062c\u064a\u0644 \u0641\u064a \u0627\u0644\u0646\u0634\u0631\u0629 \u0627\u0644\u0625\u062e\u0628\u0627\u0631\u064a\u0629<\/p><h5 class=\"wp-block-heading\">En savoir plus&nbsp;<\/h5><h2 class=\"wp-block-heading\">\u0627\u0644\u062a\u0633\u0648\u064a\u0642 \u0639\u0628\u0631 \u0627\u0644\u0628\u0631\u064a\u062f \u0627\u0644\u0625\u0644\u0643\u062a\u0631\u0648\u0646\u064a<\/h2><figure class=\"wp-block-image\"><img decoding=\"async\" src=\"https:\/\/www.publimats.be\/wp-content\/uploads\/list.svg\" alt=\"\" class=\"wp-image-35570\"\/><\/figure><p>Rentabilisez vos listes<\/p><figure class=\"wp-block-image\"><img decoding=\"async\" src=\"https:\/\/www.publimats.be\/wp-content\/uploads\/email_design.svg\" alt=\"\" class=\"wp-image-35568\"\/><\/figure><p>\u0631\u0633\u0627\u0626\u0644 \u0627\u0644\u0628\u0631\u064a\u062f \u0627\u0644\u0625\u0644\u0643\u062a\u0631\u0648\u0646\u064a \u062a\u0628\u062a\u0643\u0631 \u0637\u0631\u0642\u064b\u0627 \u0627\u062d\u062a\u0631\u0627\u0641\u064a\u0629<\/p><figure class=\"wp-block-image\"><img decoding=\"async\" src=\"https:\/\/www.publimats.be\/wp-content\/uploads\/rate.svg\" alt=\"\" class=\"wp-image-35569\"\/><\/figure><p>\u062a\u062d\u0633\u064a\u0646 \u0623\u0641\u0636\u0644 \u0627\u0644\u0641\u062a\u062d\u0627\u062a<\/p><h4 class=\"wp-block-heading\">L&#039;email n&#039;est pas mort<\/h4><p>\u064a\u062a\u0645 \u062a\u0642\u062f\u064a\u0645 \u0627\u0644\u062d\u0642\u064a\u0642\u0629 \u0625\u0644\u0649 \u0627\u0644\u0623\u062f\u0644\u0629: \u0625\u0646 \u0639\u0645\u0644\u064a\u0629 \u0641\u062a\u062d \u0631\u0633\u0627\u0626\u0644 \u0627\u0644\u0628\u0631\u064a\u062f \u0627\u0644\u0625\u0644\u0643\u062a\u0631\u0648\u0646\u064a \u0644\u064a\u0633\u062a \u0623\u0643\u062b\u0631 \u0645\u0646 \u0643\u0648\u0646\u0647\u0627 \u0642\u062f\u064a\u0645\u0629.<br>\u0648\u0646\u062a\u064a\u062c\u0629 \u0644\u0630\u0644\u0643\u060c \u0641\u064a \u0627\u0644\u0633\u0646\u0648\u0627\u062a \u0627\u0644\u062a\u0633\u0639\u064a\u0646\u060c \u0644\u0645 \u064a\u0639\u062f \u0645\u0646 \u0627\u0644\u0646\u0627\u062f\u0631 \u0627\u0644\u062d\u0635\u0648\u0644 \u0639\u0644\u0649 \u0641\u062a\u062d\u0629 \u0627\u0644\u0641\u062a\u062d \u0644\u062a\u062c\u0646\u0628 80%. \u0641\u064a \u0623\u064a\u0627\u0645\u0646\u0627 \u0647\u0630\u0647\u060c \u064a\u062a\u0645 \u0627\u0639\u062a\u0628\u0627\u0631 \u0642\u0637\u0639\u0629 \u0627\u0644\u0641\u062a\u062d \u0645\u0646 20% \u0628\u0645\u062b\u0627\u0628\u0629 \u0634\u064a\u0621 \u062c\u064a\u062f \u0644\u0644\u063a\u0627\u064a\u0629.<\/p><p><strong>\u0647\u0630\u0627 \u0644\u0627 \u064a\u0639\u0646\u064a \u0623\u0646 \u0627\u0644\u0628\u0631\u064a\u062f \u0627\u0644\u0625\u0644\u0643\u062a\u0631\u0648\u0646\u064a \u0642\u062f \u0645\u0627\u062a. \u0627\u0644\u062e\u0627\u0635\u0631\u0629 \u062f\u064a \u0644\u0627!<\/strong><br>\u0625\u0646\u0647\u0627 \u0642\u0646\u0627\u0629 \u0644\u0627 \u064a\u0645\u0643\u0646 \u0625\u0647\u0645\u0627\u0644\u0647\u0627 \u0644\u0623\u0646\u0647\u0627 \u0648\u0633\u064a\u0644\u0629 \u062c\u064a\u062f\u0629 \u0644\u062c\u0630\u0628 \u0625\u0645\u0643\u0627\u0646\u0627\u062a \u0639\u0645\u0644\u0627\u0626\u0643 \u0648\u062a\u062d\u0642\u064a\u0642 \u0627\u0644\u0645\u0628\u064a\u0639\u0627\u062a.<\/p><p>\u062c\u0645\u064a\u0639 \u0631\u0633\u0627\u0626\u0644 \u0627\u0644\u0628\u0631\u064a\u062f \u0627\u0644\u0625\u0644\u0643\u062a\u0631\u0648\u0646\u064a \u0644\u064a\u0633\u062a \u0630\u0627\u062a \u0642\u064a\u0645\u0629. Il faudra que votre email&nbsp;<strong>\u0641\u0643\u0631\u0629 \u062c\u064a\u062f\u0629 \u0648\u0643\u064a\u0641 \u064a\u062a\u0645 \u0625\u0631\u0633\u0627\u0644\u0647\u0627 \u0625\u0644\u0649 \u062c\u0645\u0647\u0648\u0631 \u00ab\u0627\u0644\u0627\u0634\u062a\u0631\u0627\u0643\u00bb<\/strong>\u060c \u0647\u0630\u0627 \u0647\u0648 \u0627\u0644\u062c\u0645\u0647\u0648\u0631 \u0627\u0644\u0630\u064a \u0633\u064a\u0633\u062c\u0644 \u0637\u0648\u0639\u064b\u0627 \u0644\u062a\u0644\u0642\u064a \u0631\u0633\u0627\u0626\u0644 \u0627\u0644\u0628\u0631\u064a\u062f \u0627\u0644\u0625\u0644\u0643\u062a\u0631\u0648\u0646\u064a \u0627\u0644\u062e\u0627\u0635\u0629 \u0628\u0643. \u0647\u0630\u0647 \u0647\u064a \u0627\u0644\u0637\u0631\u064a\u0642\u0629 \u0627\u0644\u0648\u062d\u064a\u062f\u0629 \u0644\u0644\u062d\u0635\u0648\u0644 \u0639\u0644\u0649 \u0646\u062a\u0627\u0626\u062c \u062c\u064a\u062f\u0629 \u0648\u0627\u0644\u0628\u0642\u0627\u0621 \u0628\u0634\u0643\u0644 \u0645\u0646\u062a\u0638\u0645 \u0641\u064a\u0645\u0627 \u064a\u062a\u0639\u0644\u0642 \u0628\u0627\u0644\u0642\u0627\u0646\u0648\u0646.<\/p><h4 class=\"wp-block-heading\">\u062a\u0635\u0648\u0631 \u0631\u0633\u0627\u0626\u0644 \u0627\u0644\u0628\u0631\u064a\u062f \u0627\u0644\u0625\u0644\u0643\u062a\u0631\u0648\u0646\u064a \u0641\u064a \u0648\u0636\u0639 \u0633\u0631\u064a\u0639 \u0627\u0644\u0627\u0633\u062a\u062c\u0627\u0628\u0629<\/h4><p>\u0641\u064a \u0623\u064a\u0627\u0645\u0646\u0627 \u0647\u0630\u0647\u060c \u064a\u0642\u0648\u0645 \u0627\u0644\u0639\u062f\u064a\u062f \u0645\u0646 \u0627\u0644\u0623\u0634\u062e\u0627\u0635 \u0628\u0627\u0633\u062a\u0634\u0627\u0631\u0627\u062a \u0631\u0633\u0627\u0626\u0644 \u0627\u0644\u0628\u0631\u064a\u062f \u0627\u0644\u0625\u0644\u0643\u062a\u0631\u0648\u0646\u064a \u0627\u0644\u062e\u0627\u0635\u0629 \u0628\u0647\u0645 \u0639\u0644\u0649 \u0647\u0648\u0627\u062a\u0641\u0647\u0645 \u0627\u0644\u0630\u0643\u064a\u0629.<br>\u0625\u0646 \u062d\u0642\u064a\u0642\u0629 \u0623\u0646 \u0628\u0631\u064a\u062f\u0643 \u0627\u0644\u0625\u0644\u0643\u062a\u0631\u0648\u0646\u064a \u0647\u0648 \u0643\u064a\u0641\u064a\u0629 \u0627\u0644\u062a\u0643\u064a\u0641 \u0645\u0639 \u0643\u0627\u0645\u0644 \u062d\u062c\u0645 \u0627\u0644\u0634\u0627\u0634\u0629\u060c \u0648\u0647\u0648 \u0645\u0627 \u064a\u0645\u062b\u0644 \u0647\u0627\u062a\u0641\u064b\u0627 \u0630\u0643\u064a\u064b\u0627 \u0623\u0648 \u062c\u0647\u0627\u0632\u064b\u0627 \u0644\u0648\u062d\u064a\u064b\u0627 \u0623\u0648 \u062c\u0647\u0627\u0632 \u0643\u0645\u0628\u064a\u0648\u062a\u0631.<\/p><p>\u062c\u0645\u064a\u0639 \u0631\u0633\u0627\u0626\u0644 \u0627\u0644\u0628\u0631\u064a\u062f \u0627\u0644\u0625\u0644\u0643\u062a\u0631\u0648\u0646\u064a \u0627\u0644\u062a\u064a \u0623\u0631\u0633\u0644\u0646\u0627\u0647\u0627 \u0645\u0635\u0645\u0645\u0629 \u0628\u0637\u0631\u064a\u0642\u0629 \u0633\u0631\u064a\u0639\u0629 \u0627\u0644\u0627\u0633\u062a\u062c\u0627\u0628\u0629\u060c \u0648\u0647\u0630\u0627 \u064a\u0639\u0646\u064a \u0623\u0646\u0647\u0627 \u062a\u062a\u0643\u064a\u0641 \u062a\u0644\u0642\u0627\u0626\u064a\u064b\u0627 \u0645\u0639 \u0627\u0644\u0634\u0627\u0634\u0629 \u0639\u0644\u0649 \u0627\u0644\u0631\u063a\u0645 \u0645\u0646 \u0623\u0646\u0647\u0627 \u0645\u0631\u0626\u064a\u0629. \u064a\u0633\u0645\u062d \u0647\u0630\u0627 \u0628\u062a\u0648\u0641\u064a\u0631 \u062a\u062c\u0631\u0628\u0629 \u0623\u0641\u0636\u0644 \u0644\u0644\u0645\u0633\u062a\u062e\u062f\u0645\u060c \u0645\u0645\u0627 \u064a\u0624\u062f\u064a \u0625\u0644\u0649 \u0623\u0641\u0636\u0644 \u0639\u0645\u0644\u064a\u0627\u062a \u0627\u0644\u062a\u062d\u0648\u064a\u0644.<\/p><h4 class=\"wp-block-heading\">Ce que notre service inclut<\/h4><p>\u0646\u062d\u0646 \u0646\u062a\u0642\u0627\u0636\u0649 \u0631\u0633\u0648\u0645\u064b\u0627 \u0639\u0644\u0649 \u0635\u0641\u062d\u0629 \u0627\u0644\u0628\u0631\u064a\u062f \u0627\u0644\u0625\u0644\u0643\u062a\u0631\u0648\u0646\u064a \u0627\u0644\u062e\u0627\u0635\u0629 \u0628\u0643 \u0645\u0646 \u0627\u0644\u0623\u0633\u0627\u0644\u064a\u0628 \u0627\u0644\u0645\u0647\u0646\u064a\u0629 \u0648\u0646\u0631\u0633\u0644 \u0625\u0644\u064a\u0643 \u0642\u0627\u0626\u0645\u0629 \u0627\u0644\u0639\u0646\u0627\u0648\u064a\u0646 \u0627\u0644\u062e\u0627\u0635\u0629 \u0628\u0643.<br>\u062a\u062a\u0636\u0645\u0646 \u062a\u0637\u0628\u064a\u0642\u0627\u062a\u0646\u0627 \u0627\u0633\u062a\u0631\u0627\u062a\u064a\u062c\u064a\u0629 \u00ab\u0627\u0644\u0645\u0646\u0632\u0644\u00bb \u0644\u062a\u062d\u0633\u064a\u0646 \u0639\u0645\u0644\u064a\u0629 \u0641\u062a\u062d \u0631\u0633\u0627\u0626\u0644 \u0627\u0644\u0628\u0631\u064a\u062f \u0627\u0644\u0625\u0644\u0643\u062a\u0631\u0648\u0646\u064a \u0627\u0644\u062e\u0627\u0635\u0629 \u0628\u0643.<\/p><p>\u0644\u064a\u0633 \u0645\u0646 \u0627\u0644\u0646\u0627\u062f\u0631 \u0623\u0646 \u0646\u0647\u062a\u0645 \u0628\u0637\u0628\u0642\u0627\u062a \u0627\u0644\u0641\u062a\u062d \u0645\u0646 50% \u0625\u0644\u0649 100% \u0627\u0644\u0645\u062a\u0641\u0648\u0642\u0629 \u0639\u0644\u0649 \u0645\u0627 \u064a\u0645\u0643\u0646\u0643 \u062a\u062d\u0642\u064a\u0642\u0647 \u0628\u0646\u0641\u0633\u064a!<\/p><p>\u064a\u0645\u0643\u0646\u0646\u0627 \u0623\u064a\u0636\u064b\u0627 \u0623\u0646 \u0646\u0634\u062d\u0646 \u0628\u0631\u064a\u062f\u0643 \u0627\u0644\u0625\u0644\u0643\u062a\u0631\u0648\u0646\u064a (\u062e\u064a\u0627\u0631\u064a).<\/p><p><a href=\"https:\/\/cyberlanca.com\/devis-quote\" title=\"\">\u0627\u0637\u0644\u0628 Une Offre Personalis\u00e9e<\/a><\/p><p><\/p>","protected":false},"excerpt":{"rendered":"Mettez \u00e0 profit vos listes de clients ou d\u2019inscrits \u00e0 une newsletter En savoir plus&nbsp; Email Marketing Rentabilisez vos listes Des emails con\u00e7us de mani\u00e8re professionnelle Optimisation pour de meilleurs taux d\u2019ouverture L\u2019email n\u2019est pas mort Il faut se rendre \u00e0 l\u2019\u00e9vidence: le taux d\u2019ouverture des emails n\u2019est plus ce qu\u2019il \u00e9tait \u00e0 leur \u00e2ge&#8230;","protected":false},"author":1,"featured_media":0,"parent":0,"menu_order":0,"comment_status":"closed","ping_status":"closed","template":"","meta":{"_monsterinsights_skip_tracking":false,"_monsterinsights_sitenote_active":false,"_monsterinsights_sitenote_note":"","_monsterinsights_sitenote_category":0,"_FSMCFIC_featured_image_caption":"","_FSMCFIC_featured_image_nocaption":"","_FSMCFIC_featured_image_hide":"","_bodyClasses":"","_disableContainer":false,"_hidePageHeader":false,"_headerStyle":"","_isCustomHeader":false,"_headerStaticContentID":0,"_isCustomFooter":false,"_footerStaticContentId":0,"footnotes":""},"class_list":["post-4185","page","type-page","status-publish","hentry"],"aioseo_notices":[],"jetpack_sharing_enabled":true,"_links":{"self":[{"href":"https:\/\/cyberlanca.com\/ar\/wp-json\/wp\/v2\/pages\/4185","targetHints":{"allow":["GET"]}}],"collection":[{"href":"https:\/\/cyberlanca.com\/ar\/wp-json\/wp\/v2\/pages"}],"about":[{"href":"https:\/\/cyberlanca.com\/ar\/wp-json\/wp\/v2\/types\/page"}],"author":[{"embeddable":true,"href":"https:\/\/cyberlanca.com\/ar\/wp-json\/wp\/v2\/users\/1"}],"replies":[{"embeddable":true,"href":"https:\/\/cyberlanca.com\/ar\/wp-json\/wp\/v2\/comments?post=4185"}],"version-history":[{"count":4,"href":"https:\/\/cyberlanca.com\/ar\/wp-json\/wp\/v2\/pages\/4185\/revisions"}],"predecessor-version":[{"id":4528,"href":"https:\/\/cyberlanca.com\/ar\/wp-json\/wp\/v2\/pages\/4185\/revisions\/4528"}],"wp:attachment":[{"href":"https:\/\/cyberlanca.com\/ar\/wp-json\/wp\/v2\/media?parent=4185"}],"curies":[{"name":"wp","href":"https:\/\/api.w.org\/{rel}","templated":true}]}}