{"id":4166,"date":"2025-08-29T15:49:13","date_gmt":"2025-08-29T15:49:13","guid":{"rendered":"https:\/\/cyberlanca.com\/?page_id=4166"},"modified":"2026-01-24T16:45:50","modified_gmt":"2026-01-24T16:45:50","slug":"google-ads-marketing","status":"publish","type":"page","link":"https:\/\/cyberlanca.com\/ar\/\u062a\u0633\u0648\u064a\u0642-\u0625\u0639\u0644\u0627\u0646\u0627\u062a-\u062c\u0648\u062c\u0644\/","title":{"rendered":"\u062a\u0633\u0648\u064a\u0642 \u0625\u0639\u0644\u0627\u0646\u0627\u062a \u062c\u0648\u062c\u0644"},"content":{"rendered":"<ul class=\"wp-block-list\"><li><a href=\"https:\/\/cyberlanca.com\/reseaux-sociaux\/\">Advertising on our platform<\/a><\/li>\n\n<li><a href=\"https:\/\/cyberlanca.com\/reseaux-sociaux\/\">Advertising on Soial media<\/a><\/li>\n\n<li><a href=\"https:\/\/cyberlanca.com\/redaction-de-textes\/\">Redaction de blog, ebooks, mails<\/a><\/li>\n\n<li><a href=\"https:\/\/ai.siteweb.world\/\">Site Web &amp; Landig Pages<\/a><\/li>\n\n<li><a href=\"https:\/\/cyberlanca.com\/pricing\">Development of Application<\/a><\/li>\n\n<li><a href=\"https:\/\/cyberlanca.com\/google-ads-marketing\/\">\u062a\u0633\u0648\u064a\u0642 \u0625\u0639\u0644\u0627\u0646\u0627\u062a \u062c\u0648\u062c\u0644<\/a><\/li>\n\n<li><a href=\"https:\/\/cyberlanca.com\/email-marketing\/\">\u0627\u0644\u062a\u0633\u0648\u064a\u0642 \u0639\u0628\u0631 \u0627\u0644\u0628\u0631\u064a\u062f \u0627\u0644\u0625\u0644\u0643\u062a\u0631\u0648\u0646\u064a<\/a><\/li>\n\n<li><a href=\"https:\/\/cyberlanca.com\/redaction-de-textes\/\">P<\/a><a href=\"https:\/\/cyberlanca.com\/prospection\/\" title=\"\">rospection<\/a><\/li><\/ul><p>\u0627\u0633\u062a\u0641\u062f \u0645\u0646 \u0642\u0648\u0629 Google \u0628\u0627\u0644\u0643\u0627\u0645\u0644<\/p><p>\u0627\u0644\u062a\u0633\u0648\u064a\u0642 \u0639\u0628\u0631 \u0627\u0644\u0628\u062d\u062b \u0648\u0627\u0644\u0639\u0631\u0636<\/p><p><mark style=\"background-color:rgba(0, 0, 0, 0)\" class=\"has-inline-color has-danger-color\">+ \u0628\u062d\u062b \u0627\u0644\u062d\u0645\u0644\u0627\u062a + \u0639\u0631\u0636 \u0627\u0644\u062d\u0645\u0644\u0627\u062a<\/mark><\/p><h5 class=\"wp-block-heading\"><strong>&nbsp;\u0627\u0644\u0628\u062d\u062b \u0639\u0646 \u0627\u0644\u062d\u0645\u0644\u0627\u062a<\/strong><\/h5><h2 class=\"wp-block-heading\"><strong>\u0628\u062d\u062b \u0625\u0639\u0644\u0627\u0646\u0627\u062a Google<\/strong><\/h2><p>\u0627\u0644\u0645\u0633 \u0627\u0644\u0623\u0634\u062e\u0627\u0635 \u0627\u0644\u0630\u064a\u0646 \u064a\u0628\u062d\u062b\u0648\u0646 \u0639\u0646 \u0645\u0646\u062a\u062c\u0627\u062a \u0623\u0648 \u062e\u062f\u0645\u0627\u062a \u0645\u062b\u0644 \u0645\u0646\u062a\u062c\u0627\u062a\u0646\u0627<\/p><p>\u062a\u062d\u0648\u064a\u0644\u0627\u062a \u0639\u0627\u0644\u064a\u0629 \u0627\u0644\u062c\u0648\u062f\u0629 \u0645\u0646 \u062d\u064a\u062b \u062c\u0648\u062f\u0629 \u0627\u0644\u062c\u0645\u0647\u0648\u0631<\/p><p>\u0644\u0627 \u062a\u062f\u0641\u0639 \u0639\u0646\u062f\u0645\u0627 \u064a\u0646\u0642\u0631 \u0627\u0644\u0646\u0627\u0633 \u0639\u0644\u0649 \u0625\u0639\u0644\u0627\u0646\u0643<\/p><h4 class=\"wp-block-heading\"><strong>\u062c\u0645\u0647\u0648\u0631 \u0642\u0631\u064a\u0628 \u0645\u0646 \u0627\u0644\u062a\u062d\u0648\u064a\u0644<\/strong><\/h4><p>\u0627\u0644\u062a\u0633\u0648\u064a\u0642 \u0639\u0628\u0631 \u0627\u0644\u0628\u062d\u062b \u0641\u064a \u062c\u0648\u062c\u0644\u060c <strong>anciennement appel\u00e9 Adwords<\/strong> (\u0634\u0628\u0643\u0629 \u0627\u0644\u0628\u062d\u062b)\u060c \u064a\u0645\u0643\u0646\u0643 \u0627\u0644\u0633\u0645\u0627\u062d \u0628\u0646\u0634\u0631 \u0625\u0639\u0644\u0627\u0646\u0627\u062a\u0643 <strong>\u0641\u064a \u0639\u0631\u0636 \u0627\u0644\u0646\u062a\u0627\u0626\u062c \u0639\u0644\u0649 Google \u0648YouTube<\/strong>.<\/p><p>\u0627\u0644\u0645\u0628\u062f\u0623 \u0628\u0633\u064a\u0637: \u0627\u0644\u0642\u064a\u0627\u0645 \u0628\u0627\u0644\u062a\u0631\u0648\u064a\u062c \u0644\u0645\u0646\u062a\u062c\u0627\u062a\u0643 \u0648\u062e\u062f\u0645\u0627\u062a\u0643 <strong>\u0645\u0633\u0627\u0639\u062f\u0629 \u0627\u0644\u0623\u0634\u062e\u0627\u0635 \u0627\u0644\u0630\u064a\u0646 \u064a\u0642\u0648\u0645\u0648\u0646 \u0628\u0627\u0644\u0628\u062d\u062b \u0628\u062e\u0635\u0648\u0635 \u0647\u0630\u0627 \u0627\u0644\u0645\u0648\u0636\u0648\u0639<\/strong>.<\/p><p>\u0627\u0644\u0641\u0643\u0631\u0629 \u0627\u0644\u062a\u0627\u0644\u064a\u0629 \u0644\u0647\u0630\u0647 \u0627\u0644\u0625\u0633\u062a\u0631\u0627\u062a\u064a\u062c\u064a\u0629 \u0647\u064a \u0623\u0646 \u0627\u0644\u0623\u0634\u062e\u0627\u0635 \u0627\u0644\u0630\u064a\u0646 \u064a\u0634\u0627\u0647\u062f\u0648\u0646 \u0628\u062d\u062b \u0625\u0639\u0644\u0627\u0646\u0627\u062a Google \u0645\u0648\u062c\u0648\u062f\u0648\u0646 \u0641\u064a \u0645\u0643\u0627\u0646 \u0645\u0627 <strong>\u0627\u0644\u0645\u0633\u064a\u0631\u0629 \u0627\u0644\u0646\u0634\u0637\u0629<\/strong> de recherche, et sont donc <strong>proches de l&#039;acte d&#039;achat<\/strong>.<\/p><p>\u0647\u0630\u0627 \u0647\u0648 \u0627\u0644\u062d\u0627\u0644 \u0628\u0627\u0644\u0646\u0633\u0628\u0629 \u0644\u0644\u0622\u0641\u0627\u0642 \u0627\u0644\u0645\u0633\u062a\u0642\u0628\u0644\u064a\u0629 <strong>faciles \u00e0 convertir<\/strong>.<\/p><h4 class=\"wp-block-heading\"><strong>\u0645\u062b\u0627\u0644 \u0635\u063a\u064a\u0631<\/strong><\/h4><p>\u062a\u062e\u064a\u0644 \u0623\u0646\u0643 \u062a\u0628\u064a\u0639 \u0627\u0644\u0645\u0627\u0643\u0631\u0648\u0646. \u0645\u0639 \u0625\u0639\u0644\u0627\u0646\u0627\u062a Google (Adwords)\u060c \u064a\u0645\u0643\u0646\u0643 \u0627\u0644\u062f\u0641\u0639 \u0644\u0640 Google \u0644\u0639\u0631\u0636 \u0625\u0639\u0644\u0627\u0646\u0627\u062a\u0643 <strong>\u0641\u064a \u0646\u062a\u0627\u0626\u062c \u0627\u0644\u0628\u062d\u062b<\/strong> \u0639\u0646\u062f\u0645\u0627 \u064a\u0628\u062d\u062b \u0627\u0644\u0623\u0634\u062e\u0627\u0635 \u0627\u0644\u0622\u062e\u0631\u0648\u0646 \u0639\u0646 \u00ab\u0634\u0631\u0627\u0621 \u0627\u0644\u0645\u0627\u0643\u0627\u0631\u0648\u0646\u00bb \u0623\u0648 \u00ab\u0623\u0641\u0636\u0644 \u0623\u0646\u0648\u0627\u0639 \u0627\u0644\u0645\u0627\u0643\u0631\u0648\u0646\u00bb\u060c \u0639\u0644\u0649 \u0633\u0628\u064a\u0644 \u0627\u0644\u0645\u062b\u0627\u0644.<\/p><p><strong>\u0627\u0644\u0646\u062a\u064a\u062c\u0629:<\/strong> les gens cliquent sur votre publicit\u00e9\u060c \u064a\u0635\u0644\u0648\u0646 \u0625\u0644\u0649 \u0645\u0648\u0642\u0639 \u0627\u0644\u0648\u064a\u0628 \u0627\u0644\u062e\u0627\u0635 \u0628\u0643 \u0648\u0622\u062e\u0631\u0648\u0646 <strong>d\u00e9couvrent votre produit<\/strong>.<br>\u0644\u064a\u0633 \u0623\u0643\u062b\u0631 \u0645\u0646 \u0645\u062c\u0631\u062f \u062e\u0637\u0648\u0629 \u064a\u062a\u0645 \u0639\u0631\u0636\u0647\u0627 \u0641\u064a \u0627\u0644\u0645\u062a\u062c\u0631 \u0623\u0648 \u0646\u0642\u0631\u0629 \u0648\u0627\u062d\u062f\u0629 \u0644\u0634\u0631\u0627\u0621 \u0627\u0644\u0645\u0639\u0643\u0631\u0648\u0646\u0629 \u0639\u0628\u0631 \u0627\u0644\u0625\u0646\u062a\u0631\u0646\u062a!<\/p><h4 class=\"wp-block-heading\"><strong>Nous nous occupons de tout<\/strong><\/h4><p>\u0628\u0639\u062f \u0623\u0646 \u062a\u0645 \u062a\u062d\u062f\u064a\u062f \u0645\u0646\u062a\u062c\u0627\u062a\u0643 \u0645\u0633\u0628\u0642\u064b\u0627 \u0644\u062a\u062d\u0642\u064a\u0642 \u0623\u0642\u0635\u0649 \u0627\u0633\u062a\u0641\u0627\u062f\u0629 \u0645\u0646 \u0623\u0647\u062f\u0627\u0641 \u0623\u0639\u0645\u0627\u0644\u0643\u060c \u0633\u0646\u0648\u0627\u0635\u0644 \u062a\u0646\u0641\u064a\u0630 \u062d\u0645\u0644\u0627\u062a\u0643 \u0648\u062a\u062d\u0633\u064a\u0646\u0627\u062a \u0627\u0644\u0623\u0633\u0627\u0644\u064a\u0628 \u0644\u0644\u062d\u0635\u0648\u0644 \u0639\u0644\u0649 \u0623\u0641\u0636\u0644 \u0627\u0644\u0646\u062a\u0627\u0626\u062c \u0648\u0641\u0642\u064b\u0627 \u0644\u0645\u064a\u0632\u0627\u0646\u064a\u062a\u0643.<\/p><p>\u0627\u0628\u062d\u062b \u0639\u0646 \u0627\u0644\u0643\u0644\u0645\u0627\u062a \u0627\u0644\u0631\u0626\u064a\u0633\u064a\u0629 \u0630\u0627\u062a \u0627\u0644\u0635\u0644\u0629<\/p><p>R\u00e9daction des annonces<\/p><p>Mise en place des campagnes<\/p><p>\u0645\u0648\u0627\u0635\u0644\u0629 \u0627\u0644\u062a\u062d\u0633\u064a\u0646 \u0644\u0644\u062d\u0645\u0644\u0627\u062a<\/p><p><a href=\"https:\/\/cyberlanca.com\/devis-quote\" title=\"\">\u0627\u0637\u0644\u0628 Une Offre Personalis\u00e9e<\/a><\/p><h5 class=\"wp-block-heading\"><strong>\u0639\u0631\u0636 \u0627\u0644\u062d\u0645\u0644\u0627\u062a<\/strong><\/h5><h2 class=\"wp-block-heading\"><strong>\u0639\u0631\u0636 \u0625\u0639\u0644\u0627\u0646\u0627\u062a Google<\/strong><\/h2><p>\u0642\u0645 \u0628\u0639\u0631\u0636 \u0625\u0639\u0644\u0627\u0646\u0627\u062a\u0643 \u0639\u0644\u0649 \u0623\u0643\u062b\u0631 \u0645\u0646 2 \u0645\u0644\u064a\u0648\u0646 \u0645\u0648\u0642\u0639 \u0648\u064a\u0628\u060c \u0648\u0644\u064a\u0633 Youtube \u0648gmail<\/p><p>\u062e\u0637\u0648\u0627\u062a \u062a\u062c\u062f\u064a\u062f \u0627\u0644\u0646\u0634\u0627\u0637 \u0627\u0644\u062a\u0633\u0648\u064a\u0642\u064a \u0644\u062c\u0630\u0628 \u0627\u0644\u0623\u0634\u062e\u0627\u0635 \u0627\u0644\u062c\u062f\u062f \u0627\u0644\u0630\u064a\u0646 \u064a\u0632\u0648\u0631\u0648\u0646 \u0645\u0648\u0642\u0639 \u0627\u0644\u0648\u064a\u0628 \u0627\u0644\u062e\u0627\u0635 \u0628\u0643<\/p><p>\u0627\u062e\u062a\u0631 \u0645\u0648\u0627\u0642\u0639 \u0627\u0644\u0625\u0646\u062a\u0631\u0646\u062a \u0627\u0644\u062a\u064a \u064a\u0645\u0643\u0646\u0643 \u0631\u0624\u064a\u062a\u0647\u0627<\/p><h4 class=\"wp-block-heading\"><strong>\u0634\u0628\u0643\u0629 \u0645\u0648\u0627\u0642\u0639 \u0627\u0646\u0637\u0628\u0627\u0639\u064a\u0629<\/strong><\/h4><p>\u0625\u0639\u0644\u0627\u0646\u0627\u062a Google \u0644\u064a\u0633\u062a \u0641\u0631\u064a\u062f\u0629 \u0645\u0646 \u0646\u0648\u0639\u0647\u0627 \u0639\u0644\u0649 \u0645\u0648\u0642\u0639 Google. \u062e\u0644\u0627\u0644 \u0627\u0644\u0633\u0646\u0648\u0627\u062a \u0627\u0644\u0645\u0627\u0636\u064a\u0629\u060c \u0623\u0646\u0634\u0623\u062a Google \u0634\u0628\u0643\u0629 \u0636\u062e\u0645\u0629 \u0645\u0646 \u0627\u0644\u0645\u0648\u0627\u0642\u0639 \u0627\u0644\u0645\u0634\u0627\u0631\u0643\u0629 \u0627\u0644\u062a\u064a \u064a\u0645\u0643\u0646\u0643 \u0645\u0646 \u062e\u0644\u0627\u0644\u0647\u0627 \u0646\u0634\u0631 \u0625\u0639\u0644\u0627\u0646\u0627\u062a\u0643. \u0639\u0644\u0649 \u062d\u0633\u0627\u0628 \u0627\u0644\u0635\u064a\u0627\u0646\u0629 <strong>\u0628\u0627\u0644\u0625\u0636\u0627\u0641\u0629 \u0625\u0644\u0649 \u0645\u0644\u064a\u0648\u0646\u064a \u0645\u0648\u0642\u0639 \u0648\u064a\u0628 \u0639\u0644\u0649 \u0634\u0628\u0643\u0629 Google<\/strong>.<\/p><h4 class=\"wp-block-heading\"><strong>\u0642\u0645 \u0628\u0639\u0631\u0636 \u0627\u0644\u0625\u0639\u0644\u0627\u0646\u0627\u062a \u0639\u0644\u0649 Youtube \u0648Gmail<\/strong><\/h4><p>\u062a\u062a\u064a\u062d \u0644\u0643 \u0625\u0639\u0644\u0627\u0646\u0627\u062a Google \u0623\u064a\u0636\u064b\u0627 \u0639\u0631\u0636 \u0625\u0639\u0644\u0627\u0646\u0627\u062a\u0643 <strong>sur Youtube et Gmail<\/strong>, deux des sites les plus Consult\u00e9s au monde!<\/p><p>\u062a\u062e\u064a\u0644 \u0647\u0630\u0627 \u0627\u0644\u0633\u064a\u0646\u0627\u0631\u064a\u0648 \u0627\u0644\u0635\u063a\u064a\u0631 \u0641\u064a \u0645\u062a\u062c\u0631 \u0627\u0644\u062f\u0631\u0627\u062c\u0627\u062a. Il est sp\u00e9cialis\u00e9 dans les chaussures<br>\u0627\u062a\u0635\u0644 \u0628\u0640 Cyberlanca \u0644\u0644\u062d\u0635\u0648\u0644 \u0639\u0644\u0649 \u0634\u0647\u0631\u0629 \u0627\u0644\u0639\u0644\u0627\u0645\u0629 \u0627\u0644\u062a\u062c\u0627\u0631\u064a\u0629 \u0628\u0639\u062f \u0645\u062d\u0628\u064a \u0627\u0644\u0623\u062d\u0630\u064a\u0629 \u0627\u0644\u062a\u064a \u062a\u0633\u062a\u062e\u062f\u0645 Youtube \u0648Gmail.<br>\u0646\u062d\u0646 \u0646\u0633\u062a\u0639\u062f \u0648\u0646\u0636\u0639 \u062d\u0645\u0644\u0629 <strong>qui cible les cha\u00eenes Youtube qui diffusent des vid\u00e9os de chaussures <\/strong>. \u0628\u0627\u0644\u062a\u0648\u0627\u0632\u064a\u060c \u0633\u0646\u0639\u0645\u0644 \u0639\u0644\u0649 \u0625\u0646\u0634\u0627\u0621 \u062d\u0645\u0644\u0629 Gmail \u0644\u0644\u0623\u0634\u062e\u0627\u0635 <strong>\u0645\u0645\u0627 \u064a\u062b\u064a\u0631 \u0627\u0647\u062a\u0645\u0627\u0645\u064b\u0627 \u0628\u0627\u0644\u0623\u062d\u0630\u064a\u0629<\/strong> (\u0639\u0628\u0631 \u0633\u0644\u0648\u0643\u0647\u0645 \u0639\u0628\u0631 \u0627\u0644\u0625\u0646\u062a\u0631\u0646\u062a) \u062d\u0635\u0644\u0648\u0627 \u0639\u0644\u0649 \u0625\u0639\u0644\u0627\u0646 \u0645\u0646 \u0628\u0648\u062a\u064a\u0643 \u0641\u0631\u0627\u0646\u0643\u060c <strong>Directement dans leur bo\u00eete email<\/strong>.<\/p><p><strong>\u0627\u0644\u0646\u062a\u064a\u062c\u0629: \u0644\u0645\u0633\u0629 \u0641\u0631\u0627\u0646\u0643 \u0644\u0644\u0639\u062f\u064a\u062f \u0645\u0646 \u0645\u062d\u0628\u064a \u0627\u0644\u0623\u062d\u0630\u064a\u0629 \u0627\u0644\u062a\u064a \u064a\u0645\u0643\u0646 \u0639\u0631\u0636\u0647\u0627 \u0641\u064a \u0627\u0644\u0645\u062a\u062c\u0631.<\/strong><\/p><h4 class=\"wp-block-heading\"><strong>Gardez le contr\u00f4le<\/strong><\/h4><p>\u0646\u062d\u0646 \u0644\u0627 \u0646\u0639\u0631\u0636 \u0625\u0639\u0644\u0627\u0646\u0627\u062a \u062c\u064a\u062f\u0629 \u0639\u0644\u0649 \u0623\u064a \u0645\u0648\u0642\u0639 \u0645\u0646 \u0645\u0648\u0627\u0642\u0639\u0646\u0627.<br>Nous prenons soin de n&#039;afficher vos publicit\u00e9s <strong>\u0643\u064a\u0648 \u0633\u0648\u0631 \u062f\u064a \u0627\u0644\u0645\u0648\u0627\u0636\u0639 \u0627\u0644\u062a\u064a \u062a\u062d\u062a\u0631\u0645 \u0631\u0648\u062d \u0639\u0644\u0627\u0645\u062a\u0643 \u0627\u0644\u062a\u062c\u0627\u0631\u064a\u0629<\/strong>. \u0639\u0644\u0627\u0648\u0629 \u0639\u0644\u0649 \u0630\u0644\u0643\u060c \u0644\u0627 \u062a\u0638\u0647\u0631 \u0625\u0639\u0644\u0627\u0646\u0627\u062a\u0643 \u0639\u0644\u0649 \u0627\u0644\u0645\u0648\u0627\u0642\u0639 \u0627\u0644\u062a\u064a \u062a\u062d\u062a\u0648\u064a \u0639\u0644\u0649 \u0645\u062d\u062a\u0648\u0649 \u0644\u0644\u0628\u0627\u0644\u063a\u064a\u0646 \u0623\u0648 \u064a\u062d\u062a\u0648\u064a \u0639\u0644\u0649 \u0645\u062d\u062a\u0648\u0649 \u0645\u062b\u064a\u0631 \u0644\u0644\u062c\u062f\u0644.<\/p><p>\u064a\u0645\u0643\u0646\u0646\u0627 \u0623\u0646 \u0646\u0638\u0647\u0631 \u0623\u0643\u062b\u0631 \u0645\u0646 \u0623\u064a \u0648\u0642\u062a \u0645\u0636\u0649 \u0641\u064a \u0639\u062f\u0645 \u0639\u0631\u0636 \u0625\u0639\u0644\u0627\u0646\u0627\u062a\u0643 \u0639\u0644\u0649 \u0627\u0644\u0645\u0648\u0627\u0642\u0639 <strong>\u0644\u0627 \u064a\u0642\u062a\u0635\u0631 \u0627\u0644\u0645\u062d\u062a\u0648\u0649 \u0639\u0644\u0649 \u0646\u0634\u0627\u0637\u0643<\/strong>. \u0627\u0644\u0625\u0645\u0643\u0627\u0646\u064a\u0627\u062a \u0647\u0627\u0626\u0644\u0629!<\/p><h4 class=\"wp-block-heading\"><strong>\u0627\u0644\u0645\u0633 \u0632\u0648\u0627\u0631 \u0645\u0648\u0642\u0639\u0643 \u0639\u0644\u0649 \u0627\u0644\u0625\u0646\u062a\u0631\u0646\u062a<\/strong><\/h4><p>\u0628\u0641\u0636\u0644 \u062a\u062c\u062f\u064a\u062f \u0627\u0644\u0646\u0634\u0627\u0637 \u0627\u0644\u062a\u0633\u0648\u064a\u0642\u064a\u060c \u064a\u0645\u0643\u0646\u0643 \u0646\u0634\u0631 \u0625\u0639\u0644\u0627\u0646\u0627\u062a\u0643 <strong>\u0627\u0644\u0623\u0634\u062e\u0627\u0635 \u0627\u0644\u0630\u064a\u0646 \u0642\u0627\u0645\u0648\u0627 \u0628\u0627\u0644\u0641\u0639\u0644 \u0628\u0632\u064a\u0627\u0631\u0629 \u0645\u0648\u0642\u0639 \u0627\u0644\u0648\u064a\u0628 \u0627\u0644\u062e\u0627\u0635 \u0628\u0643<\/strong>\u060c \u0643\u0645\u0627 \u0623\u0646\u0647\u0627 \u062a\u062a\u0628\u0639 \u0645\u062a\u0635\u0641\u062d\u064a \u0645\u0648\u0627\u0642\u0639 \u0623\u062e\u0631\u0649.<\/p><p>\u062a\u062e\u064a\u0644 \u0623\u0646 \u0634\u062e\u0635\u064b\u0627 \u0645\u0627 \u064a\u0632\u0648\u0631 \u0646\u0645\u0648\u0630\u062c\u064b\u0627 \u0645\u062d\u062f\u062f\u064b\u0627 \u0644\u0644\u0623\u062d\u0630\u064a\u0629 \u0639\u0644\u0649 \u0645\u0648\u0642\u0639 Franck.<\/p><p>\u064a\u0645\u0643\u0646\u0646\u0627 \u0623\u0646 \u0646\u0637\u0644\u0628 \u0625\u0639\u0644\u0627\u0646\u064b\u0627 \u0645\u0639 \u0627\u0644\u0647\u064a\u0643\u0644 \u0627\u0644\u0630\u064a \u0646\u0637\u0631\u062d\u0647\u060c \u062d\u062a\u0649 \u0646\u062a\u0645\u0643\u0646 \u0645\u0646 \u0632\u064a\u0627\u0631\u0629 \u0645\u0648\u0642\u0639 Google \u0627\u0644\u0634\u0631\u064a\u0643!<\/p><p>Cette technique est utilis\u00e9e <strong>Par tous les grands noms de la vente en ligne<\/strong> \u0648\u0627\u0644\u0645\u064a\u0644 \u0625\u0644\u0649 \u0632\u064a\u0627\u062f\u0629 \u062c\u0648\u0647\u0631\u064a\u0629 \u0641\u064a \u0639\u0645\u0644\u064a\u0629 \u0627\u0644\u062a\u062d\u0648\u064a\u0644.<\/p><p><a href=\"https:\/\/cyberlanca.com\/devis-quote\" title=\"\">\u0627\u0637\u0644\u0628 Une Offre Personalis\u00e9e<\/a><\/p>","protected":false},"excerpt":{"rendered":"Profitez de toute la puissance de Google Search &amp; Display marketing + Campagnes search+ Campagnes display &nbsp;Campagnes Search Google Ads Search Touchez les gens qui sont \u00e0 la recherche de produits ou services tels que les v\u00f4tres Des taux de conversion tr\u00e8s \u00e9lev\u00e9s du fait de la qualit\u00e9 de l\u2019audience Ne payez que quand les&#8230;","protected":false},"author":1,"featured_media":0,"parent":0,"menu_order":0,"comment_status":"closed","ping_status":"closed","template":"","meta":{"_monsterinsights_skip_tracking":false,"_monsterinsights_sitenote_active":false,"_monsterinsights_sitenote_note":"","_monsterinsights_sitenote_category":0,"_FSMCFIC_featured_image_caption":"","_FSMCFIC_featured_image_nocaption":"","_FSMCFIC_featured_image_hide":"","_bodyClasses":"","_disableContainer":false,"_hidePageHeader":false,"_headerStyle":"","_isCustomHeader":false,"_headerStaticContentID":0,"_isCustomFooter":false,"_footerStaticContentId":0,"footnotes":""},"class_list":["post-4166","page","type-page","status-publish","hentry"],"aioseo_notices":[],"jetpack_sharing_enabled":true,"_links":{"self":[{"href":"https:\/\/cyberlanca.com\/ar\/wp-json\/wp\/v2\/pages\/4166","targetHints":{"allow":["GET"]}}],"collection":[{"href":"https:\/\/cyberlanca.com\/ar\/wp-json\/wp\/v2\/pages"}],"about":[{"href":"https:\/\/cyberlanca.com\/ar\/wp-json\/wp\/v2\/types\/page"}],"author":[{"embeddable":true,"href":"https:\/\/cyberlanca.com\/ar\/wp-json\/wp\/v2\/users\/1"}],"replies":[{"embeddable":true,"href":"https:\/\/cyberlanca.com\/ar\/wp-json\/wp\/v2\/comments?post=4166"}],"version-history":[{"count":8,"href":"https:\/\/cyberlanca.com\/ar\/wp-json\/wp\/v2\/pages\/4166\/revisions"}],"predecessor-version":[{"id":4526,"href":"https:\/\/cyberlanca.com\/ar\/wp-json\/wp\/v2\/pages\/4166\/revisions\/4526"}],"wp:attachment":[{"href":"https:\/\/cyberlanca.com\/ar\/wp-json\/wp\/v2\/media?parent=4166"}],"curies":[{"name":"wp","href":"https:\/\/api.w.org\/{rel}","templated":true}]}}