{"id":4156,"date":"2025-08-28T06:26:41","date_gmt":"2025-08-28T06:26:41","guid":{"rendered":"https:\/\/cyberlanca.com\/?page_id=4156"},"modified":"2026-01-24T17:28:28","modified_gmt":"2026-01-24T17:28:28","slug":"reseaux-sociaux","status":"publish","type":"page","link":"https:\/\/cyberlanca.com\/ar\/\u0627\u0644\u0634\u0628\u0643\u0627\u062a-\u0627\u0644\u0627\u062c\u062a\u0645\u0627\u0639\u064a\u0629\/","title":{"rendered":"\u0627\u0644\u0634\u0628\u0643\u0627\u062a \u0627\u0644\u0627\u062c\u062a\u0645\u0627\u0639\u064a\u0629"},"content":{"rendered":"<ul class=\"wp-block-list\"><li><a href=\"https:\/\/cyberlanca.com\/reseaux-sociaux\/\">Advertising on our platform<\/a><\/li>\n\n<li><a href=\"https:\/\/cyberlanca.com\/reseaux-sociaux\/\">Advertising on Soial media<\/a><\/li>\n\n<li><a href=\"https:\/\/cyberlanca.com\/redaction-de-textes\/\">Redaction de blog, ebooks, mails<\/a><\/li>\n\n<li><a href=\"https:\/\/ai.siteweb.world\/\">Site Web &amp; Landig Pages<\/a><\/li>\n\n<li><a href=\"https:\/\/cyberlanca.com\/pricing\">Development of Application<\/a><\/li>\n\n<li><a href=\"https:\/\/cyberlanca.com\/google-ads-marketing\/\">\u062a\u0633\u0648\u064a\u0642 \u0625\u0639\u0644\u0627\u0646\u0627\u062a \u062c\u0648\u062c\u0644<\/a><\/li>\n\n<li><a href=\"https:\/\/cyberlanca.com\/email-marketing\/\">\u0627\u0644\u062a\u0633\u0648\u064a\u0642 \u0639\u0628\u0631 \u0627\u0644\u0628\u0631\u064a\u062f \u0627\u0644\u0625\u0644\u0643\u062a\u0631\u0648\u0646\u064a<\/a><\/li>\n\n<li><a href=\"https:\/\/cyberlanca.com\/redaction-de-textes\/\">P<\/a><a href=\"https:\/\/cyberlanca.com\/prospection\/\" title=\"\">rospection<\/a><\/li><\/ul><p>\u062d\u0645\u0644\u0627\u062a cibl\u00e9es \u0639\u0644\u0649 \u0627\u0644\u0634\u0628\u0643\u0627\u062a \u0627\u0644\u0627\u062c\u062a\u0645\u0627\u0639\u064a\u0629<\/p><p>\u0641\u064a\u0633\u0628\u0648\u0643 \u2013 \u0625\u0646\u0633\u062a\u063a\u0631\u0627\u0645 \u2013 \u062a\u064a\u0643 \u062a\u0648\u0643 \u2013 \u0633\u0646\u0627\u0628 \u0634\u0627\u062a \u2013 \u0644\u064a\u0646\u0643\u062f\u0625\u0646<\/p><p><mark style=\"background-color:rgba(0, 0, 0, 0)\" class=\"has-inline-color has-danger-color\">+ \u0627\u0644\u0639\u0644\u0627\u0645\u0627\u062a \u0627\u0644\u062a\u062c\u0627\u0631\u064a\u0629 \u0648\u0627\u0644\u0634\u0647\u0631\u0629+ \u0627\u0644\u0641\u062a\u062d\u0627\u062a \u0648\u0627\u0644\u0622\u0641\u0627\u0642<\/mark><\/p><h5 class=\"wp-block-heading\"><strong>\u0627\u0644\u0639\u0644\u0627\u0645\u0627\u062a \u0627\u0644\u062a\u062c\u0627\u0631\u064a\u0629 \u0648\u0627\u0644\u0634\u0647\u0631\u0629<\/strong><\/h5><h2 class=\"wp-block-heading\"><strong>\u0627\u0644\u0639\u0644\u0627\u0645\u0629 \u0627\u0644\u062a\u062c\u0627\u0631\u064a\u0629 \u0627\u0644\u0627\u062c\u062a\u0645\u0627\u0639\u064a\u0629<\/strong><\/h2><h4 class=\"wp-block-heading\"><strong>Gagnez en notori\u00e9t\u00e9<\/strong><\/h4><h4 class=\"wp-block-heading\"><strong>\u0627\u0644\u0631\u0627\u062d\u0629 \u0641\u064a \u0631\u0648\u062d \u0627\u0644\u0645\u0633\u062a\u0647\u0644\u0643<\/strong><\/h4><h4 class=\"wp-block-heading\"><strong>\u0627\u0631\u0628\u0637 \u0627\u0644\u0645\u0634\u0627\u0639\u0631 \u0627\u0644\u0645\u062d\u062f\u062f\u0629 \u0628\u0639\u0644\u0627\u0645\u062a\u0643 \u0627\u0644\u062a\u062c\u0627\u0631\u064a\u0629<\/strong><\/h4><h4 class=\"wp-block-heading\"><strong>\u0644\u064a\u0633 \u0645\u0646 \u0627\u0644\u0633\u0647\u0644 \u062c\u062f\u064b\u0627 \u0645\u0634\u0627\u0631\u0643\u0629 \u0627\u0644\u0623\u0641\u0643\u0627\u0631<\/strong><\/h4><p>\u0645\u0646 \u062e\u0644\u0627\u0644 \u0639\u062f\u062f \u0642\u0644\u064a\u0644 \u0645\u0646 \u0627\u0644\u0646\u0642\u0631\u0627\u062a\u060c \u064a\u0638\u0644 \u0627\u0644\u0623\u0634\u062e\u0627\u0635 \u0642\u0627\u062f\u0631\u064a\u0646 \u0639\u0644\u0649 \u0627\u0644\u0645\u0634\u0627\u0631\u0643\u0629 \u0645\u0639 \u062c\u0645\u064a\u0639 \u062c\u0647\u0627\u062a \u0627\u0644\u0627\u062a\u0635\u0627\u0644 \u0627\u0644\u062e\u0627\u0635\u0629 \u0628\u0647\u0645 \u0628\u0635\u0648\u0631 \u062d\u064a\u0627\u062a\u0647\u0645 \u0627\u0644\u064a\u0648\u0645\u064a\u0629\u060c \u0648\u0627\u0644\u0645\u0642\u0627\u0644\u0627\u062a \u0627\u0644\u062a\u064a \u062a\u062c\u062f\u0647\u0627 \u0645\u062b\u064a\u0631\u0629 \u0644\u0644\u0627\u0647\u062a\u0645\u0627\u0645\u060c \u0628\u0627\u0644\u0625\u0636\u0627\u0641\u0629 \u0625\u0644\u0649 \u0627\u0644\u0645\u062d\u062a\u0648\u0649 \u0627\u0644\u0645\u0635\u062f\u0631 \u0645\u0646 \u0627\u0644\u0639\u0644\u0627\u0645\u0627\u062a \u0627\u0644\u062a\u062c\u0627\u0631\u064a\u0629 \u0627\u0644\u0645\u0641\u0636\u0644\u0629 \u0644\u062f\u064a\u0647\u0645.<\/p><p>\u064a\u0645\u062b\u0644 \u0647\u0630\u0627 \u0641\u0631\u0635\u0629 \u062c\u064a\u062f\u0629 \u0644\u0644\u0634\u0631\u0643\u0627\u062a \u0644\u0643\u0633\u0628 \u0627\u0644\u0631\u0624\u064a\u0629 \u0648\u062a\u0646\u0634\u064a\u0637 \u0645\u0627 \u064a\u0645\u062b\u0644\u0647 \u00ab\u0627\u0644\u0647\u062f\u0641 \u0627\u0644\u0641\u0636\u064a\u0644\u00bb \u0645\u0646 \u0627\u0644\u0634\u0628\u0643\u0627\u062a \u0627\u0644\u0627\u062c\u062a\u0645\u0627\u0639\u064a\u0629. \u0625\u0646 \u0627\u0644\u0625\u062f\u0627\u0631\u0629 \u0627\u0644\u062c\u064a\u062f\u0629 \u0644\u0644\u0634\u0628\u0643\u0627\u062a \u0627\u0644\u0627\u062c\u062a\u0645\u0627\u0639\u064a\u0629 \u0647\u064a \u0623\u0645\u0631 \u0628\u062f\u0627\u0626\u064a.<\/p><p>\u0645\u0646 \u062e\u0644\u0627\u0644 \u062a\u0635\u0641\u062d \u0627\u0644\u0645\u062d\u062a\u0648\u0649 \u0627\u0644\u0635\u063a\u064a\u0631 \u0627\u0644\u0645\u062a\u0646\u0648\u0639 \u0648\u0625\u0646\u0634\u0627\u0621\u0647 \u062e\u0635\u064a\u0635\u064b\u0627 \u0644\u064a\u062a\u0648\u0627\u0641\u0642 \u0645\u0639 \u062c\u0645\u0647\u0648\u0631\u0643\u060c \u0646\u0648\u0633\u0639 \u0634\u0647\u0631\u0629 \u0639\u0644\u0627\u0645\u062a\u0643 \u0627\u0644\u062a\u062c\u0627\u0631\u064a\u0629.<\/p><p><strong>\u0627\u0644\u0646\u062a\u064a\u062c\u0629:<\/strong> \u0645\u0646 \u062e\u0644\u0627\u0644 \u0627\u062c\u062a\u064a\u0627\u0632 \u0625\u062f\u0627\u0631\u0629 \u0627\u0644\u0634\u0628\u0643\u0627\u062a \u0627\u0644\u0627\u062c\u062a\u0645\u0627\u0639\u064a\u0629 \u0627\u0644\u0645\u062b\u0627\u0644\u064a\u0629\u060c \u0628\u0627\u0644\u0625\u0636\u0627\u0641\u0629 \u0625\u0644\u0649 \u0627\u0644\u0623\u0634\u062e\u0627\u0635 \u0627\u0644\u0630\u064a\u0646 \u0644\u062f\u064a\u0647\u0645 \u0627\u0644\u0645\u0639\u0631\u0641\u0629 \u0648\u0627\u0644\u062a\u0641\u0643\u064a\u0631 \u0639\u0646\u062f\u0645\u0627 \u064a\u062a\u0639\u064a\u0646 \u0639\u0644\u064a\u0643 \u0627\u0644\u0645\u0631\u0648\u0631 \u0625\u0644\u0649 \u0627\u0644\u062f\u0631\u062f\u0634\u0629!<\/p><h4 class=\"wp-block-heading\"><strong>\u0627\u0633\u062a\u0631\u062e\u0650 \u0641\u064a \u0631\u0648\u062d \u0639\u0645\u0644\u0627\u0626\u0643 \u0627\u0644\u0645\u062d\u062a\u0645\u0644\u064a\u0646<\/strong><\/h4><p>\u0641\u064a \u0627\u0644\u0628\u064a\u0626\u0629 \u0627\u0644\u062d\u0627\u0644\u064a\u0629 \u0627\u0644\u0645\u062a\u0632\u0627\u0645\u0646\u0629 \u0644\u0644\u063a\u0627\u064a\u0629\u060c \u064a\u062c\u0628 \u0623\u0646 \u062a\u0628\u0630\u0644 \u062c\u0647\u062f\u064b\u0627 \u0644\u0643\u0633\u0628 \u0645\u0643\u0627\u0646\u0643 \u0641\u064a \u0631\u0648\u062d \u0627\u0644\u0645\u0633\u062a\u0647\u0644\u0643\u064a\u0646. \u0625\u0646\u0647 \u0623\u0645\u0631 \u0623\u0633\u0627\u0633\u064a \u0644\u0625\u0646\u062a\u0627\u062c \u062a\u062f\u0641\u0642 \u0645\u062d\u062a\u0648\u0649 \u0645\u0646\u062a\u0638\u0645\u060c \u0648\u0645\u0627 \u0625\u0644\u0649 \u0630\u0644\u0643\u060c \u0639\u0644\u0649 \u0645\u062f\u0649 \u0641\u062a\u0631\u0629 \u0637\u0648\u064a\u0644\u0629 \u0645\u0646 \u0627\u0644\u0632\u0645\u0646.<\/p><p>\u0647\u0630\u0627 \u0647\u0648 \u0628\u0627\u0644\u0636\u0628\u0637 \u0645\u0627 \u064a\u0645\u062b\u0644 \u062e\u062f\u0645\u0629 \u0627\u0644\u0639\u0644\u0627\u0645\u0627\u062a \u0627\u0644\u062a\u062c\u0627\u0631\u064a\u0629 \u0627\u0644\u0627\u062c\u062a\u0645\u0627\u0639\u064a\u0629.<br>\u0646\u0642\u0648\u0645 \u0628\u0625\u0646\u0634\u0627\u0621 \u0645\u062d\u062a\u0648\u0649 \u0643\u0644 \u0623\u0633\u0628\u0648\u0639 \u0644\u0644\u0646\u0634\u0631 \u0639\u0644\u0649 \u0634\u0628\u0643\u062a\u0643 \u0627\u0644\u0627\u062c\u062a\u0645\u0627\u0639\u064a\u0629:<\/p><p>\u0639\u0631\u0636 \u0627\u0644\u0645\u0646\u062a\u062c\u0627\u062a\/\u0627\u0644\u062e\u062f\u0645\u0627\u062a \u0627\u0644\u062e\u0627\u0635\u0629 \u0628\u0643<\/p><p>\u0627\u0644\u0623\u062d\u062f\u0627\u062b<\/p><p>\u0643\u0646 \u0645\u0642\u062f\u0645\u064b\u0627 \u0639\u0644\u0649 \u0642\u064a\u0645 \u0627\u0644\u0645\u0624\u0633\u0633\u0629<\/p><p>\u0627\u0644\u0645\u0632\u0627\u064a\u0627 \u0627\u0644\u0645\u062a\u0632\u0627\u0645\u0646\u0629<\/p><p>\u0645\u0633\u0627\u0628\u0642\u0629<\/p><h4 class=\"wp-block-heading\"><strong>\u0625\u062f\u0627\u0631\u0629 \u0627\u0644\u0634\u0628\u0643\u0627\u062a \u0627\u0644\u0627\u062c\u062a\u0645\u0627\u0639\u064a\u0629 \u0628\u0642\u064a\u0627\u0633<\/strong><\/h4><p>\u064a\u062a\u0643\u064a\u0641 \u0645\u062f\u0631\u0627\u0621 \u0627\u0644\u0645\u062c\u062a\u0645\u0639 \u0645\u0639 \u0623\u0633\u0644\u0648\u0628\u0647\u0645 \u0641\u064a \u0627\u0644\u062a\u062d\u0631\u064a\u0631 \u0645\u0646 \u0623\u062c\u0644 \u0627\u0644\u062a\u0648\u0627\u0641\u0642 \u0645\u0639 \u0627\u0644\u0645\u062e\u0637\u0637 \u0627\u0644\u062a\u062d\u0631\u064a\u0631\u064a \u0644\u0645\u0624\u0633\u0633\u062a\u0643.<\/p><p>\u0625\u0630\u0627 \u0644\u0645 \u064a\u0643\u0646 \u0644\u062f\u064a\u0643 \u0645\u062e\u0637\u0637 \u062a\u062d\u0631\u064a\u0631\u064a\u060c \u0641\u0644\u0646 \u062a\u0634\u0639\u0631 \u0628\u0627\u0644\u0630\u0639\u0631! \u062a\u0642\u0648\u0645 \u0645\u0624\u0633\u0633\u062a\u0646\u0627 \u0628\u062a\u062c\u0645\u064a\u0639 \u0623\u0633\u0644\u0648\u0628 \u0627\u0644\u062a\u062d\u0631\u064a\u0631 \u0627\u0644\u0645\u0646\u0627\u0633\u0628 \u0639\u0644\u0649 \u0623\u0633\u0627\u0633 \u0627\u0644\u0635\u0648\u0631\u0629 \u0627\u0644\u062a\u064a \u062a\u0631\u063a\u0628 \u0641\u064a \u0631\u0628\u0637\u0647\u0627 \u0628\u0634\u0631\u0643\u062a\u0643 \u0648\u0628\u0639\u062f \u0627\u0644\u0634\u0628\u0643\u0627\u062a \u0627\u0644\u0627\u062c\u062a\u0645\u0627\u0639\u064a\u0629 \u0627\u0644\u062a\u064a \u062a\u062e\u062a\u0627\u0631\u0647\u0627: \u0644\u0627 \u064a\u0646\u0628\u063a\u064a \u0644\u0625\u0639\u0644\u0627\u0646 Facebook \u0623\u0646 \u064a\u062a\u0635\u0648\u0631 \u0646\u0641\u0633 \u0637\u0631\u064a\u0642\u0629 \u0625\u0639\u0644\u0627\u0646 Instagram.<\/p><p>\u0623\u0633\u0644\u0648\u0628 \u062c\u062f\u064a \u0648\u0645\u062d\u062a\u0631\u0641\u060c \u0627\u062d\u062a\u0631\u0627\u0641\u064a \u0623\u0643\u062b\u0631 \u062b\u0628\u0627\u062a\u064b\u0627\u060c \u0641\u0643\u0627\u0647\u064a\u064b\u0627\u060c \u0645\u0644\u0647\u0645\u064b\u0627... \u0627\u062e\u062a\u0631\u0646\u0627 \u0644\u0643\u060c \u0646\u062d\u0646 \u0645\u062a\u0643\u064a\u0641\u0648\u0646!<\/p><h4 class=\"wp-block-heading\"><strong>\u062f\u0639\u0627\u064a\u0629 \u0644\u0644\u0645\u064a\u0632\u0627\u0646\u064a\u0629<\/strong><\/h4><p>\u0646\u062d\u0646 \u0646\u062f\u064a\u0631 \u0623\u064a\u0636\u064b\u0627 \u0625\u0639\u0644\u0627\u0646\u0627\u062a \u0627\u0644\u0645\u064a\u0632\u0627\u0646\u064a\u0629 \u0627\u0644\u0645\u062e\u0635\u0635\u0629 \u0644\u062d\u0645\u0644\u0627\u062a\u0643 \u0639\u0644\u0649 \u0648\u0633\u0627\u0626\u0644 \u0627\u0644\u062a\u0648\u0627\u0635\u0644 \u0627\u0644\u0627\u062c\u062a\u0645\u0627\u0639\u064a.<\/p><p>\u0645\u0646 \u0623\u062c\u0644 \u0643\u0644 \u0645\u0646\u0634\u0648\u0631\u060c \u0646\u0642\u0648\u0645 \u0628\u0625\u0639\u062f\u0627\u062f \u0645\u0644\u0641 \u062a\u0639\u0631\u064a\u0641 \u062f\u0642\u064a\u0642 \u0644\u0644\u062c\u0645\u0647\u0648\u0631 \u0627\u0644\u0645\u062b\u0627\u0644\u064a \u0644\u0644\u0648\u0635\u0648\u0644 \u0625\u0644\u0649 \u0627\u0644\u0634\u0628\u0643\u0627\u062a \u0627\u0644\u0627\u062c\u062a\u0645\u0627\u0639\u064a\u0629. \u0647\u0646\u0627\u0643 \u0627\u0644\u0639\u062f\u064a\u062f \u0645\u0646 \u0645\u0639\u0627\u064a\u064a\u0631 \u0627\u0644\u062a\u0642\u0633\u064a\u0645 \u0627\u0644\u0645\u0645\u0643\u0646\u0629:<\/p><p>Ciblage g\u00e9ographique<\/p><p>\u00c2ge et sexe de l&#039;audience<\/p><p>Centres d&#039;int\u00e9r\u00eat<\/p><p>\u0633\u0644\u0648\u0643 \u0632\u064a\u0627\u0631\u0629 \u0645\u0648\u0642\u0639 \u0627\u0644\u0648\u064a\u0628 \u0627\u0644\u062e\u0627\u0635 \u0628\u0643<\/p><p>Langue parl\u00e9e par l&#039;audience<\/p><h4 class=\"wp-block-heading\"><strong>\u0627\u0644\u0634\u0628\u0643\u0627\u062a \u0627\u0644\u0627\u062c\u062a\u0645\u0627\u0639\u064a\u0629 \u0627\u0644\u062a\u064a \u0646\u0633\u062a\u062e\u062f\u0645\u0647\u0627<\/strong><\/h4><p>\u062a\u0639\u062a\u0645\u062f \u0627\u0644\u0627\u0633\u062a\u0631\u0627\u062a\u064a\u062c\u064a\u0627\u062a \u0627\u0644\u062a\u064a \u0646\u0642\u062a\u0631\u062d\u0647\u0627 \u0639\u0644\u0649 \u0623\u0647\u062f\u0627\u0641 \u0639\u0645\u0644\u0643.<br>\u0628\u0646\u0627\u0621\u064b \u0639\u0644\u0649 \u0630\u0644\u0643\u060c \u064a\u0645\u0643\u0646\u0646\u0627 \u0645\u0633\u0627\u0639\u062f\u062a\u0643 \u0641\u064a \u0627\u0642\u062a\u0631\u0627\u062d \u062d\u0645\u0644\u0627\u062a \u0639\u0644\u0649 Facebook \u0648Instagram \u0648TikTok \u0648Snapchat \u0648Youtube \u0648\u0645\u0627 \u0625\u0644\u0649 \u0630\u0644\u0643.<\/p><h4 class=\"wp-block-heading\">Nous y diffusons plus de <strong>10.000<\/strong> publications chaque ann\u00e9e !<\/h4><p><a href=\"https:\/\/www.cyberlanca.com\/devis\" title=\"\">\u062f\u064a<\/a><a href=\"https:\/\/cyberlanca.com\/devis-quote\/\" title=\"\">mander Un Offre Personalis\u00e9e<\/a><\/p><p><\/p>","protected":false},"excerpt":{"rendered":"Des campagnes cibl\u00e9es sur les r\u00e9seaux sociaux Facebook \u2013 Instagram \u2013 TikTok \u2013 Snapchat&nbsp;&#8211; Linkedin + BRANDING &amp; NOTORI\u00c9T\u00c9+ VENTES &amp; PROSPECTS Branding &amp; Notori\u00e9t\u00e9 Social Branding Gagnez en notori\u00e9t\u00e9 Restez dans l&#8217;esprit du consommateur Associez des sentiments sp\u00e9cifiques \u00e0 votre marque Il n\u2019a jamais \u00e9t\u00e9 aussi facile de partager des id\u00e9es En quelques clics,&#8230;","protected":false},"author":1,"featured_media":0,"parent":0,"menu_order":0,"comment_status":"closed","ping_status":"closed","template":"","meta":{"_monsterinsights_skip_tracking":false,"_monsterinsights_sitenote_active":false,"_monsterinsights_sitenote_note":"","_monsterinsights_sitenote_category":0,"_FSMCFIC_featured_image_caption":"","_FSMCFIC_featured_image_nocaption":"","_FSMCFIC_featured_image_hide":"","_bodyClasses":"","_disableContainer":false,"_hidePageHeader":false,"_headerStyle":"","_isCustomHeader":false,"_headerStaticContentID":0,"_isCustomFooter":false,"_footerStaticContentId":0,"footnotes":""},"class_list":["post-4156","page","type-page","status-publish","hentry"],"aioseo_notices":[],"jetpack_sharing_enabled":true,"_links":{"self":[{"href":"https:\/\/cyberlanca.com\/ar\/wp-json\/wp\/v2\/pages\/4156","targetHints":{"allow":["GET"]}}],"collection":[{"href":"https:\/\/cyberlanca.com\/ar\/wp-json\/wp\/v2\/pages"}],"about":[{"href":"https:\/\/cyberlanca.com\/ar\/wp-json\/wp\/v2\/types\/page"}],"author":[{"embeddable":true,"href":"https:\/\/cyberlanca.com\/ar\/wp-json\/wp\/v2\/users\/1"}],"replies":[{"embeddable":true,"href":"https:\/\/cyberlanca.com\/ar\/wp-json\/wp\/v2\/comments?post=4156"}],"version-history":[{"count":7,"href":"https:\/\/cyberlanca.com\/ar\/wp-json\/wp\/v2\/pages\/4156\/revisions"}],"predecessor-version":[{"id":4530,"href":"https:\/\/cyberlanca.com\/ar\/wp-json\/wp\/v2\/pages\/4156\/revisions\/4530"}],"wp:attachment":[{"href":"https:\/\/cyberlanca.com\/ar\/wp-json\/wp\/v2\/media?parent=4156"}],"curies":[{"name":"wp","href":"https:\/\/api.w.org\/{rel}","templated":true}]}}